{"id":135719,"date":"2022-10-13T08:53:52","date_gmt":"2022-10-13T06:53:52","guid":{"rendered":"http:\/\/dev.claret.cat\/producte\/jujol-gaudi\/"},"modified":"2023-01-28T02:09:51","modified_gmt":"2023-01-28T01:09:51","slug":"jujol-gaudi-9788484788362","status":"publish","type":"product","link":"https:\/\/www.claret.cat\/es\/libro\/jujol-gaudi-9788484788362\/","title":{"rendered":"JUJOL &amp; GAUD\u00cd"},"content":{"rendered":"<p>La intervenci\u00f3 de Josep Maria Jujol als edi cis d&#8221;Antoni Gaud\u00ed va marcar un abans i un despr\u00e9s en l&#8221;obra gaudiniana de manera decisiva. El fill de Jujol, Jos\u00e9 Ma Jujol junior, en aquest llibre, retrata les relacions personals i art\u00edstiques dels dos genials arquitectes al llarg dels 20 anys de col\u00b7laboraci\u00f3, iniciada a la fa\u00e7ana principal de la Casa Batll\u00f3, el 1906, i que va aca- bar de forma tr\u00e0gica per la mort accidental de Gaud\u00ed el 1926. Gr\u00e0cies al seu treball de re- cerca tant de fonts directes (el seu pare mateix, entrevistes amb ajudants i deixebles de Gaud\u00ed&#8230;) com documentals, pot assenyalar i posar en valor les intervencions determinants de Jujol en l&#8221;obra de Gaud\u00ed, i per les quals (gra smes de en\u00e8rgica vibraci\u00f3, \u00abtempesta crom\u00e0tica\u00bb de gran pot\u00e8ncia i liris- me, avantguardistes collages en el trencad\u00eds&#8230;) s&#8221;identi quen avui moltes creacions de Gaud\u00ed.<\/p>\n","protected":false},"excerpt":{"rendered":"<p>PLA BOADA, RICARD \/ VIVAS ORTIZ, PERE \/ JUJOL GIBERT, JOSEP M<\/p>\n","protected":false},"featured_media":135720,"template":"","meta":{"_acf_changed":false,"om_disable_all_campaigns":false,"rs_blank_template":"","rs_page_bg_color":"","slide_template_v7":"","inline_featured_image":false,"_monsterinsights_skip_tracking":false,"_monsterinsights_sitenote_active":false,"_monsterinsights_sitenote_note":"","_monsterinsights_sitenote_category":0},"product_brand":[],"product_cat":[110],"product_tag":[],"class_list":{"0":"post-135719","1":"product","2":"type-product","3":"status-publish","4":"has-post-thumbnail","6":"product_cat-art","8":"first","9":"instock","10":"taxable","11":"shipping-taxable","12":"purchasable","13":"product-type-simple"},"acf":{"autor":"PLA BOADA, RICARD \/ VIVAS ORTIZ, PERE \/ JUJOL GIBERT, JOSEP M","codart":"848478836","libros-coleccion":"S\u00e8rie 2","ediciones":"1","encuadernacion":"R\u00fastica","fecha_de_publicacion":"01\/01\/2019","novedad":"1","paginas":"0","subtitulo":"","orden":"0","portada":"0","idioma":"spa","editorial":[{"ID":148898,"post_author":"3","post_date":"2022-10-14 12:01:51","post_date_gmt":"2022-10-14 10:01:51","post_content":"","post_title":"TRIANGLE POSTALS","post_excerpt":"","post_status":"publish","comment_status":"closed","ping_status":"closed","post_password":"","post_name":"triangle-postals","to_ping":"","pinged":"","post_modified":"2022-10-14 12:01:51","post_modified_gmt":"2022-10-14 10:01:51","post_content_filtered":"","post_parent":0,"guid":"http:\/\/dev.claret.cat\/editorial\/triangle-postals\/","menu_order":0,"post_type":"editorial","post_mime_type":"","comment_count":"0","filter":"raw"}],"autores-libros":[{"ID":160703,"post_author":"3","post_date":"2022-10-14 15:55:13","post_date_gmt":"2022-10-14 13:55:13","post_content":"","post_title":"JOSEP M JUJOL GIBERT","post_excerpt":"","post_status":"publish","comment_status":"closed","ping_status":"closed","post_password":"","post_name":"josep-m-jujol-gibert","to_ping":"","pinged":"","post_modified":"2022-10-14 15:55:13","post_modified_gmt":"2022-10-14 13:55:13","post_content_filtered":"","post_parent":0,"guid":"http:\/\/dev.claret.cat\/autor\/josep-m-jujol-gibert\/","menu_order":0,"post_type":"autor","post_mime_type":"","comment_count":"0","filter":"raw"},{"ID":167048,"post_author":"3","post_date":"2022-10-14 18:08:07","post_date_gmt":"2022-10-14 16:08:07","post_content":"","post_title":"PERE VIVAS ORTIZ","post_excerpt":"","post_status":"publish","comment_status":"closed","ping_status":"closed","post_password":"","post_name":"pere-vivas-ortiz","to_ping":"","pinged":"","post_modified":"2022-10-14 18:08:07","post_modified_gmt":"2022-10-14 16:08:07","post_content_filtered":"","post_parent":0,"guid":"http:\/\/dev.claret.cat\/autor\/pere-vivas-ortiz\/","menu_order":0,"post_type":"autor","post_mime_type":"","comment_count":"0","filter":"raw"},{"ID":168030,"post_author":"3","post_date":"2022-10-14 18:15:57","post_date_gmt":"2022-10-14 16:15:57","post_content":"","post_title":"RICARD PLA BOADA","post_excerpt":"","post_status":"publish","comment_status":"closed","ping_status":"closed","post_password":"","post_name":"ricard-pla-boada","to_ping":"","pinged":"","post_modified":"2022-10-14 18:15:57","post_modified_gmt":"2022-10-14 16:15:57","post_content_filtered":"","post_parent":0,"guid":"http:\/\/dev.claret.cat\/autor\/ricard-pla-boada\/","menu_order":0,"post_type":"autor","post_mime_type":"","comment_count":"0","filter":"raw"}]},"aioseo_notices":[],"_links":{"self":[{"href":"https:\/\/www.claret.cat\/es\/wp-json\/wp\/v2\/product\/135719","targetHints":{"allow":["GET"]}}],"collection":[{"href":"https:\/\/www.claret.cat\/es\/wp-json\/wp\/v2\/product"}],"about":[{"href":"https:\/\/www.claret.cat\/es\/wp-json\/wp\/v2\/types\/product"}],"wp:featuredmedia":[{"embeddable":true,"href":"https:\/\/www.claret.cat\/es\/wp-json\/wp\/v2\/media\/135720"}],"wp:attachment":[{"href":"https:\/\/www.claret.cat\/es\/wp-json\/wp\/v2\/media?parent=135719"}],"wp:term":[{"taxonomy":"product_brand","embeddable":true,"href":"https:\/\/www.claret.cat\/es\/wp-json\/wp\/v2\/product_brand?post=135719"},{"taxonomy":"product_cat","embeddable":true,"href":"https:\/\/www.claret.cat\/es\/wp-json\/wp\/v2\/product_cat?post=135719"},{"taxonomy":"product_tag","embeddable":true,"href":"https:\/\/www.claret.cat\/es\/wp-json\/wp\/v2\/product_tag?post=135719"}],"curies":[{"name":"wp","href":"https:\/\/api.w.org\/{rel}","templated":true}]}}