{"id":135812,"date":"2022-10-13T08:55:19","date_gmt":"2022-10-13T06:55:19","guid":{"rendered":"http:\/\/dev.claret.cat\/producte\/el-prat-de-llobregat-desaparegut\/"},"modified":"2024-12-30T14:01:28","modified_gmt":"2024-12-30T13:01:28","slug":"el-prat-de-llobregat-desaparegut-9788416547302","status":"publish","type":"product","link":"https:\/\/www.claret.cat\/es\/libro\/el-prat-de-llobregat-desaparegut-9788416547302\/","title":{"rendered":"EL PRAT DE LLOBREGAT DESAPAREGUT"},"content":{"rendered":"<p>El llibre El Prat desaparegut ens convida a una experi\u00e8ncia singular. Un viatge en el temps a trav\u00e9s del fil conductor d\u2019unes imatges que ens il\u00b7lustren els canvis que ha experimentat el municipi en els darrers cent anys. Amb una acurada selecci\u00f3 de fotografies, d\u2019origen i naturalesa diversos, aquest llibre ens proposa un recorregut pels diferents paisatges (urbans, culturals, econ\u00f2mics i naturals) que han configurat l\u2019\u00e0nima del Prat de Llobregat durant d\u00e8cades, sense els quals no \u00e9s possible entendre la ciutat d\u2019avui.<\/p>\n","protected":false},"excerpt":{"rendered":"<p>MONTBLANC, JOAN<\/p>\n","protected":false},"featured_media":997058,"template":"","meta":{"_acf_changed":false,"om_disable_all_campaigns":false,"rs_blank_template":"","rs_page_bg_color":"","slide_template_v7":"","inline_featured_image":false,"_monsterinsights_skip_tracking":false,"_monsterinsights_sitenote_active":false,"_monsterinsights_sitenote_note":"","_monsterinsights_sitenote_category":0},"product_brand":[],"product_cat":[85,351,105,555],"product_tag":[],"class_list":{"0":"post-135812","1":"product","2":"type-product","3":"status-publish","4":"has-post-thumbnail","6":"product_cat-historia","7":"product_cat-historia-2_humanidades","8":"product_cat-regal","9":"product_cat-regalo","11":"first","12":"outofstock","13":"taxable","14":"shipping-taxable","15":"purchasable","16":"product-type-simple"},"acf":{"editorial":[{"ID":148056,"post_author":"3","post_date":"2022-10-14 11:55:18","post_date_gmt":"2022-10-14 09:55:18","post_content":"","post_title":"EFAD\u00d3S EDITORIAL","post_excerpt":"","post_status":"publish","comment_status":"closed","ping_status":"closed","post_password":"","post_name":"efados-editorial","to_ping":"","pinged":"","post_modified":"2022-10-14 11:55:18","post_modified_gmt":"2022-10-14 09:55:18","post_content_filtered":"","post_parent":0,"guid":"http:\/\/dev.claret.cat\/editorial\/efados-editorial\/","menu_order":0,"post_type":"editorial","post_mime_type":"","comment_count":"0","filter":"raw"}],"autores-libros":[{"ID":159375,"post_author":"3","post_date":"2022-10-14 15:44:20","post_date_gmt":"2022-10-14 13:44:20","post_content":"","post_title":"JOAN MONTBLANC","post_excerpt":"","post_status":"publish","comment_status":"closed","ping_status":"closed","post_password":"","post_name":"joan-montblanc","to_ping":"","pinged":"","post_modified":"2022-10-14 15:44:20","post_modified_gmt":"2022-10-14 13:44:20","post_content_filtered":"","post_parent":0,"guid":"http:\/\/dev.claret.cat\/autor\/joan-montblanc\/","menu_order":0,"post_type":"autor","post_mime_type":"","comment_count":"0","filter":"raw"}],"autor":"MONTBLANC, JOAN","codart":"841654730","libros-coleccion":"Catalunya Desapareguda","ediciones":"1","encuadernacion":"Carton\u00e9","fecha_de_publicacion":"01\/04\/2017","novedad":"1","paginas":"184","subtitulo":"","orden":"0","portada":"0","idioma":"cat"},"aioseo_notices":[],"_links":{"self":[{"href":"https:\/\/www.claret.cat\/es\/wp-json\/wp\/v2\/product\/135812","targetHints":{"allow":["GET"]}}],"collection":[{"href":"https:\/\/www.claret.cat\/es\/wp-json\/wp\/v2\/product"}],"about":[{"href":"https:\/\/www.claret.cat\/es\/wp-json\/wp\/v2\/types\/product"}],"wp:featuredmedia":[{"embeddable":true,"href":"https:\/\/www.claret.cat\/es\/wp-json\/wp\/v2\/media\/997058"}],"wp:attachment":[{"href":"https:\/\/www.claret.cat\/es\/wp-json\/wp\/v2\/media?parent=135812"}],"wp:term":[{"taxonomy":"product_brand","embeddable":true,"href":"https:\/\/www.claret.cat\/es\/wp-json\/wp\/v2\/product_brand?post=135812"},{"taxonomy":"product_cat","embeddable":true,"href":"https:\/\/www.claret.cat\/es\/wp-json\/wp\/v2\/product_cat?post=135812"},{"taxonomy":"product_tag","embeddable":true,"href":"https:\/\/www.claret.cat\/es\/wp-json\/wp\/v2\/product_tag?post=135812"}],"curies":[{"name":"wp","href":"https:\/\/api.w.org\/{rel}","templated":true}]}}