{"id":135815,"date":"2022-10-13T08:55:22","date_gmt":"2022-10-13T06:55:22","guid":{"rendered":"http:\/\/dev.claret.cat\/producte\/lloret-de-mar-desaparegut\/"},"modified":"2023-01-28T15:56:04","modified_gmt":"2023-01-28T14:56:04","slug":"lloret-de-mar-desaparegut-9788416547357","status":"publish","type":"product","link":"https:\/\/www.claret.cat\/es\/libro\/lloret-de-mar-desaparegut-9788416547357\/","title":{"rendered":"LLORET DE MAR DESAPAREGUT"},"content":{"rendered":"<p>Endinseu-vos en un Lloret oblidat, poc conegut, desconcertant\u2026 Un aut\u00e8ntic viatge en el temps a trav\u00e9s de la contemplaci\u00f3 d\u2019imatges poc vistes en blanc i negre. L\u2019autor us convida a emprendre un passeig pel que fou el poble de la primera meitat del segle xx i a sentir-ne el batec, l\u2019ess\u00e8ncia. De ben segur que aquests retalls robats al temps us ajudaran a despla\u00e7ar-vos fins aquest m\u00f3n deixat enrere, aquest univers que \u00e9s la base del que coneixem avui. Gaudiu-ne i badeu. Sigueu benvinguts al Lloret desaparegut.<\/p>\n","protected":false},"excerpt":{"rendered":"<p>DRAPER, JORDI<\/p>\n","protected":false},"featured_media":135816,"template":"","meta":{"_acf_changed":false,"om_disable_all_campaigns":false,"rs_blank_template":"","rs_page_bg_color":"","slide_template_v7":"","inline_featured_image":false,"_monsterinsights_skip_tracking":false,"_monsterinsights_sitenote_active":false,"_monsterinsights_sitenote_note":"","_monsterinsights_sitenote_category":0},"product_brand":[],"product_cat":[85,105],"product_tag":[],"class_list":{"0":"post-135815","1":"product","2":"type-product","3":"status-publish","4":"has-post-thumbnail","6":"product_cat-historia","7":"product_cat-regal","9":"first","10":"instock","11":"taxable","12":"shipping-taxable","13":"purchasable","14":"product-type-simple"},"acf":{"editorial":[{"ID":148056,"post_author":"3","post_date":"2022-10-14 11:55:18","post_date_gmt":"2022-10-14 09:55:18","post_content":"","post_title":"EFAD\u00d3S EDITORIAL","post_excerpt":"","post_status":"publish","comment_status":"closed","ping_status":"closed","post_password":"","post_name":"efados-editorial","to_ping":"","pinged":"","post_modified":"2022-10-14 11:55:18","post_modified_gmt":"2022-10-14 09:55:18","post_content_filtered":"","post_parent":0,"guid":"http:\/\/dev.claret.cat\/editorial\/efados-editorial\/","menu_order":0,"post_type":"editorial","post_mime_type":"","comment_count":"0","filter":"raw"}],"autores-libros":[{"ID":159889,"post_author":"3","post_date":"2022-10-14 15:48:33","post_date_gmt":"2022-10-14 13:48:33","post_content":"","post_title":"JORDI DRAPER","post_excerpt":"","post_status":"publish","comment_status":"closed","ping_status":"closed","post_password":"","post_name":"jordi-draper","to_ping":"","pinged":"","post_modified":"2022-10-14 15:48:33","post_modified_gmt":"2022-10-14 13:48:33","post_content_filtered":"","post_parent":0,"guid":"http:\/\/dev.claret.cat\/autor\/jordi-draper\/","menu_order":0,"post_type":"autor","post_mime_type":"","comment_count":"0","filter":"raw"}],"autor":"DRAPER, JORDI","codart":"841654735","libros-coleccion":"Catalunya Desapareguda","ediciones":"1","encuadernacion":"Carton\u00e9","fecha_de_publicacion":"01\/04\/2017","novedad":"1","paginas":"184","subtitulo":"","orden":"0","portada":"0","idioma":"cat"},"aioseo_notices":[],"_links":{"self":[{"href":"https:\/\/www.claret.cat\/es\/wp-json\/wp\/v2\/product\/135815","targetHints":{"allow":["GET"]}}],"collection":[{"href":"https:\/\/www.claret.cat\/es\/wp-json\/wp\/v2\/product"}],"about":[{"href":"https:\/\/www.claret.cat\/es\/wp-json\/wp\/v2\/types\/product"}],"wp:featuredmedia":[{"embeddable":true,"href":"https:\/\/www.claret.cat\/es\/wp-json\/wp\/v2\/media\/135816"}],"wp:attachment":[{"href":"https:\/\/www.claret.cat\/es\/wp-json\/wp\/v2\/media?parent=135815"}],"wp:term":[{"taxonomy":"product_brand","embeddable":true,"href":"https:\/\/www.claret.cat\/es\/wp-json\/wp\/v2\/product_brand?post=135815"},{"taxonomy":"product_cat","embeddable":true,"href":"https:\/\/www.claret.cat\/es\/wp-json\/wp\/v2\/product_cat?post=135815"},{"taxonomy":"product_tag","embeddable":true,"href":"https:\/\/www.claret.cat\/es\/wp-json\/wp\/v2\/product_tag?post=135815"}],"curies":[{"name":"wp","href":"https:\/\/api.w.org\/{rel}","templated":true}]}}