{"id":135887,"date":"2022-10-13T08:56:36","date_gmt":"2022-10-13T06:56:36","guid":{"rendered":"http:\/\/dev.claret.cat\/producte\/tarragona-desapareguda\/"},"modified":"2024-12-19T17:25:15","modified_gmt":"2024-12-19T16:25:15","slug":"tarragona-desapareguda-9788417432270","status":"publish","type":"product","link":"https:\/\/www.claret.cat\/es\/libro\/tarragona-desapareguda-9788417432270\/","title":{"rendered":"TARRAGONA DESAPAREGUDA"},"content":{"rendered":"<p>Aquest llibre proposa un passeig visual per la ciutat d\u2019abans a trav\u00e9s de fotografies que es conserven en el Centre d\u2019Imatges de Tarragona \/ L\u2019Arxiu de l\u2019Ajuntament de Tarragona. S\u00f3n imatges que ens permeten mirar enrere i endinsar-nos en el passat recent de l\u2019espai que ens \u00e9s m\u00e9s proper: la ciutat de Tarragona. Un viatge per descobrir o recordar espais desapareguts i recon\u00e8ixer llocs transformats&#8230; En definitiva, per con\u00e8ixer m\u00e9s la ciutat on van viure els nostres avantpassats.<\/p>\n","protected":false},"excerpt":{"rendered":"<p>PIQU\u00c9 PADR\u00d3, JORDI \/ GAS SANCHO, BLANCA<\/p>\n","protected":false},"featured_media":135888,"template":"","meta":{"_acf_changed":false,"om_disable_all_campaigns":false,"rs_blank_template":"","rs_page_bg_color":"","slide_template_v7":"","inline_featured_image":false,"_monsterinsights_skip_tracking":false,"_monsterinsights_sitenote_active":false,"_monsterinsights_sitenote_note":"","_monsterinsights_sitenote_category":0},"product_brand":[],"product_cat":[90,540],"product_tag":[],"class_list":{"0":"post-135887","1":"product","2":"type-product","3":"status-publish","4":"has-post-thumbnail","6":"product_cat-altres","7":"product_cat-otros","9":"first","10":"instock","11":"taxable","12":"shipping-taxable","13":"purchasable","14":"product-type-simple"},"acf":{"autor":"PIQU\u00c9 PADR\u00d3, JORDI \/ GAS SANCHO, BLANCA","codart":"841743227","libros-coleccion":"","ediciones":"1","encuadernacion":"Carton\u00e9","fecha_de_publicacion":"01\/03\/2019","novedad":"1","paginas":"184","subtitulo":"","orden":"0","portada":"0","idioma":"cat","editorial":[{"ID":147967,"post_author":"3","post_date":"2022-10-14 11:54:36","post_date_gmt":"2022-10-14 09:54:36","post_content":"","post_title":"EDITORIAL EFAD\u00d3S SL","post_excerpt":"","post_status":"publish","comment_status":"closed","ping_status":"closed","post_password":"","post_name":"editorial-efados-sl","to_ping":"","pinged":"","post_modified":"2022-10-14 11:54:36","post_modified_gmt":"2022-10-14 09:54:36","post_content_filtered":"","post_parent":0,"guid":"http:\/\/dev.claret.cat\/editorial\/editorial-efados-sl\/","menu_order":0,"post_type":"editorial","post_mime_type":"","comment_count":"0","filter":"raw"}],"autores-libros":[{"ID":151756,"post_author":"3","post_date":"2022-10-14 14:43:23","post_date_gmt":"2022-10-14 12:43:23","post_content":"","post_title":"BLANCA GAS SANCHO","post_excerpt":"","post_status":"publish","comment_status":"closed","ping_status":"closed","post_password":"","post_name":"blanca-gas-sancho","to_ping":"","pinged":"","post_modified":"2022-10-14 14:43:23","post_modified_gmt":"2022-10-14 12:43:23","post_content_filtered":"","post_parent":0,"guid":"http:\/\/dev.claret.cat\/autor\/blanca-gas-sancho\/","menu_order":0,"post_type":"autor","post_mime_type":"","comment_count":"0","filter":"raw"},{"ID":159980,"post_author":"3","post_date":"2022-10-14 15:49:19","post_date_gmt":"2022-10-14 13:49:19","post_content":"","post_title":"JORDI PIQUE PADRO","post_excerpt":"","post_status":"publish","comment_status":"closed","ping_status":"closed","post_password":"","post_name":"jordi-pique-padro","to_ping":"","pinged":"","post_modified":"2022-10-14 15:49:19","post_modified_gmt":"2022-10-14 13:49:19","post_content_filtered":"","post_parent":0,"guid":"http:\/\/dev.claret.cat\/autor\/jordi-pique-padro\/","menu_order":0,"post_type":"autor","post_mime_type":"","comment_count":"0","filter":"raw"}]},"aioseo_notices":[],"_links":{"self":[{"href":"https:\/\/www.claret.cat\/es\/wp-json\/wp\/v2\/product\/135887","targetHints":{"allow":["GET"]}}],"collection":[{"href":"https:\/\/www.claret.cat\/es\/wp-json\/wp\/v2\/product"}],"about":[{"href":"https:\/\/www.claret.cat\/es\/wp-json\/wp\/v2\/types\/product"}],"wp:featuredmedia":[{"embeddable":true,"href":"https:\/\/www.claret.cat\/es\/wp-json\/wp\/v2\/media\/135888"}],"wp:attachment":[{"href":"https:\/\/www.claret.cat\/es\/wp-json\/wp\/v2\/media?parent=135887"}],"wp:term":[{"taxonomy":"product_brand","embeddable":true,"href":"https:\/\/www.claret.cat\/es\/wp-json\/wp\/v2\/product_brand?post=135887"},{"taxonomy":"product_cat","embeddable":true,"href":"https:\/\/www.claret.cat\/es\/wp-json\/wp\/v2\/product_cat?post=135887"},{"taxonomy":"product_tag","embeddable":true,"href":"https:\/\/www.claret.cat\/es\/wp-json\/wp\/v2\/product_tag?post=135887"}],"curies":[{"name":"wp","href":"https:\/\/api.w.org\/{rel}","templated":true}]}}