{"id":135941,"date":"2022-10-13T08:57:27","date_gmt":"2022-10-13T06:57:27","guid":{"rendered":"http:\/\/dev.claret.cat\/producte\/pop-up-luna\/"},"modified":"2025-12-04T10:40:10","modified_gmt":"2025-12-04T09:40:10","slug":"popup-luna-9788414016893","status":"publish","type":"product","link":"https:\/\/www.claret.cat\/es\/libro\/popup-luna-9788414016893\/","title":{"rendered":"POP-UP LUNA"},"content":{"rendered":"<p>La Luna acompa\u00f1a nuestras noches y ha fascinado desde siempre a la humanidad. Abre este libro y d\u00e9jate contagiar por su magia. Disfruta de los sorprendentes pop-ups y descubre c\u00f3mo se ha formado, a qu\u00e9 se parece su parte oculta, por qu\u00e9 su forma evoluciona con los meses&#8230;<br \/> En 2019 se celebra el 50\u00ba aniversario desde que el ser humano pis\u00f3 por primera vez la Luna. Un peque\u00f1o paso para el hombre, \u00a1un gran paso para la humanidad!<\/p>\n","protected":false},"excerpt":{"rendered":"<p>JANK\u00c9LIOWITCH, ANNE<\/p>\n","protected":false},"featured_media":1069023,"template":"","meta":{"_acf_changed":false,"om_disable_all_campaigns":false,"rs_blank_template":"","rs_page_bg_color":"","slide_template_v7":"","inline_featured_image":false,"_monsterinsights_skip_tracking":false,"_monsterinsights_sitenote_active":false,"_monsterinsights_sitenote_note":"","_monsterinsights_sitenote_category":0},"product_brand":[],"product_cat":[86,352],"product_tag":[],"class_list":{"0":"post-135941","1":"product","2":"type-product","3":"status-publish","4":"has-post-thumbnail","6":"product_cat-infantil","7":"product_cat-infantil-3_infantil-juvenil-spa","9":"first","10":"instock","11":"taxable","12":"shipping-taxable","13":"purchasable","14":"product-type-simple"},"acf":{"editorial":[{"ID":6229,"post_author":"3","post_date":"2022-07-28 17:47:40","post_date_gmt":"2022-07-28 15:47:40","post_content":"","post_title":"Editorial Luis Vives (Edelvives)","post_excerpt":"","post_status":"publish","comment_status":"closed","ping_status":"closed","post_password":"","post_name":"editorial-luis-vives-edelvives","to_ping":"","pinged":"","post_modified":"2022-07-28 17:47:40","post_modified_gmt":"2022-07-28 15:47:40","post_content_filtered":"","post_parent":0,"guid":"http:\/\/dev.claret.cat\/editorial\/editorial-luis-vives-edelvives\/","menu_order":0,"post_type":"editorial","post_mime_type":"","comment_count":"0","filter":"raw"}],"autores-libros":[{"ID":150700,"post_author":"3","post_date":"2022-10-14 14:35:03","post_date_gmt":"2022-10-14 12:35:03","post_content":"","post_title":"ANNE JANK\u00c9LIOWITCH","post_excerpt":"","post_status":"publish","comment_status":"closed","ping_status":"closed","post_password":"","post_name":"anne-jankeliowitch","to_ping":"","pinged":"","post_modified":"2022-10-14 14:35:03","post_modified_gmt":"2022-10-14 12:35:03","post_content_filtered":"","post_parent":0,"guid":"http:\/\/dev.claret.cat\/autor\/anne-jankeliowitch\/","menu_order":0,"post_type":"autor","post_mime_type":"","comment_count":"0","filter":"raw"}],"autor":"JANK\u00c9LIOWITCH, ANNE","codart":"841401689","libros-coleccion":"IDEAKA","ediciones":"1","encuadernacion":"Carton\u00e9","fecha_de_publicacion":"01\/06\/2018","novedad":"1","paginas":"0","subtitulo":"","orden":"0","portada":"0","idioma":"spa","booktrailer":"","resenas":""},"aioseo_notices":[],"_links":{"self":[{"href":"https:\/\/www.claret.cat\/es\/wp-json\/wp\/v2\/product\/135941","targetHints":{"allow":["GET"]}}],"collection":[{"href":"https:\/\/www.claret.cat\/es\/wp-json\/wp\/v2\/product"}],"about":[{"href":"https:\/\/www.claret.cat\/es\/wp-json\/wp\/v2\/types\/product"}],"wp:featuredmedia":[{"embeddable":true,"href":"https:\/\/www.claret.cat\/es\/wp-json\/wp\/v2\/media\/1069023"}],"wp:attachment":[{"href":"https:\/\/www.claret.cat\/es\/wp-json\/wp\/v2\/media?parent=135941"}],"wp:term":[{"taxonomy":"product_brand","embeddable":true,"href":"https:\/\/www.claret.cat\/es\/wp-json\/wp\/v2\/product_brand?post=135941"},{"taxonomy":"product_cat","embeddable":true,"href":"https:\/\/www.claret.cat\/es\/wp-json\/wp\/v2\/product_cat?post=135941"},{"taxonomy":"product_tag","embeddable":true,"href":"https:\/\/www.claret.cat\/es\/wp-json\/wp\/v2\/product_tag?post=135941"}],"curies":[{"name":"wp","href":"https:\/\/api.w.org\/{rel}","templated":true}]}}