{"id":136019,"date":"2022-10-13T08:58:40","date_gmt":"2022-10-13T06:58:40","guid":{"rendered":"http:\/\/dev.claret.cat\/producte\/edith-nesbit\/"},"modified":"2023-01-28T17:21:44","modified_gmt":"2023-01-28T16:21:44","slug":"edith-nesbit-9788414020548","status":"publish","type":"product","link":"https:\/\/www.claret.cat\/es\/libro\/edith-nesbit-9788414020548\/","title":{"rendered":"EDITH NESBIT"},"content":{"rendered":"<p>Classic Tales es una colecci\u00f3n que re\u00fane algunos de los relatos m\u00e1s apreciados de los grandes autores de las literaturas angl\u00f3fonas, y los adapta a las competencias lingu \u00edsticas de los j\u00f3venes lectores hispanoparlantes.  Una oportunidad para leer en su lengua y entender en toda su dimensi\u00f3n la obra de autores inolvidables como Oscar Wilde, Edith Nesbit o L. Frank Baum. <br \/> Incluye CD audio con la narraci\u00f3n \u00edntegra.<br \/> Nivel B1-PET<\/p>\n","protected":false},"excerpt":{"rendered":"<p>NESBIT, EDITH<\/p>\n","protected":false},"featured_media":276451,"template":"","meta":{"_acf_changed":false,"om_disable_all_campaigns":false,"rs_blank_template":"","rs_page_bg_color":"","slide_template_v7":"","inline_featured_image":false,"_monsterinsights_skip_tracking":false,"_monsterinsights_sitenote_active":false,"_monsterinsights_sitenote_note":"","_monsterinsights_sitenote_category":0},"product_brand":[],"product_cat":[90,540],"product_tag":[],"class_list":{"0":"post-136019","1":"product","2":"type-product","3":"status-publish","4":"has-post-thumbnail","6":"product_cat-altres","7":"product_cat-otros","9":"first","10":"instock","11":"taxable","12":"shipping-taxable","13":"purchasable","14":"product-type-simple"},"acf":{"editorial":[{"ID":6229,"post_author":"3","post_date":"2022-07-28 17:47:40","post_date_gmt":"2022-07-28 15:47:40","post_content":"","post_title":"Editorial Luis Vives (Edelvives)","post_excerpt":"","post_status":"publish","comment_status":"closed","ping_status":"closed","post_password":"","post_name":"editorial-luis-vives-edelvives","to_ping":"","pinged":"","post_modified":"2022-07-28 17:47:40","post_modified_gmt":"2022-07-28 15:47:40","post_content_filtered":"","post_parent":0,"guid":"http:\/\/dev.claret.cat\/editorial\/editorial-luis-vives-edelvives\/","menu_order":0,"post_type":"editorial","post_mime_type":"","comment_count":"0","filter":"raw"}],"autores-libros":[{"ID":154511,"post_author":"3","post_date":"2022-10-14 15:05:23","post_date_gmt":"2022-10-14 13:05:23","post_content":"","post_title":"EDITH NESBIT","post_excerpt":"","post_status":"publish","comment_status":"closed","ping_status":"closed","post_password":"","post_name":"edith-nesbit","to_ping":"","pinged":"","post_modified":"2022-10-14 15:05:23","post_modified_gmt":"2022-10-14 13:05:23","post_content_filtered":"","post_parent":0,"guid":"http:\/\/dev.claret.cat\/autor\/edith-nesbit\/","menu_order":0,"post_type":"autor","post_mime_type":"","comment_count":"0","filter":"raw"}],"autor":"NESBIT, EDITH","codart":"841402054","libros-coleccion":"Classic Tales - B1","ediciones":"1","encuadernacion":"R\u00fastica","fecha_de_publicacion":"01\/01\/2019","novedad":"1","paginas":"86","subtitulo":"","orden":"0","portada":"0","idioma":"eng"},"aioseo_notices":[],"_links":{"self":[{"href":"https:\/\/www.claret.cat\/es\/wp-json\/wp\/v2\/product\/136019","targetHints":{"allow":["GET"]}}],"collection":[{"href":"https:\/\/www.claret.cat\/es\/wp-json\/wp\/v2\/product"}],"about":[{"href":"https:\/\/www.claret.cat\/es\/wp-json\/wp\/v2\/types\/product"}],"wp:featuredmedia":[{"embeddable":true,"href":"https:\/\/www.claret.cat\/es\/wp-json\/wp\/v2\/media\/276451"}],"wp:attachment":[{"href":"https:\/\/www.claret.cat\/es\/wp-json\/wp\/v2\/media?parent=136019"}],"wp:term":[{"taxonomy":"product_brand","embeddable":true,"href":"https:\/\/www.claret.cat\/es\/wp-json\/wp\/v2\/product_brand?post=136019"},{"taxonomy":"product_cat","embeddable":true,"href":"https:\/\/www.claret.cat\/es\/wp-json\/wp\/v2\/product_cat?post=136019"},{"taxonomy":"product_tag","embeddable":true,"href":"https:\/\/www.claret.cat\/es\/wp-json\/wp\/v2\/product_tag?post=136019"}],"curies":[{"name":"wp","href":"https:\/\/api.w.org\/{rel}","templated":true}]}}