{"id":136136,"date":"2022-10-13T09:00:29","date_gmt":"2022-10-13T07:00:29","guid":{"rendered":"http:\/\/dev.claret.cat\/producte\/madame-bovary-3\/"},"modified":"2023-01-28T03:31:30","modified_gmt":"2023-01-28T02:31:30","slug":"madame-bovary-9788491814917","status":"publish","type":"product","link":"https:\/\/www.claret.cat\/es\/libro\/madame-bovary-9788491814917\/","title":{"rendered":"MADAME BOVARY"},"content":{"rendered":"<p>Considerada un\u00e1nimemente una de las mejores novelas de todos los tiempos,  &#8216; Madame Bovary &#8216;  narra la oscura tragedia de Emma Bovary, mujer infelizmente casada cuyos sue\u00f1os chocan obstinada y cruelmente con la realidad. Al hechizo que ejerce la figura de la protagonista hay que a\u00f1adir la sabia combinaci\u00f3n en su argumento de rebeld\u00eda, violencia, melodrama y sexo, \u00ablos cuatro grandes r\u00edos\u00bb, como afirm\u00f3 en su d\u00eda Mario Vargas Llosa, que alimentan esta historia inigualable.<\/p>\n","protected":false},"excerpt":{"rendered":"<p>FLAUBERT, GUSTAVE<\/p>\n","protected":false},"featured_media":136137,"template":"","meta":{"_acf_changed":false,"om_disable_all_campaigns":false,"rs_blank_template":"","rs_page_bg_color":"","slide_template_v7":"","inline_featured_image":false,"_monsterinsights_skip_tracking":false,"_monsterinsights_sitenote_active":false,"_monsterinsights_sitenote_note":"","_monsterinsights_sitenote_category":0},"product_brand":[],"product_cat":[87],"product_tag":[],"class_list":{"0":"post-136136","1":"product","2":"type-product","3":"status-publish","4":"has-post-thumbnail","6":"product_cat-literatura","8":"first","9":"instock","10":"taxable","11":"shipping-taxable","12":"purchasable","13":"product-type-simple"},"acf":{"editorial":[{"ID":6119,"post_author":"3","post_date":"2022-07-28 17:45:18","post_date_gmt":"2022-07-28 15:45:18","post_content":"","post_title":"Alianza Editorial","post_excerpt":"","post_status":"publish","comment_status":"closed","ping_status":"closed","post_password":"","post_name":"alianza-editorial","to_ping":"","pinged":"","post_modified":"2022-07-28 17:45:18","post_modified_gmt":"2022-07-28 15:45:18","post_content_filtered":"","post_parent":0,"guid":"http:\/\/dev.claret.cat\/editorial\/alianza-editorial\/","menu_order":0,"post_type":"editorial","post_mime_type":"","comment_count":"0","filter":"raw"}],"autor":"FLAUBERT, GUSTAVE","codart":"849181491","libros-coleccion":"13\/20","ediciones":"1","encuadernacion":"Carton\u00e9","fecha_de_publicacion":"01\/03\/2019","novedad":"1","paginas":"428","subtitulo":"","orden":"0","portada":"0","idioma":"spa","autores-libros":[{"ID":157258,"post_author":"3","post_date":"2022-10-14 15:27:23","post_date_gmt":"2022-10-14 13:27:23","post_content":"","post_title":"GUSTAVE FLAUBERT","post_excerpt":"","post_status":"publish","comment_status":"closed","ping_status":"closed","post_password":"","post_name":"gustave-flaubert","to_ping":"","pinged":"","post_modified":"2022-10-14 15:27:23","post_modified_gmt":"2022-10-14 13:27:23","post_content_filtered":"","post_parent":0,"guid":"http:\/\/dev.claret.cat\/autor\/gustave-flaubert\/","menu_order":0,"post_type":"autor","post_mime_type":"","comment_count":"0","filter":"raw"}]},"aioseo_notices":[],"_links":{"self":[{"href":"https:\/\/www.claret.cat\/es\/wp-json\/wp\/v2\/product\/136136","targetHints":{"allow":["GET"]}}],"collection":[{"href":"https:\/\/www.claret.cat\/es\/wp-json\/wp\/v2\/product"}],"about":[{"href":"https:\/\/www.claret.cat\/es\/wp-json\/wp\/v2\/types\/product"}],"wp:featuredmedia":[{"embeddable":true,"href":"https:\/\/www.claret.cat\/es\/wp-json\/wp\/v2\/media\/136137"}],"wp:attachment":[{"href":"https:\/\/www.claret.cat\/es\/wp-json\/wp\/v2\/media?parent=136136"}],"wp:term":[{"taxonomy":"product_brand","embeddable":true,"href":"https:\/\/www.claret.cat\/es\/wp-json\/wp\/v2\/product_brand?post=136136"},{"taxonomy":"product_cat","embeddable":true,"href":"https:\/\/www.claret.cat\/es\/wp-json\/wp\/v2\/product_cat?post=136136"},{"taxonomy":"product_tag","embeddable":true,"href":"https:\/\/www.claret.cat\/es\/wp-json\/wp\/v2\/product_tag?post=136136"}],"curies":[{"name":"wp","href":"https:\/\/api.w.org\/{rel}","templated":true}]}}