{"id":136232,"date":"2022-10-13T09:02:04","date_gmt":"2022-10-13T07:02:04","guid":{"rendered":"http:\/\/dev.claret.cat\/producte\/en-ruta-por-italia-2\/"},"modified":"2023-01-28T22:06:38","modified_gmt":"2023-01-28T21:06:38","slug":"en-ruta-por-italia-2-9788408175940","status":"publish","type":"product","link":"https:\/\/www.claret.cat\/es\/libro\/en-ruta-por-italia-2-9788408175940\/","title":{"rendered":"EN RUTA POR ITALIA 2"},"content":{"rendered":"<p>Pocos pa\u00edses compiten con el rico patrimonio de Italia. Sus hist\u00f3ricas ciudades est\u00e1n premiadas con monumentos emblem\u00e1ticos y obras maestras por doquier, su cocina se imita en todo el mundo, y sus paisajes conforman un majestuoso mosaico de cumbres nevadas, profundas costas, lagos y valles remotos. Y con tantas carreteras trepidantes, el pa\u00eds resulta ideal para recorrerlo en autom\u00f3vil.<br \/> Todo viajero encontrar\u00e1 un itinerario a su gusto, tanto los amantes de la buena mesa y el buen vino como los buscadores de playas id\u00edlicas o de parques naturales v\u00edrgenes. Y, si solo se dispone de tiempo para una ruta, mejor escoger entre las Rutas cl\u00e1sicas, donde se recoge lo mejor de Italia.<\/p>\n","protected":false},"excerpt":{"rendered":"<p>GARWOOD, DUNCAN \/ HARDY, PAULA<\/p>\n","protected":false},"featured_media":136233,"template":"","meta":{"_acf_changed":false,"om_disable_all_campaigns":false,"rs_blank_template":"","rs_page_bg_color":"","slide_template_v7":"","inline_featured_image":false,"_monsterinsights_skip_tracking":false,"_monsterinsights_sitenote_active":false,"_monsterinsights_sitenote_note":"","_monsterinsights_sitenote_category":0},"product_brand":[],"product_cat":[107],"product_tag":[],"class_list":{"0":"post-136232","1":"product","2":"type-product","3":"status-publish","4":"has-post-thumbnail","6":"product_cat-guies-de-viatge","8":"first","9":"instock","10":"taxable","11":"shipping-taxable","12":"purchasable","13":"product-type-simple"},"acf":{"editorial":[{"ID":6377,"post_author":"3","post_date":"2022-07-28 17:50:53","post_date_gmt":"2022-07-28 15:50:53","post_content":"","post_title":"Timun Mas CAT","post_excerpt":"","post_status":"publish","comment_status":"closed","ping_status":"closed","post_password":"","post_name":"timun-mas-cat","to_ping":"","pinged":"","post_modified":"2022-07-28 17:50:53","post_modified_gmt":"2022-07-28 15:50:53","post_content_filtered":"","post_parent":0,"guid":"http:\/\/dev.claret.cat\/editorial\/timun-mas-cat\/","menu_order":0,"post_type":"editorial","post_mime_type":"","comment_count":"0","filter":"raw"}],"autores-libros":[{"ID":166779,"post_author":"3","post_date":"2022-10-14 18:05:59","post_date_gmt":"2022-10-14 16:05:59","post_content":"","post_title":"PAULA HARDY","post_excerpt":"","post_status":"publish","comment_status":"closed","ping_status":"closed","post_password":"","post_name":"paula-hardy","to_ping":"","pinged":"","post_modified":"2022-10-14 18:05:59","post_modified_gmt":"2022-10-14 16:05:59","post_content_filtered":"","post_parent":0,"guid":"http:\/\/dev.claret.cat\/autor\/paula-hardy\/","menu_order":0,"post_type":"autor","post_mime_type":"","comment_count":"0","filter":"raw"},{"ID":154426,"post_author":"3","post_date":"2022-10-14 15:04:43","post_date_gmt":"2022-10-14 13:04:43","post_content":"","post_title":"DUNCAN GARWOOD","post_excerpt":"","post_status":"publish","comment_status":"closed","ping_status":"closed","post_password":"","post_name":"duncan-garwood","to_ping":"","pinged":"","post_modified":"2022-10-14 15:04:43","post_modified_gmt":"2022-10-14 13:04:43","post_content_filtered":"","post_parent":0,"guid":"http:\/\/dev.claret.cat\/autor\/duncan-garwood\/","menu_order":0,"post_type":"autor","post_mime_type":"","comment_count":"0","filter":"raw"}],"autor":"GARWOOD, DUNCAN \/ HARDY, PAULA","codart":"840817594","libros-coleccion":"Gu\u00edas En ruta Lonely Planet","ediciones":"1","encuadernacion":"R\u00fastica","fecha_de_publicacion":"01\/01\/2018","novedad":"1","paginas":"446","subtitulo":"40 RUTAS POR CARRETERA","orden":"0","portada":"0","idioma":"spa"},"aioseo_notices":[],"_links":{"self":[{"href":"https:\/\/www.claret.cat\/es\/wp-json\/wp\/v2\/product\/136232","targetHints":{"allow":["GET"]}}],"collection":[{"href":"https:\/\/www.claret.cat\/es\/wp-json\/wp\/v2\/product"}],"about":[{"href":"https:\/\/www.claret.cat\/es\/wp-json\/wp\/v2\/types\/product"}],"wp:featuredmedia":[{"embeddable":true,"href":"https:\/\/www.claret.cat\/es\/wp-json\/wp\/v2\/media\/136233"}],"wp:attachment":[{"href":"https:\/\/www.claret.cat\/es\/wp-json\/wp\/v2\/media?parent=136232"}],"wp:term":[{"taxonomy":"product_brand","embeddable":true,"href":"https:\/\/www.claret.cat\/es\/wp-json\/wp\/v2\/product_brand?post=136232"},{"taxonomy":"product_cat","embeddable":true,"href":"https:\/\/www.claret.cat\/es\/wp-json\/wp\/v2\/product_cat?post=136232"},{"taxonomy":"product_tag","embeddable":true,"href":"https:\/\/www.claret.cat\/es\/wp-json\/wp\/v2\/product_tag?post=136232"}],"curies":[{"name":"wp","href":"https:\/\/api.w.org\/{rel}","templated":true}]}}