{"id":136238,"date":"2022-10-13T09:02:10","date_gmt":"2022-10-13T07:02:10","guid":{"rendered":"http:\/\/dev.claret.cat\/producte\/praga-y-la-republica-checa-9\/"},"modified":"2023-01-28T00:52:49","modified_gmt":"2023-01-27T23:52:49","slug":"praga-y-la-republica-checa-9-9788408177777","status":"publish","type":"product","link":"https:\/\/www.claret.cat\/es\/libro\/praga-y-la-republica-checa-9-9788408177777\/","title":{"rendered":"PRAGA Y LA REP\u00daBLICA CHECA 9"},"content":{"rendered":"<p>Todo aquel que visita la Rep\u00fablica Checa empieza por Praga, la cuna de la cultura checa y una de las ciudades m\u00e1s fascinantes de Europa. Praga tiene un n\u00facleo medieval g\u00f3tico casi intacto que invita a retroceder 500 a\u00f1os en el tiempo: el puente Carlos del s. XIV, con las murallas del castillo y las agujas de la catedral de San Vito como tel\u00f3n de fondo, es una estampa cl\u00e1sica de cualquier viaje por el mundo. La ciudad tambi\u00e9n tiene un centro urbano din\u00e1mico con un gran programa cultural y una interesante oferta gastron\u00f3mica. Y la Rep\u00fablica Checa no es solo Praga. En pleno coraz\u00f3n del antiguo Imperio austroh\u00fangaro, ha vivido una larga historia de asaltos tribales, conquistas militares y dinast\u00edas victoriosas.<\/p>\n","protected":false},"excerpt":{"rendered":"<p>BAKER, MARK \/ WILSON, NEIL<\/p>\n","protected":false},"featured_media":136239,"template":"","meta":{"_acf_changed":false,"om_disable_all_campaigns":false,"rs_blank_template":"","rs_page_bg_color":"","slide_template_v7":"","inline_featured_image":false,"_monsterinsights_skip_tracking":false,"_monsterinsights_sitenote_active":false,"_monsterinsights_sitenote_note":"","_monsterinsights_sitenote_category":0},"product_brand":[],"product_cat":[107],"product_tag":[],"class_list":{"0":"post-136238","1":"product","2":"type-product","3":"status-publish","4":"has-post-thumbnail","6":"product_cat-guies-de-viatge","8":"first","9":"instock","10":"taxable","11":"shipping-taxable","12":"purchasable","13":"product-type-simple"},"acf":{"editorial":[{"ID":6377,"post_author":"3","post_date":"2022-07-28 17:50:53","post_date_gmt":"2022-07-28 15:50:53","post_content":"","post_title":"Timun Mas CAT","post_excerpt":"","post_status":"publish","comment_status":"closed","ping_status":"closed","post_password":"","post_name":"timun-mas-cat","to_ping":"","pinged":"","post_modified":"2022-07-28 17:50:53","post_modified_gmt":"2022-07-28 15:50:53","post_content_filtered":"","post_parent":0,"guid":"http:\/\/dev.claret.cat\/editorial\/timun-mas-cat\/","menu_order":0,"post_type":"editorial","post_mime_type":"","comment_count":"0","filter":"raw"}],"autores-libros":[{"ID":165738,"post_author":"3","post_date":"2022-10-14 17:57:33","post_date_gmt":"2022-10-14 15:57:33","post_content":"","post_title":"NEIL WILSON","post_excerpt":"","post_status":"publish","comment_status":"closed","ping_status":"closed","post_password":"","post_name":"neil-wilson","to_ping":"","pinged":"","post_modified":"2022-10-14 17:57:33","post_modified_gmt":"2022-10-14 15:57:33","post_content_filtered":"","post_parent":0,"guid":"http:\/\/dev.claret.cat\/autor\/neil-wilson\/","menu_order":0,"post_type":"autor","post_mime_type":"","comment_count":"0","filter":"raw"},{"ID":164060,"post_author":"3","post_date":"2022-10-14 17:44:02","post_date_gmt":"2022-10-14 15:44:02","post_content":"","post_title":"MARK BAKER","post_excerpt":"","post_status":"publish","comment_status":"closed","ping_status":"closed","post_password":"","post_name":"mark-baker","to_ping":"","pinged":"","post_modified":"2022-10-14 17:44:02","post_modified_gmt":"2022-10-14 15:44:02","post_content_filtered":"","post_parent":0,"guid":"http:\/\/dev.claret.cat\/autor\/mark-baker\/","menu_order":0,"post_type":"autor","post_mime_type":"","comment_count":"0","filter":"raw"}],"autor":"BAKER, MARK \/ WILSON, NEIL","codart":"840817777","libros-coleccion":"Gu\u00edas Lo mejor de Ciudad Lonely Planet","ediciones":"1","encuadernacion":"R\u00fastica","fecha_de_publicacion":"01\/03\/2018","novedad":"1","paginas":"318","subtitulo":"","orden":"0","portada":"0","idioma":"spa"},"aioseo_notices":[],"_links":{"self":[{"href":"https:\/\/www.claret.cat\/es\/wp-json\/wp\/v2\/product\/136238","targetHints":{"allow":["GET"]}}],"collection":[{"href":"https:\/\/www.claret.cat\/es\/wp-json\/wp\/v2\/product"}],"about":[{"href":"https:\/\/www.claret.cat\/es\/wp-json\/wp\/v2\/types\/product"}],"wp:featuredmedia":[{"embeddable":true,"href":"https:\/\/www.claret.cat\/es\/wp-json\/wp\/v2\/media\/136239"}],"wp:attachment":[{"href":"https:\/\/www.claret.cat\/es\/wp-json\/wp\/v2\/media?parent=136238"}],"wp:term":[{"taxonomy":"product_brand","embeddable":true,"href":"https:\/\/www.claret.cat\/es\/wp-json\/wp\/v2\/product_brand?post=136238"},{"taxonomy":"product_cat","embeddable":true,"href":"https:\/\/www.claret.cat\/es\/wp-json\/wp\/v2\/product_cat?post=136238"},{"taxonomy":"product_tag","embeddable":true,"href":"https:\/\/www.claret.cat\/es\/wp-json\/wp\/v2\/product_tag?post=136238"}],"curies":[{"name":"wp","href":"https:\/\/api.w.org\/{rel}","templated":true}]}}