{"id":136256,"date":"2022-10-13T09:02:27","date_gmt":"2022-10-13T07:02:27","guid":{"rendered":"http:\/\/dev.claret.cat\/producte\/la-bona-mort\/"},"modified":"2023-01-28T18:37:53","modified_gmt":"2023-01-28T17:37:53","slug":"la-bona-mort-9788417660260","status":"publish","type":"product","link":"https:\/\/www.claret.cat\/es\/libro\/la-bona-mort-9788417660260\/","title":{"rendered":"LA BONA MORT"},"content":{"rendered":"<p>\u00abEscric perqu\u00e8 de sobte m\u2019he adonat que tot el que estimo morir\u00e0\u00bb<br \/>Aix\u00ed comen\u00e7a el dietari que Vicen\u00e7 Villatoro va escriure entre el 6 de febrer i el 28 de mar\u00e7 del 2006, en paral\u00b7lel a les \u00faltimes setmanes de vida de la seva mare, a qui havien diagnosticat un c\u00e0ncer que va preferir no tractar-se. <br \/>Lluny de l\u2019autoajuda i de l\u2019exaltaci\u00f3 sentimental, les notes d\u2019aquest dietari acompanyen una fam\u00edlia en uns moments en que s\u2019alternen els instants de tristesa, d\u2019evocaci\u00f3 i, fins i tot, de felicitat. Els de m\u00e0xima consci\u00e8ncia i els de gaireb\u00e9 somni. Els de tendresa i els de temor. <br \/>Tot i la cruesa de la frase inicial, al llarg d\u2019aquestes notes i d\u2019aquestes setmanes ens apareix la possibilitat, a trav\u00e9s de la serenitat, la fortalesa i la companyia, d\u2019arribar a una bona mort.<\/p>\n","protected":false},"excerpt":{"rendered":"<p>VILLATORO LAMOLLA, VICEN\u00c7<\/p>\n","protected":false},"featured_media":136257,"template":"","meta":{"_acf_changed":false,"om_disable_all_campaigns":false,"rs_blank_template":"","rs_page_bg_color":"","slide_template_v7":"","inline_featured_image":false,"_monsterinsights_skip_tracking":false,"_monsterinsights_sitenote_active":false,"_monsterinsights_sitenote_note":"","_monsterinsights_sitenote_category":0},"product_brand":[],"product_cat":[97],"product_tag":[],"class_list":{"0":"post-136256","1":"product","2":"type-product","3":"status-publish","4":"has-post-thumbnail","6":"product_cat-salut","8":"first","9":"instock","10":"taxable","11":"shipping-taxable","12":"purchasable","13":"product-type-simple"},"acf":{"autor":"VILLATORO LAMOLLA, VICEN\u00c7","codart":"841766026","libros-coleccion":"Testimonis","ediciones":"1","encuadernacion":"R\u00fastica","fecha_de_publicacion":"01\/03\/2019","novedad":"1","paginas":"70","subtitulo":"","orden":"0","portada":"0","idioma":"cat","editorial":[{"ID":147983,"post_author":"3","post_date":"2022-10-14 11:54:44","post_date_gmt":"2022-10-14 09:54:44","post_content":"","post_title":"Editorial Gregal","post_excerpt":"","post_status":"publish","comment_status":"closed","ping_status":"closed","post_password":"","post_name":"editorial-gregal","to_ping":"","pinged":"","post_modified":"2022-10-14 11:54:44","post_modified_gmt":"2022-10-14 09:54:44","post_content_filtered":"","post_parent":0,"guid":"http:\/\/dev.claret.cat\/editorial\/editorial-gregal\/","menu_order":0,"post_type":"editorial","post_mime_type":"","comment_count":"0","filter":"raw"}],"autores-libros":[{"ID":170924,"post_author":"3","post_date":"2022-10-14 22:39:16","post_date_gmt":"2022-10-14 20:39:16","post_content":"","post_title":"VICEN\u00c7 VILLATORO LAMOLLA","post_excerpt":"","post_status":"publish","comment_status":"closed","ping_status":"closed","post_password":"","post_name":"vicenc-villatoro-lamolla","to_ping":"","pinged":"","post_modified":"2022-10-14 22:39:16","post_modified_gmt":"2022-10-14 20:39:16","post_content_filtered":"","post_parent":0,"guid":"http:\/\/dev.claret.cat\/autor\/vicenc-villatoro-lamolla\/","menu_order":0,"post_type":"autor","post_mime_type":"","comment_count":"0","filter":"raw"}]},"aioseo_notices":[],"_links":{"self":[{"href":"https:\/\/www.claret.cat\/es\/wp-json\/wp\/v2\/product\/136256","targetHints":{"allow":["GET"]}}],"collection":[{"href":"https:\/\/www.claret.cat\/es\/wp-json\/wp\/v2\/product"}],"about":[{"href":"https:\/\/www.claret.cat\/es\/wp-json\/wp\/v2\/types\/product"}],"wp:featuredmedia":[{"embeddable":true,"href":"https:\/\/www.claret.cat\/es\/wp-json\/wp\/v2\/media\/136257"}],"wp:attachment":[{"href":"https:\/\/www.claret.cat\/es\/wp-json\/wp\/v2\/media?parent=136256"}],"wp:term":[{"taxonomy":"product_brand","embeddable":true,"href":"https:\/\/www.claret.cat\/es\/wp-json\/wp\/v2\/product_brand?post=136256"},{"taxonomy":"product_cat","embeddable":true,"href":"https:\/\/www.claret.cat\/es\/wp-json\/wp\/v2\/product_cat?post=136256"},{"taxonomy":"product_tag","embeddable":true,"href":"https:\/\/www.claret.cat\/es\/wp-json\/wp\/v2\/product_tag?post=136256"}],"curies":[{"name":"wp","href":"https:\/\/api.w.org\/{rel}","templated":true}]}}