{"id":136376,"date":"2022-10-13T09:04:18","date_gmt":"2022-10-13T07:04:18","guid":{"rendered":"http:\/\/dev.claret.cat\/producte\/ante-el-colapso\/"},"modified":"2023-04-17T13:25:24","modified_gmt":"2023-04-17T11:25:24","slug":"ante-el-colapso-9788490976562","status":"publish","type":"product","link":"https:\/\/www.claret.cat\/es\/libro\/ante-el-colapso-9788490976562\/","title":{"rendered":"ANTE EL COLAPSO"},"content":{"rendered":"<p>Antes que rescatar una memoria proscrita, este libro se propone identificar la actualidad de una propuesta que reivindica la autogesti\u00f3n, la desmercantilizaci\u00f3n, la despatriarcalizaci\u00f3n y la descolonizaci\u00f3n de nuestras sociedades. En esa tarea, y m\u00e1s all\u00e1 de la contestaci\u00f3n de lo que significan el capital y el Estado, pretende colocar en un primer plano a las mujeres, a muchas de las poblaciones de los pa\u00edses del Sur, a los seres humanos integrantes de las generaciones venideras y a las dem\u00e1s especies con las que, sobre el papel, compartimos el planeta. El texto ofrece una cumplida s\u00edntesis de los trabajos que el autor ha dedicado, en el \u00faltimo cuarto de siglo, a materias como la crisis de los sistemas de tipo sovi\u00e9tico, la globalizaci\u00f3n, la hegemon\u00eda norteamericana, el decrecimiento, el colapso que viene, la crisis de la izquierda que vive en las instituciones y la actualidad de las ideas y las pr\u00e1cticas libertarias<\/p>\n","protected":false},"excerpt":{"rendered":"<p>TAIBO ARIAS, CARLOS<\/p>\n","protected":false},"featured_media":136377,"template":"","meta":{"_acf_changed":false,"om_disable_all_campaigns":false,"rs_blank_template":"","rs_page_bg_color":"","slide_template_v7":"","inline_featured_image":false,"_monsterinsights_skip_tracking":false,"_monsterinsights_sitenote_active":false,"_monsterinsights_sitenote_note":"","_monsterinsights_sitenote_category":0},"product_brand":[],"product_cat":[569,120],"product_tag":[],"class_list":{"0":"post-136376","1":"product","2":"type-product","3":"status-publish","4":"has-post-thumbnail","6":"product_cat-politica-2_humanidades-spa","7":"product_cat-politica","9":"first","10":"instock","11":"taxable","12":"shipping-taxable","13":"purchasable","14":"product-type-simple"},"acf":{"editorial":[{"ID":6287,"post_author":"3","post_date":"2022-07-28 17:48:57","post_date_gmt":"2022-07-28 15:48:57","post_content":"","post_title":"LIBROS DE LA CATARATA","post_excerpt":"","post_status":"publish","comment_status":"closed","ping_status":"closed","post_password":"","post_name":"libros-de-la-catarata","to_ping":"","pinged":"","post_modified":"2022-07-28 17:48:57","post_modified_gmt":"2022-07-28 15:48:57","post_content_filtered":"","post_parent":0,"guid":"http:\/\/dev.claret.cat\/editorial\/libros-de-la-catarata\/","menu_order":0,"post_type":"editorial","post_mime_type":"","comment_count":"0","filter":"raw"}],"autor":"TAIBO ARIAS, CARLOS","codart":"849097656","libros-coleccion":"Mayor","ediciones":"1","encuadernacion":"R\u00fastica","fecha_de_publicacion":"01\/03\/2019","novedad":"1","paginas":"94","subtitulo":"POR LA AUTOGESTI\u00d3N Y POR EL APOYO MUTUO","orden":"0","portada":"0","idioma":"spa","autores-libros":[{"ID":152334,"post_author":"3","post_date":"2022-10-14 14:47:56","post_date_gmt":"2022-10-14 12:47:56","post_content":"","post_title":"CARLOS TAIBO ARIAS","post_excerpt":"","post_status":"publish","comment_status":"closed","ping_status":"closed","post_password":"","post_name":"carlos-taibo-arias","to_ping":"","pinged":"","post_modified":"2022-10-14 14:47:56","post_modified_gmt":"2022-10-14 12:47:56","post_content_filtered":"","post_parent":0,"guid":"http:\/\/dev.claret.cat\/autor\/carlos-taibo-arias\/","menu_order":0,"post_type":"autor","post_mime_type":"","comment_count":"0","filter":"raw"}]},"aioseo_notices":[],"_links":{"self":[{"href":"https:\/\/www.claret.cat\/es\/wp-json\/wp\/v2\/product\/136376","targetHints":{"allow":["GET"]}}],"collection":[{"href":"https:\/\/www.claret.cat\/es\/wp-json\/wp\/v2\/product"}],"about":[{"href":"https:\/\/www.claret.cat\/es\/wp-json\/wp\/v2\/types\/product"}],"wp:featuredmedia":[{"embeddable":true,"href":"https:\/\/www.claret.cat\/es\/wp-json\/wp\/v2\/media\/136377"}],"wp:attachment":[{"href":"https:\/\/www.claret.cat\/es\/wp-json\/wp\/v2\/media?parent=136376"}],"wp:term":[{"taxonomy":"product_brand","embeddable":true,"href":"https:\/\/www.claret.cat\/es\/wp-json\/wp\/v2\/product_brand?post=136376"},{"taxonomy":"product_cat","embeddable":true,"href":"https:\/\/www.claret.cat\/es\/wp-json\/wp\/v2\/product_cat?post=136376"},{"taxonomy":"product_tag","embeddable":true,"href":"https:\/\/www.claret.cat\/es\/wp-json\/wp\/v2\/product_tag?post=136376"}],"curies":[{"name":"wp","href":"https:\/\/api.w.org\/{rel}","templated":true}]}}