{"id":136430,"date":"2022-10-13T09:05:09","date_gmt":"2022-10-13T07:05:09","guid":{"rendered":"http:\/\/dev.claret.cat\/producte\/chipre\/"},"modified":"2023-01-28T16:37:23","modified_gmt":"2023-01-28T15:37:23","slug":"chipre-9788491581321","status":"publish","type":"product","link":"https:\/\/www.claret.cat\/es\/libro\/chipre-9788491581321\/","title":{"rendered":"CHIPRE"},"content":{"rendered":"<p>La isla de Chipre, en cuyas aguas seg\u00fan el mito surgi\u00f3 la diosa Afrodita, ocupa un estrat\u00e9gico rinc\u00f3n del Mediterr\u00e1neo entre Europa, \u00c1sia y \u00c1frica. Punto de intersecci\u00f3n de civilizaciones, donde confluyen cristianismo e islamismo, su larga historia toma forma en sus ruinas y mosaicos (Kourion o Kato Pafos), o en sus iglesias y mezquitas, algunas declaradas Patrimonio de la Humanidad. Nicosia, su capital, animada y cosmopolita, est\u00e1 dividida -al igual que la isla- por la ocupaci\u00f3n turca, y sus pueblos de sabor mediterr\u00e1neo, como Kakopetria, Omodos o Lefkara, son celosos guardianes de sus tradiciones. Tanto o m\u00e1s fascinante es su paisaje natural que conjuga playas de arenas blancas y aguas esmeraldas -como Agia Napa o la desconocida pen\u00ednsula de Akamas-, con las altas cumbres, muchas veces nevadas, de los montes Troodos. La Guiarama Compact de Chipre desarrolla todos los puntos imprescindibles para visitar en un corto viaje a la isla, proponiendo breves paseos por lo m\u00e1s interesante de sus n\u00facleos hist\u00f3ricos y parajes naturales, con consejos y recomendaciones para disfrutar de su gastronom\u00eda y sus afamados vinos.<\/p>\n","protected":false},"excerpt":{"rendered":"<p>PUY FUENTES, EDGAR DE<\/p>\n","protected":false},"featured_media":136431,"template":"","meta":{"_acf_changed":false,"om_disable_all_campaigns":false,"rs_blank_template":"","rs_page_bg_color":"","slide_template_v7":"","inline_featured_image":false,"_monsterinsights_skip_tracking":false,"_monsterinsights_sitenote_active":false,"_monsterinsights_sitenote_note":"","_monsterinsights_sitenote_category":0},"product_brand":[],"product_cat":[107],"product_tag":[],"class_list":{"0":"post-136430","1":"product","2":"type-product","3":"status-publish","4":"has-post-thumbnail","6":"product_cat-guies-de-viatge","8":"first","9":"instock","10":"taxable","11":"shipping-taxable","12":"purchasable","13":"product-type-simple"},"acf":{"editorial":[{"ID":147435,"post_author":"3","post_date":"2022-10-14 11:50:33","post_date_gmt":"2022-10-14 09:50:33","post_content":"","post_title":"Anaya Touring","post_excerpt":"","post_status":"publish","comment_status":"closed","ping_status":"closed","post_password":"","post_name":"anaya-touring","to_ping":"","pinged":"","post_modified":"2022-10-14 11:50:33","post_modified_gmt":"2022-10-14 09:50:33","post_content_filtered":"","post_parent":0,"guid":"http:\/\/dev.claret.cat\/editorial\/anaya-touring\/","menu_order":0,"post_type":"editorial","post_mime_type":"","comment_count":"0","filter":"raw"}],"autor":"PUY FUENTES, EDGAR DE","codart":"849158132","libros-coleccion":"Guiarama Compact - Internacional","ediciones":"1","encuadernacion":"R\u00fastica","fecha_de_publicacion":"01\/03\/2019","novedad":"1","paginas":"144","subtitulo":"","orden":"0","portada":"0","idioma":"spa","autores-libros":[{"ID":154489,"post_author":"3","post_date":"2022-10-14 15:05:13","post_date_gmt":"2022-10-14 13:05:13","post_content":"","post_title":"EDGAR DE PUY FUENTES","post_excerpt":"","post_status":"publish","comment_status":"closed","ping_status":"closed","post_password":"","post_name":"edgar-de-puy-fuentes","to_ping":"","pinged":"","post_modified":"2022-10-14 15:05:13","post_modified_gmt":"2022-10-14 13:05:13","post_content_filtered":"","post_parent":0,"guid":"http:\/\/dev.claret.cat\/autor\/edgar-de-puy-fuentes\/","menu_order":0,"post_type":"autor","post_mime_type":"","comment_count":"0","filter":"raw"}]},"aioseo_notices":[],"_links":{"self":[{"href":"https:\/\/www.claret.cat\/es\/wp-json\/wp\/v2\/product\/136430","targetHints":{"allow":["GET"]}}],"collection":[{"href":"https:\/\/www.claret.cat\/es\/wp-json\/wp\/v2\/product"}],"about":[{"href":"https:\/\/www.claret.cat\/es\/wp-json\/wp\/v2\/types\/product"}],"wp:featuredmedia":[{"embeddable":true,"href":"https:\/\/www.claret.cat\/es\/wp-json\/wp\/v2\/media\/136431"}],"wp:attachment":[{"href":"https:\/\/www.claret.cat\/es\/wp-json\/wp\/v2\/media?parent=136430"}],"wp:term":[{"taxonomy":"product_brand","embeddable":true,"href":"https:\/\/www.claret.cat\/es\/wp-json\/wp\/v2\/product_brand?post=136430"},{"taxonomy":"product_cat","embeddable":true,"href":"https:\/\/www.claret.cat\/es\/wp-json\/wp\/v2\/product_cat?post=136430"},{"taxonomy":"product_tag","embeddable":true,"href":"https:\/\/www.claret.cat\/es\/wp-json\/wp\/v2\/product_tag?post=136430"}],"curies":[{"name":"wp","href":"https:\/\/api.w.org\/{rel}","templated":true}]}}