{"id":136436,"date":"2022-10-13T09:05:15","date_gmt":"2022-10-13T07:05:15","guid":{"rendered":"http:\/\/dev.claret.cat\/producte\/retorno-de-amor\/"},"modified":"2026-01-23T18:12:17","modified_gmt":"2026-01-23T17:12:17","slug":"retorno-de-amor-9788430120314","status":"publish","type":"product","link":"https:\/\/www.claret.cat\/es\/libro\/retorno-de-amor-9788430120314\/","title":{"rendered":"RETORNO DE AMOR"},"content":{"rendered":"<p>Este libro no concluye en su \u00faltima p\u00e1gina. Al contrario, precisamente en ella se inicia la urgente invitaci\u00f3n al retorno de amor a Dios que contiene la reparaci\u00f3n cristiana.<br \/>La presente obra en colaboraci\u00f3n se basa en dos convicciones fundamentales. La primera constata que el origen de todo movimiento reparador se halla en Dios; la segunda recuerda que el carisma de la reparaci\u00f3n es, en definitiva, una cuesti\u00f3n de amor, un \u00abexceso\u00bb de amor.<br \/>Seis ensayos articulan y llenan de contenido un universo en el que confluyen la reflexi\u00f3n teol\u00f3gica, la historia, la experiencia espiritual y la celebraci\u00f3n lit\u00fargica. Sus t\u00edtulos y autores son: \u00abEl camino de la salvaci\u00f3n\u00bb, por \u00c1ngel Cordovilla; \u00abVariaciones alrededor de un concepto\u00bb y \u00abPrehistoria de la espiritualidad reparadora. Patr\u00edstica y Edad Media\u00bb, por Nurya Mart\u00ednez-Gayol; \u00abHistoria de la espiritualidad reparadora. Edad Moderna y Contempor\u00e1nea\u00bb, por Mar\u00eda Jes\u00fas Fern\u00e1ndez; \u00abUna expresi\u00f3n lit\u00fargica de la reparaci\u00f3n. La satisfacci\u00f3n penitencial\u00bb, por Fernando Mill\u00e1n; y \u00abLa eucarist\u00eda, espacio de reparaci\u00f3n\u00bb, por Nurya Mart\u00ednez-Gayol.<br \/>Esta obra ha podido llevarse a cabo gracias al impulso del Instituto secular Siervas Seglares de Jesucristo Sacerdote.<\/p>\n","protected":false},"excerpt":{"rendered":"<p>CORDOVILLA, \u00c1NGEL<\/p>\n","protected":false},"featured_media":1077233,"template":"","meta":{"_acf_changed":false,"om_disable_all_campaigns":false,"rs_blank_template":"","rs_page_bg_color":"","slide_template_v7":"","inline_featured_image":false,"_monsterinsights_skip_tracking":false,"_monsterinsights_sitenote_active":false,"_monsterinsights_sitenote_note":"","_monsterinsights_sitenote_category":0},"product_brand":[],"product_cat":[345,79,342,76],"product_tag":[],"class_list":{"0":"post-136436","1":"product","2":"type-product","3":"status-publish","4":"has-post-thumbnail","6":"product_cat-espiritualidad","7":"product_cat-espiritualitat","8":"product_cat-teologia-1_espiritualidad","9":"product_cat-teologia","11":"first","12":"instock","13":"taxable","14":"shipping-taxable","15":"purchasable","16":"product-type-simple"},"acf":{"editorial":[{"ID":6364,"post_author":"3","post_date":"2022-07-28 17:50:36","post_date_gmt":"2022-07-28 15:50:36","post_content":"","post_title":"S\u00edgueme","post_excerpt":"","post_status":"publish","comment_status":"closed","ping_status":"closed","post_password":"","post_name":"sigueme","to_ping":"","pinged":"","post_modified":"2022-07-28 17:50:36","post_modified_gmt":"2022-07-28 15:50:36","post_content_filtered":"","post_parent":0,"guid":"http:\/\/dev.claret.cat\/editorial\/sigueme\/","menu_order":0,"post_type":"editorial","post_mime_type":"","comment_count":"0","filter":"raw"}],"autor":"CORDOVILLA, \u00c1NGEL","codart":"843012031","libros-coleccion":"Nueva Alianza","ediciones":"2","encuadernacion":"R\u00fastica","fecha_de_publicacion":"26\/03\/2019","novedad":"1","paginas":"368","subtitulo":"TEOLOG\u00cdA, HISTORIA Y ESPIRITUALIDAD DE LA REPARACI\u00d3N","orden":"0","portada":"0","idioma":"spa","autores-libros":[{"ID":164340,"post_author":"3","post_date":"2022-10-14 17:46:17","post_date_gmt":"2022-10-14 15:46:17","post_content":"","post_title":"MART\u00cdNEZ-GAYOL","post_excerpt":"","post_status":"publish","comment_status":"closed","ping_status":"closed","post_password":"","post_name":"martinez-gayol","to_ping":"","pinged":"","post_modified":"2022-10-14 17:46:17","post_modified_gmt":"2022-10-14 15:46:17","post_content_filtered":"","post_parent":0,"guid":"http:\/\/dev.claret.cat\/autor\/martinez-gayol\/","menu_order":0,"post_type":"autor","post_mime_type":"","comment_count":"0","filter":"raw"},{"ID":155765,"post_author":"3","post_date":"2022-10-14 15:15:27","post_date_gmt":"2022-10-14 13:15:27","post_content":"","post_title":"FERNANDEZ","post_excerpt":"","post_status":"publish","comment_status":"closed","ping_status":"closed","post_password":"","post_name":"fernandez","to_ping":"","pinged":"","post_modified":"2022-10-14 15:15:27","post_modified_gmt":"2022-10-14 13:15:27","post_content_filtered":"","post_parent":0,"guid":"http:\/\/dev.claret.cat\/autor\/fernandez\/","menu_order":0,"post_type":"autor","post_mime_type":"","comment_count":"0","filter":"raw"},{"ID":165099,"post_author":"3","post_date":"2022-10-14 17:52:23","post_date_gmt":"2022-10-14 15:52:23","post_content":"","post_title":"MILL\u00c1N","post_excerpt":"","post_status":"publish","comment_status":"closed","ping_status":"closed","post_password":"","post_name":"millan","to_ping":"","pinged":"","post_modified":"2022-10-14 17:52:23","post_modified_gmt":"2022-10-14 15:52:23","post_content_filtered":"","post_parent":0,"guid":"http:\/\/dev.claret.cat\/autor\/millan\/","menu_order":0,"post_type":"autor","post_mime_type":"","comment_count":"0","filter":"raw"},{"ID":150373,"post_author":"3","post_date":"2022-10-14 14:32:26","post_date_gmt":"2022-10-14 12:32:26","post_content":"","post_title":"\u00c1NGEL CORDOVILLA","post_excerpt":"","post_status":"publish","comment_status":"closed","ping_status":"closed","post_password":"","post_name":"angel-cordovilla","to_ping":"","pinged":"","post_modified":"2022-10-14 14:32:26","post_modified_gmt":"2022-10-14 12:32:26","post_content_filtered":"","post_parent":0,"guid":"http:\/\/dev.claret.cat\/autor\/angel-cordovilla\/","menu_order":0,"post_type":"autor","post_mime_type":"","comment_count":"0","filter":"raw"}],"booktrailer":"","resenas":""},"aioseo_notices":[],"_links":{"self":[{"href":"https:\/\/www.claret.cat\/es\/wp-json\/wp\/v2\/product\/136436","targetHints":{"allow":["GET"]}}],"collection":[{"href":"https:\/\/www.claret.cat\/es\/wp-json\/wp\/v2\/product"}],"about":[{"href":"https:\/\/www.claret.cat\/es\/wp-json\/wp\/v2\/types\/product"}],"wp:featuredmedia":[{"embeddable":true,"href":"https:\/\/www.claret.cat\/es\/wp-json\/wp\/v2\/media\/1077233"}],"wp:attachment":[{"href":"https:\/\/www.claret.cat\/es\/wp-json\/wp\/v2\/media?parent=136436"}],"wp:term":[{"taxonomy":"product_brand","embeddable":true,"href":"https:\/\/www.claret.cat\/es\/wp-json\/wp\/v2\/product_brand?post=136436"},{"taxonomy":"product_cat","embeddable":true,"href":"https:\/\/www.claret.cat\/es\/wp-json\/wp\/v2\/product_cat?post=136436"},{"taxonomy":"product_tag","embeddable":true,"href":"https:\/\/www.claret.cat\/es\/wp-json\/wp\/v2\/product_tag?post=136436"}],"curies":[{"name":"wp","href":"https:\/\/api.w.org\/{rel}","templated":true}]}}