{"id":136445,"date":"2022-10-13T09:05:22","date_gmt":"2022-10-13T07:05:22","guid":{"rendered":"http:\/\/dev.claret.cat\/producte\/tirante-el-blanco-la-novela-grafica\/"},"modified":"2026-02-26T17:35:43","modified_gmt":"2026-02-26T16:35:43","slug":"tirante-el-blanco-la-novela-grafica-9788402422088","status":"publish","type":"product","link":"https:\/\/www.claret.cat\/es\/libro\/tirante-el-blanco-la-novela-grafica-9788402422088\/","title":{"rendered":"TIRANTE EL BLANCO (LA NOVELA GR\u00c1FICA)"},"content":{"rendered":"<p>\u00a1La novela gr\u00e1fica del cl\u00e1sico de la literatura de caballer\u00edas, Tirante el Blanco!<br \/>\u00c9ste es el mejor libro del mundo. As\u00ed lo describi\u00f3 Miguel de Cervantes en su inmortal obra Don Quijote de La Mancha. Y este elogio de Cervantes ha quedado como testimonio obligado siempre que se habla de Tirante el Blanco, la extraordinaria novela escrita por Joanot Martorell y Mart\u00ed Joan de Galba.<\/p>\n<p>Esta adaptaci\u00f3n al g\u00e9nero de novela gr\u00e1fica, supone un acercamiento de esta obra maestra de la novela de caballer\u00eda al gran p\u00fablico.<\/p>\n","protected":false},"excerpt":{"rendered":"<p>VVAA<\/p>\n","protected":false},"featured_media":1086789,"template":"","meta":{"_acf_changed":false,"om_disable_all_campaigns":false,"rs_blank_template":"","rs_page_bg_color":"","slide_template_v7":"","inline_featured_image":false,"_monsterinsights_skip_tracking":false,"_monsterinsights_sitenote_active":false,"_monsterinsights_sitenote_note":"","_monsterinsights_sitenote_category":0},"product_brand":[],"product_cat":[108,558],"product_tag":[],"class_list":{"0":"post-136445","1":"product","2":"type-product","3":"status-publish","4":"has-post-thumbnail","6":"product_cat-comic","7":"product_cat-comic-3_infantil-juvenil-spa-spa","9":"first","10":"instock","11":"taxable","12":"shipping-taxable","13":"purchasable","14":"product-type-simple"},"acf":{"editorial":[{"ID":147571,"post_author":"3","post_date":"2022-10-14 11:51:35","post_date_gmt":"2022-10-14 09:51:35","post_content":"","post_title":"Bruguera (Ediciones B)","post_excerpt":"","post_status":"publish","comment_status":"closed","ping_status":"closed","post_password":"","post_name":"bruguera-ediciones-b","to_ping":"","pinged":"","post_modified":"2022-10-14 11:51:35","post_modified_gmt":"2022-10-14 09:51:35","post_content_filtered":"","post_parent":0,"guid":"http:\/\/dev.claret.cat\/editorial\/bruguera-ediciones-b\/","menu_order":0,"post_type":"editorial","post_mime_type":"","comment_count":"0","filter":"raw"}],"autores-libros":[{"ID":171204,"post_author":"3","post_date":"2022-10-14 22:41:30","post_date_gmt":"2022-10-14 20:41:30","post_content":"","post_title":"VVAA","post_excerpt":"","post_status":"publish","comment_status":"closed","ping_status":"closed","post_password":"","post_name":"vvaa","to_ping":"","pinged":"","post_modified":"2022-10-14 22:41:30","post_modified_gmt":"2022-10-14 20:41:30","post_content_filtered":"","post_parent":0,"guid":"http:\/\/dev.claret.cat\/autor\/vvaa\/","menu_order":0,"post_type":"autor","post_mime_type":"","comment_count":"0","filter":"raw"}],"autor":"VVAA","codart":"840242208","libros-coleccion":"Bruguera Cl\u00e1sica","ediciones":"1","encuadernacion":"Carton\u00e9","fecha_de_publicacion":"01\/03\/2019","novedad":"1","paginas":"144","subtitulo":"","orden":"0","portada":"0","idioma":"spa","booktrailer":"","resenas":""},"aioseo_notices":[],"_links":{"self":[{"href":"https:\/\/www.claret.cat\/es\/wp-json\/wp\/v2\/product\/136445","targetHints":{"allow":["GET"]}}],"collection":[{"href":"https:\/\/www.claret.cat\/es\/wp-json\/wp\/v2\/product"}],"about":[{"href":"https:\/\/www.claret.cat\/es\/wp-json\/wp\/v2\/types\/product"}],"wp:featuredmedia":[{"embeddable":true,"href":"https:\/\/www.claret.cat\/es\/wp-json\/wp\/v2\/media\/1086789"}],"wp:attachment":[{"href":"https:\/\/www.claret.cat\/es\/wp-json\/wp\/v2\/media?parent=136445"}],"wp:term":[{"taxonomy":"product_brand","embeddable":true,"href":"https:\/\/www.claret.cat\/es\/wp-json\/wp\/v2\/product_brand?post=136445"},{"taxonomy":"product_cat","embeddable":true,"href":"https:\/\/www.claret.cat\/es\/wp-json\/wp\/v2\/product_cat?post=136445"},{"taxonomy":"product_tag","embeddable":true,"href":"https:\/\/www.claret.cat\/es\/wp-json\/wp\/v2\/product_tag?post=136445"}],"curies":[{"name":"wp","href":"https:\/\/api.w.org\/{rel}","templated":true}]}}