{"id":136451,"date":"2022-10-13T09:05:28","date_gmt":"2022-10-13T07:05:28","guid":{"rendered":"http:\/\/dev.claret.cat\/producte\/en-busca-del-diamante-de-colores-el-detective-culete-album-ilustrado\/"},"modified":"2024-10-17T19:00:46","modified_gmt":"2024-10-17T17:00:46","slug":"en-busca-del-diamante-de-colores-el-detective-culete-album-ilustrado-9788448852214","status":"publish","type":"product","link":"https:\/\/www.claret.cat\/es\/libro\/en-busca-del-diamante-de-colores-el-detective-culete-album-ilustrado-9788448852214\/","title":{"rendered":"EN BUSCA DEL DIAMANTE DE COLORES (EL DETECTIVE CULETE. \u00c1LBUM ILUSTRADO)"},"content":{"rendered":"<p>\u00a1Hmm&#8230; Aqu\u00ed huele a caso! \u00a1Descifra las pistas ocultas y acompa\u00f1a al  detective Culete y a su perrito Brown en esta nueva aventura! El detective Culete tiene una apariencia peculiar: se comporta como un  perfecto detective ingl\u00e9s, pero su cara parece un culo. \u00a1Y se tira pedos  con ella! Con sus deducciones recorre la ciudad en busca de misterios. En busca del diamante de colores, segunda entrega de la  serie, el detective Culete tiene un nuevo caso del que encargarse:  resolver el secuestro de la hija de su cliente y descubrir el paradero  del diamante arco\u00edris, la recompensa legendaria que exige el secuestrador a cambio de liberar a su reh\u00e9n. Esta serie de libros llega en un formato de vi\u00f1etas entre el c\u00f3mic y el  \u00e1lbum ilustrado, con un protagonista muy divertido, una ambientaci\u00f3n muy  cuidada y p\u00e1ginas ilustradas llenas de detalles y personajes escondidos.  Los lectores acompa\u00f1ar\u00e1n al detective Culete en sus investigaciones, descifrando las pistas que hay ocultas en el texto y en las  ilustraciones.<\/p>\n","protected":false},"excerpt":{"rendered":"<p>TROLL<\/p>\n","protected":false},"featured_media":987065,"template":"","meta":{"_acf_changed":false,"om_disable_all_campaigns":false,"rs_blank_template":"","rs_page_bg_color":"","slide_template_v7":"","inline_featured_image":false,"_monsterinsights_skip_tracking":false,"_monsterinsights_sitenote_active":false,"_monsterinsights_sitenote_note":"","_monsterinsights_sitenote_category":0},"product_brand":[],"product_cat":[86,352],"product_tag":[],"class_list":{"0":"post-136451","1":"product","2":"type-product","3":"status-publish","4":"has-post-thumbnail","6":"product_cat-infantil","7":"product_cat-infantil-3_infantil-juvenil-spa","9":"first","10":"outofstock","11":"taxable","12":"shipping-taxable","13":"purchasable","14":"product-type-simple"},"acf":{"editorial":[{"ID":6141,"post_author":"3","post_date":"2022-07-28 17:45:46","post_date_gmt":"2022-07-28 15:45:46","post_content":"","post_title":"BEASCOA","post_excerpt":"","post_status":"publish","comment_status":"closed","ping_status":"closed","post_password":"","post_name":"beascoa","to_ping":"","pinged":"","post_modified":"2022-07-28 17:45:46","post_modified_gmt":"2022-07-28 15:45:46","post_content_filtered":"","post_parent":0,"guid":"http:\/\/dev.claret.cat\/editorial\/beascoa\/","menu_order":0,"post_type":"editorial","post_mime_type":"","comment_count":"0","filter":"raw"}],"autor":"TROLL","codart":"844885221","libros-coleccion":"El detective Culete. \u00c1lbum ilustrado","ediciones":"1","encuadernacion":"Carton\u00e9","fecha_de_publicacion":"01\/03\/2019","novedad":"1","paginas":"0","subtitulo":"","orden":"0","portada":"0","idioma":"spa","autores-libros":[{"ID":170639,"post_author":"3","post_date":"2022-10-14 22:36:58","post_date_gmt":"2022-10-14 20:36:58","post_content":"","post_title":"TROLL","post_excerpt":"","post_status":"publish","comment_status":"closed","ping_status":"closed","post_password":"","post_name":"troll","to_ping":"","pinged":"","post_modified":"2022-10-14 22:36:58","post_modified_gmt":"2022-10-14 20:36:58","post_content_filtered":"","post_parent":0,"guid":"http:\/\/dev.claret.cat\/autor\/troll\/","menu_order":0,"post_type":"autor","post_mime_type":"","comment_count":"0","filter":"raw"}]},"aioseo_notices":[],"_links":{"self":[{"href":"https:\/\/www.claret.cat\/es\/wp-json\/wp\/v2\/product\/136451","targetHints":{"allow":["GET"]}}],"collection":[{"href":"https:\/\/www.claret.cat\/es\/wp-json\/wp\/v2\/product"}],"about":[{"href":"https:\/\/www.claret.cat\/es\/wp-json\/wp\/v2\/types\/product"}],"wp:featuredmedia":[{"embeddable":true,"href":"https:\/\/www.claret.cat\/es\/wp-json\/wp\/v2\/media\/987065"}],"wp:attachment":[{"href":"https:\/\/www.claret.cat\/es\/wp-json\/wp\/v2\/media?parent=136451"}],"wp:term":[{"taxonomy":"product_brand","embeddable":true,"href":"https:\/\/www.claret.cat\/es\/wp-json\/wp\/v2\/product_brand?post=136451"},{"taxonomy":"product_cat","embeddable":true,"href":"https:\/\/www.claret.cat\/es\/wp-json\/wp\/v2\/product_cat?post=136451"},{"taxonomy":"product_tag","embeddable":true,"href":"https:\/\/www.claret.cat\/es\/wp-json\/wp\/v2\/product_tag?post=136451"}],"curies":[{"name":"wp","href":"https:\/\/api.w.org\/{rel}","templated":true}]}}