{"id":136466,"date":"2022-10-13T09:05:42","date_gmt":"2022-10-13T07:05:42","guid":{"rendered":"http:\/\/dev.claret.cat\/producte\/los-ninos-preguntan-los-genios-responden\/"},"modified":"2023-01-28T18:20:47","modified_gmt":"2023-01-28T17:20:47","slug":"los-ninos-preguntan-los-genios-responden-9788417460730","status":"publish","type":"product","link":"https:\/\/www.claret.cat\/es\/libro\/los-ninos-preguntan-los-genios-responden-9788417460730\/","title":{"rendered":"LOS NI\u00d1OS PREGUNTAN, LOS GENIOS RESPONDEN"},"content":{"rendered":"<p>Genios y especialistas de distintos campos se enfrentar\u00e1n a las  preguntas m\u00e1s interesantes de los ni\u00f1os de hoy en d\u00eda. \u00a1Descubre las respuestas en este libro para los m\u00e1s curiosos! Los ni\u00f1os siempre andan preguntando, y aciertan en cada disparo. Pero  esta vez las preguntas van dirigidas a los genios m\u00e1s entendidos en  distintas materias: dibujo, literatura, ciencia, danza, escritura&#8230; \u00bfLes pondr\u00e1n en alg\u00fan aprieto? \u00bfQu\u00e9 dibujar\u00eda Francisco Ib\u00e1\u00f1ez si, solo con pintarlo, se hiciese realidad? O \u00bfqu\u00e9 responder\u00eda Rosa Montero si le preguntan si escribe solo sobre cosas que le han pasado? \u00bfCu\u00e1l es la pel\u00edcula que m\u00e1s le gustar\u00eda dirigir a Isabel Coixet? Y \u00bfqu\u00e9 responder\u00eda Julia Otero sobre si los periodistas deben decir siempre lo que piensan?<\/p>\n","protected":false},"excerpt":{"rendered":"<p>BELTR\u00c1N, REBECCA<\/p>\n","protected":false},"featured_media":136467,"template":"","meta":{"_acf_changed":false,"om_disable_all_campaigns":false,"rs_blank_template":"","rs_page_bg_color":"","slide_template_v7":"","inline_featured_image":false,"_monsterinsights_skip_tracking":false,"_monsterinsights_sitenote_active":false,"_monsterinsights_sitenote_note":"","_monsterinsights_sitenote_category":0},"product_brand":[],"product_cat":[100,82],"product_tag":[],"class_list":{"0":"post-136466","1":"product","2":"type-product","3":"status-publish","4":"has-post-thumbnail","6":"product_cat-escola-de-pares","7":"product_cat-pedagogia","9":"first","10":"instock","11":"taxable","12":"shipping-taxable","13":"purchasable","14":"product-type-simple"},"acf":{"editorial":[{"ID":6310,"post_author":"3","post_date":"2022-07-28 17:49:26","post_date_gmt":"2022-07-28 15:49:26","post_content":"","post_title":"MONTENA","post_excerpt":"","post_status":"publish","comment_status":"closed","ping_status":"closed","post_password":"","post_name":"montena","to_ping":"","pinged":"","post_modified":"2022-07-28 17:49:26","post_modified_gmt":"2022-07-28 15:49:26","post_content_filtered":"","post_parent":0,"guid":"http:\/\/dev.claret.cat\/editorial\/montena\/","menu_order":0,"post_type":"editorial","post_mime_type":"","comment_count":"0","filter":"raw"}],"autor":"BELTR\u00c1N, REBECCA","codart":"841746073","libros-coleccion":"Montena","ediciones":"1","encuadernacion":"Carton\u00e9","fecha_de_publicacion":"01\/03\/2019","novedad":"1","paginas":"0","subtitulo":"","orden":"0","portada":"0","idioma":"spa","autores-libros":[{"ID":167899,"post_author":"3","post_date":"2022-10-14 18:14:54","post_date_gmt":"2022-10-14 16:14:54","post_content":"","post_title":"REBECCA BELTR\u00c1N","post_excerpt":"","post_status":"publish","comment_status":"closed","ping_status":"closed","post_password":"","post_name":"rebecca-beltran","to_ping":"","pinged":"","post_modified":"2022-10-14 18:14:54","post_modified_gmt":"2022-10-14 16:14:54","post_content_filtered":"","post_parent":0,"guid":"http:\/\/dev.claret.cat\/autor\/rebecca-beltran\/","menu_order":0,"post_type":"autor","post_mime_type":"","comment_count":"0","filter":"raw"}]},"aioseo_notices":[],"_links":{"self":[{"href":"https:\/\/www.claret.cat\/es\/wp-json\/wp\/v2\/product\/136466","targetHints":{"allow":["GET"]}}],"collection":[{"href":"https:\/\/www.claret.cat\/es\/wp-json\/wp\/v2\/product"}],"about":[{"href":"https:\/\/www.claret.cat\/es\/wp-json\/wp\/v2\/types\/product"}],"wp:featuredmedia":[{"embeddable":true,"href":"https:\/\/www.claret.cat\/es\/wp-json\/wp\/v2\/media\/136467"}],"wp:attachment":[{"href":"https:\/\/www.claret.cat\/es\/wp-json\/wp\/v2\/media?parent=136466"}],"wp:term":[{"taxonomy":"product_brand","embeddable":true,"href":"https:\/\/www.claret.cat\/es\/wp-json\/wp\/v2\/product_brand?post=136466"},{"taxonomy":"product_cat","embeddable":true,"href":"https:\/\/www.claret.cat\/es\/wp-json\/wp\/v2\/product_cat?post=136466"},{"taxonomy":"product_tag","embeddable":true,"href":"https:\/\/www.claret.cat\/es\/wp-json\/wp\/v2\/product_tag?post=136466"}],"curies":[{"name":"wp","href":"https:\/\/api.w.org\/{rel}","templated":true}]}}