{"id":136478,"date":"2022-10-13T09:05:53","date_gmt":"2022-10-13T07:05:53","guid":{"rendered":"http:\/\/dev.claret.cat\/producte\/a-la-recerca-del-diamant-de-colors-el-detectiu-culet-album-il-lustrat\/"},"modified":"2024-05-03T11:46:55","modified_gmt":"2024-05-03T09:46:55","slug":"a-la-recerca-del-diamant-de-colors-el-detectiu-culet-album-illustrat-9788448852221","status":"publish","type":"product","link":"https:\/\/www.claret.cat\/es\/libro\/a-la-recerca-del-diamant-de-colors-el-detectiu-culet-album-illustrat-9788448852221\/","title":{"rendered":"A LA RECERCA DEL DIAMANT DE COLORS (EL DETECTIU CULET. \u00c0LBUM IL.LUSTRAT)"},"content":{"rendered":"<p>Mmm&#8230; Ensumo un cas per resoldre! Esbrina pistes amagades i  acompanya el detectiu Culet i el seu gosset Brown en aquesta nova aventura! El Detectiu Culet t\u00e9 una aparen\u00e7a peculiar: es comporta com un perfecte  detectiu angl\u00e8s, per\u00f2 la seva cara sembla un cul. I es tira  pets amb la  seva cara! Amb les seves deduccions recorre els carres de la seva ciutat i resol petits misteris. A la recerca del diamant de colors es la segona entrega  d&#8221;aquesta s\u00e8rie trepidant, en qu\u00e8 el Detectiu Culet s&#8221;enfronta a un  doble repte: el segrest de la filla del seu client i el misteri del  diamant de colors, la recompensa que exigeix el segrestador a canvi d&#8221;alliberar-la. Aquesta s\u00e8rie de llibres arriba en un format de vinyetes molt proper al  c\u00f2mic i a l&#8221;\u00e0lbum il\u00b7lustrat, amb un protagonista molt divertit, una  ambientaci\u00f3 molt cuidada i un llibre ple de petits personatges i de  petits elements amagats en grans p\u00e0gines il\u00b7lustrades plenes de detalls.  Amb un humor per a un p\u00fablic de totes les edats i un personatge que promet ser ic\u00f2nic.<\/p>\n","protected":false},"excerpt":{"rendered":"<p>TROLL<\/p>\n","protected":false},"featured_media":136479,"template":"","meta":{"_acf_changed":false,"om_disable_all_campaigns":false,"rs_blank_template":"","rs_page_bg_color":"","slide_template_v7":"","inline_featured_image":false,"_monsterinsights_skip_tracking":false,"_monsterinsights_sitenote_active":false,"_monsterinsights_sitenote_note":"","_monsterinsights_sitenote_category":0},"product_brand":[],"product_cat":[86,352],"product_tag":[],"class_list":{"0":"post-136478","1":"product","2":"type-product","3":"status-publish","4":"has-post-thumbnail","6":"product_cat-infantil","7":"product_cat-infantil-3_infantil-juvenil-spa","9":"first","10":"instock","11":"taxable","12":"shipping-taxable","13":"purchasable","14":"product-type-simple"},"acf":{"editorial":[{"ID":6141,"post_author":"3","post_date":"2022-07-28 17:45:46","post_date_gmt":"2022-07-28 15:45:46","post_content":"","post_title":"BEASCOA","post_excerpt":"","post_status":"publish","comment_status":"closed","ping_status":"closed","post_password":"","post_name":"beascoa","to_ping":"","pinged":"","post_modified":"2022-07-28 17:45:46","post_modified_gmt":"2022-07-28 15:45:46","post_content_filtered":"","post_parent":0,"guid":"http:\/\/dev.claret.cat\/editorial\/beascoa\/","menu_order":0,"post_type":"editorial","post_mime_type":"","comment_count":"0","filter":"raw"}],"autor":"TROLL","codart":"844885222","libros-coleccion":"El detectiu Culet. \u00c0lbum il.lustrat","ediciones":"1","encuadernacion":"Carton\u00e9","fecha_de_publicacion":"01\/03\/2019","novedad":"1","paginas":"0","subtitulo":"","orden":"0","portada":"0","idioma":"cat","autores-libros":[{"ID":170639,"post_author":"3","post_date":"2022-10-14 22:36:58","post_date_gmt":"2022-10-14 20:36:58","post_content":"","post_title":"TROLL","post_excerpt":"","post_status":"publish","comment_status":"closed","ping_status":"closed","post_password":"","post_name":"troll","to_ping":"","pinged":"","post_modified":"2022-10-14 22:36:58","post_modified_gmt":"2022-10-14 20:36:58","post_content_filtered":"","post_parent":0,"guid":"http:\/\/dev.claret.cat\/autor\/troll\/","menu_order":0,"post_type":"autor","post_mime_type":"","comment_count":"0","filter":"raw"}]},"aioseo_notices":[],"_links":{"self":[{"href":"https:\/\/www.claret.cat\/es\/wp-json\/wp\/v2\/product\/136478","targetHints":{"allow":["GET"]}}],"collection":[{"href":"https:\/\/www.claret.cat\/es\/wp-json\/wp\/v2\/product"}],"about":[{"href":"https:\/\/www.claret.cat\/es\/wp-json\/wp\/v2\/types\/product"}],"wp:featuredmedia":[{"embeddable":true,"href":"https:\/\/www.claret.cat\/es\/wp-json\/wp\/v2\/media\/136479"}],"wp:attachment":[{"href":"https:\/\/www.claret.cat\/es\/wp-json\/wp\/v2\/media?parent=136478"}],"wp:term":[{"taxonomy":"product_brand","embeddable":true,"href":"https:\/\/www.claret.cat\/es\/wp-json\/wp\/v2\/product_brand?post=136478"},{"taxonomy":"product_cat","embeddable":true,"href":"https:\/\/www.claret.cat\/es\/wp-json\/wp\/v2\/product_cat?post=136478"},{"taxonomy":"product_tag","embeddable":true,"href":"https:\/\/www.claret.cat\/es\/wp-json\/wp\/v2\/product_tag?post=136478"}],"curies":[{"name":"wp","href":"https:\/\/api.w.org\/{rel}","templated":true}]}}