{"id":136640,"date":"2022-10-13T09:08:22","date_gmt":"2022-10-13T07:08:22","guid":{"rendered":"http:\/\/dev.claret.cat\/producte\/los-hijos-lo-valen\/"},"modified":"2024-05-23T20:57:48","modified_gmt":"2024-05-23T18:57:48","slug":"los-hijos-lo-valen-9788470576492","status":"publish","type":"product","link":"https:\/\/www.claret.cat\/es\/libro\/los-hijos-lo-valen-9788470576492\/","title":{"rendered":"\u00a1LOS HIJOS LO VALEN!"},"content":{"rendered":"<p>La preocupaci\u00f3n por la educaci\u00f3n de los hijos ha crecido exponencialmente en los \u00faltimos a\u00f1os, m\u00e1xime cuando se ha comprobado, en sociedades avanzadas como la norteamericana, la ineficacia de ciertos m\u00e9todos pedag\u00f3gicos, sobre todo el conductista, que no ha servido m\u00e1s que para ahondar en la competitividad y en la carencia de empat\u00eda de los j\u00f3venes que saltan al ruedo de lo social con un preocupante d\u00e9ficit de solidaridad, y que adem\u00e1s desarrollan experiencias interiores marcadas por la ansiedad y la soledad.<\/p>\n<p>Mostrar la gravedad del fen\u00f3meno, tanto en el aspecto social como en el psicol\u00f3gico, ha sido lo que ha llevado a Barbara Coloroso a dedicar pr\u00e1cticamente toda su vida a recorrer el mundo proclamando una propuesta diferente: educar a seres humanos misericordiosos, capaces de compartir con generosidad, solidarios, responsables y decididos luchadores contra la injusticia. Lo realmente cautivador de este libro que ahora pone en nuestra lengua Ediciones Cristiandad, es que Coloroso maneja un m\u00e9todo propio muy consolidado, ajeno por completo a las proclamas te\u00f3ricas, y fundamentado en una largu\u00edsima experiencia en muy diversos contextos socioculturales, a lo que se une, desde luego, su experiencia concreta como madre de tres hijos y abuela de dos nietos.<\/p>\n<p>Con un estilo transparente y preciso, la autora nos hace ver que las herramientas que hemos heredado y que se encuentran, quer\u00e1moslo o no, en nuestra \u201ccaja mental\u201d no nos van a servir para el gran reto que tenemos por delante, que no es otro que el de educar hijos capaces de hacer un mundo m\u00e1s humano, m\u00e1s justo y m\u00e1s feliz. Partiendo de un escrupuloso respeto a la identidad y las capacidades del ni\u00f1o, Barbara Coloroso nos muestra una metodolog\u00eda comprensiva y radical orientada a reforzar la dignidad y la libertad, la responsabilidad y el empoderamiento, la creatividad y la disciplina de los adolescentes, poniendo una y otra vez el foco, como no pod\u00eda ser de otra manera, en la actitud de los padres y el entorno familiar que los progenitores han ido creando, sean o no conscientes de ello.<\/p>\n<p>Coloroso, como experta pedagoga, se asegura en esta obra de que los padres terminen reconoci\u00e9ndose en alguno de los tres tipos de familia (\u2018ladrillo\u2019, \u2018medusa\u2019 y \u2018columna vertebral\u2019), que pone como ejemplos para ayudar a que cada cual haga su examen de conciencia pertinente. Y para orientar en esta dificil\u00edsima tarea aborda decenas de circunstancias concretas (desde c\u00f3mo comportarse a la hora de comer o de dormir, hasta qu\u00e9 hacer cuando se presenta un \u201cmegaloproblema\u201d como sacar a un hijo de la c\u00e1rcel), pasando, desde luego, por cuestiones complejas como el dinero, la droga o la sexualidad. Ante todas ellas, sin embargo, el lector comprender\u00e1, de la mano de nuestra autora, que lo m\u00e1s dif\u00edcil y necesario es utilizar el sentido com\u00fan, la inteligencia y el cari\u00f1o. Y, sobre todo, el profundo respeto por la libertad y la conciencia de nuestros hijos.<\/p>\n","protected":false},"excerpt":{"rendered":"<p>COLOROSO, BARBARA<\/p>\n","protected":false},"featured_media":349606,"template":"","meta":{"_acf_changed":false,"om_disable_all_campaigns":false,"rs_blank_template":"","rs_page_bg_color":"","slide_template_v7":"","inline_featured_image":false,"_monsterinsights_skip_tracking":false,"_monsterinsights_sitenote_active":false,"_monsterinsights_sitenote_note":"","_monsterinsights_sitenote_category":0},"product_brand":[],"product_cat":[82,348],"product_tag":[],"class_list":{"0":"post-136640","1":"product","2":"type-product","3":"status-publish","4":"has-post-thumbnail","6":"product_cat-pedagogia","7":"product_cat-pedagogia-2_humanidades","9":"first","10":"outofstock","11":"taxable","12":"shipping-taxable","13":"purchasable","14":"product-type-simple"},"acf":{"editorial":[{"ID":6173,"post_author":"3","post_date":"2022-07-28 17:46:28","post_date_gmt":"2022-07-28 15:46:28","post_content":"","post_title":"Cristiandad","post_excerpt":"","post_status":"publish","comment_status":"closed","ping_status":"closed","post_password":"","post_name":"cristiandad","to_ping":"","pinged":"","post_modified":"2022-07-28 17:46:28","post_modified_gmt":"2022-07-28 15:46:28","post_content_filtered":"","post_parent":0,"guid":"http:\/\/dev.claret.cat\/editorial\/cristiandad\/","menu_order":0,"post_type":"editorial","post_mime_type":"","comment_count":"0","filter":"raw"}],"autor":"COLOROSO, BARBARA","codart":"847057649","libros-coleccion":"","ediciones":"1","encuadernacion":"R\u00fastica","fecha_de_publicacion":"26\/03\/2019","novedad":"1","paginas":"370","subtitulo":"C\u00d3MO CRIAR NI\u00d1OS RESILIENTES, RESPONSABLES Y SOLIDARIOS","orden":"0","portada":"0","idioma":"spa","autores-libros":[{"ID":151340,"post_author":"3","post_date":"2022-10-14 14:40:06","post_date_gmt":"2022-10-14 12:40:06","post_content":"","post_title":"BARBARA COLOROSO","post_excerpt":"","post_status":"publish","comment_status":"closed","ping_status":"closed","post_password":"","post_name":"barbara-coloroso","to_ping":"","pinged":"","post_modified":"2022-10-14 14:40:06","post_modified_gmt":"2022-10-14 12:40:06","post_content_filtered":"","post_parent":0,"guid":"http:\/\/dev.claret.cat\/autor\/barbara-coloroso\/","menu_order":0,"post_type":"autor","post_mime_type":"","comment_count":"0","filter":"raw"}]},"aioseo_notices":[],"_links":{"self":[{"href":"https:\/\/www.claret.cat\/es\/wp-json\/wp\/v2\/product\/136640","targetHints":{"allow":["GET"]}}],"collection":[{"href":"https:\/\/www.claret.cat\/es\/wp-json\/wp\/v2\/product"}],"about":[{"href":"https:\/\/www.claret.cat\/es\/wp-json\/wp\/v2\/types\/product"}],"wp:featuredmedia":[{"embeddable":true,"href":"https:\/\/www.claret.cat\/es\/wp-json\/wp\/v2\/media\/349606"}],"wp:attachment":[{"href":"https:\/\/www.claret.cat\/es\/wp-json\/wp\/v2\/media?parent=136640"}],"wp:term":[{"taxonomy":"product_brand","embeddable":true,"href":"https:\/\/www.claret.cat\/es\/wp-json\/wp\/v2\/product_brand?post=136640"},{"taxonomy":"product_cat","embeddable":true,"href":"https:\/\/www.claret.cat\/es\/wp-json\/wp\/v2\/product_cat?post=136640"},{"taxonomy":"product_tag","embeddable":true,"href":"https:\/\/www.claret.cat\/es\/wp-json\/wp\/v2\/product_tag?post=136640"}],"curies":[{"name":"wp","href":"https:\/\/api.w.org\/{rel}","templated":true}]}}