{"id":136649,"date":"2022-10-13T09:08:30","date_gmt":"2022-10-13T07:08:30","guid":{"rendered":"http:\/\/dev.claret.cat\/producte\/sobre-la-vida-de-moises\/"},"modified":"2025-12-15T17:20:51","modified_gmt":"2025-12-15T16:20:51","slug":"sobre-la-vida-de-moises-9788497153430","status":"publish","type":"product","link":"https:\/\/www.claret.cat\/es\/libro\/sobre-la-vida-de-moises-9788497153430\/","title":{"rendered":"SOBRE LA VIDA DE MOIS\u00c9S"},"content":{"rendered":"<p>El tratado &#8216;Sobre la vida de Mois\u00e9s&#8217;, en el que su ense\u00f1anza m\u00edstica alcanza el punto culminante, se suele datar en las cercan\u00edas del 392. <br \/>Se trata de un libro en el que Gregorio combina arm\u00f3nicamente su saber teol\u00f3gico, su conocimiento de la Sagrada Escritura y su elevada doctrina espiritual.<br \/>En la Vida de Mois\u00e9s, la ense\u00f1anza espiritual de Gregorio -y con ella la doctrina espiritual de los Padres griegos- alcanza su total plenitud y se manifiesta en su desarrollo m\u00e1s perfecto. Es como si los temas doctrinales y asc\u00e9ticos que Gregorio ha venido desarrollando en sus escritos anteriores encontrasen aqu\u00ed su formulaci\u00f3n acabada.<\/p>\n","protected":false},"excerpt":{"rendered":"<p>GREGORIO DE NISA<\/p>\n","protected":false},"featured_media":387651,"template":"","meta":{"_acf_changed":false,"om_disable_all_campaigns":false,"rs_blank_template":"","rs_page_bg_color":"","slide_template_v7":"","inline_featured_image":false,"_monsterinsights_skip_tracking":false,"_monsterinsights_sitenote_active":false,"_monsterinsights_sitenote_note":"","_monsterinsights_sitenote_category":0},"product_brand":[],"product_cat":[93,543,345,79,510,280,95,545],"product_tag":[],"class_list":{"0":"post-136649","1":"product","2":"type-product","3":"status-publish","4":"has-post-thumbnail","6":"product_cat-eclesiologia","7":"product_cat-eclesiologia-es","8":"product_cat-espiritualidad","9":"product_cat-espiritualitat","10":"product_cat-patrologia-teologia-1_espiritualidad","11":"product_cat-patrologia","12":"product_cat-santoral","13":"product_cat-santoral-1_espiritualidad-spa","15":"first","16":"instock","17":"taxable","18":"shipping-taxable","19":"purchasable","20":"product-type-simple"},"acf":{"editorial":[{"ID":6157,"post_author":"3","post_date":"2022-07-28 17:46:07","post_date_gmt":"2022-07-28 15:46:07","post_content":"","post_title":"Ciudad Nueva","post_excerpt":"","post_status":"publish","comment_status":"closed","ping_status":"closed","post_password":"","post_name":"ciudad-nueva","to_ping":"","pinged":"","post_modified":"2022-07-28 17:46:07","post_modified_gmt":"2022-07-28 15:46:07","post_content_filtered":"","post_parent":0,"guid":"http:\/\/dev.claret.cat\/editorial\/ciudad-nueva\/","menu_order":0,"post_type":"editorial","post_mime_type":"","comment_count":"0","filter":"raw"}],"autor":"GREGORIO DE NISA","codart":"849715343","libros-coleccion":"Biblioteca de Patr\u00edstica","ediciones":"2","encuadernacion":"R\u00fastica","fecha_de_publicacion":"25\/03\/2019","novedad":"1","paginas":"256","subtitulo":"","orden":"0","portada":"0","idioma":"spa","autores-libros":[{"ID":157127,"post_author":"3","post_date":"2022-10-14 15:26:20","post_date_gmt":"2022-10-14 13:26:20","post_content":"","post_title":"GREGORIO DE NISA","post_excerpt":"","post_status":"publish","comment_status":"closed","ping_status":"closed","post_password":"","post_name":"gregorio-de-nisa","to_ping":"","pinged":"","post_modified":"2022-10-14 15:26:20","post_modified_gmt":"2022-10-14 13:26:20","post_content_filtered":"","post_parent":0,"guid":"http:\/\/dev.claret.cat\/autor\/gregorio-de-nisa\/","menu_order":0,"post_type":"autor","post_mime_type":"","comment_count":"0","filter":"raw"}],"booktrailer":"","resenas":""},"aioseo_notices":[],"_links":{"self":[{"href":"https:\/\/www.claret.cat\/es\/wp-json\/wp\/v2\/product\/136649","targetHints":{"allow":["GET"]}}],"collection":[{"href":"https:\/\/www.claret.cat\/es\/wp-json\/wp\/v2\/product"}],"about":[{"href":"https:\/\/www.claret.cat\/es\/wp-json\/wp\/v2\/types\/product"}],"wp:featuredmedia":[{"embeddable":true,"href":"https:\/\/www.claret.cat\/es\/wp-json\/wp\/v2\/media\/387651"}],"wp:attachment":[{"href":"https:\/\/www.claret.cat\/es\/wp-json\/wp\/v2\/media?parent=136649"}],"wp:term":[{"taxonomy":"product_brand","embeddable":true,"href":"https:\/\/www.claret.cat\/es\/wp-json\/wp\/v2\/product_brand?post=136649"},{"taxonomy":"product_cat","embeddable":true,"href":"https:\/\/www.claret.cat\/es\/wp-json\/wp\/v2\/product_cat?post=136649"},{"taxonomy":"product_tag","embeddable":true,"href":"https:\/\/www.claret.cat\/es\/wp-json\/wp\/v2\/product_tag?post=136649"}],"curies":[{"name":"wp","href":"https:\/\/api.w.org\/{rel}","templated":true}]}}