{"id":136700,"date":"2022-10-13T09:09:17","date_gmt":"2022-10-13T07:09:17","guid":{"rendered":"http:\/\/dev.claret.cat\/producte\/munoz-ramonet-retrat-dun-home-sense-imatge\/"},"modified":"2023-01-28T16:56:34","modified_gmt":"2023-01-28T15:56:34","slug":"munoz-ramonet-retrat-dun-home-sense-imatge-9788417188856","status":"publish","type":"product","link":"https:\/\/www.claret.cat\/es\/libro\/munoz-ramonet-retrat-dun-home-sense-imatge-9788417188856\/","title":{"rendered":"MU\u00d1OZ RAMONET: RETRAT D&#8217;UN HOME SENSE IMATGE"},"content":{"rendered":"<p>Julio Mu\u00f1oz Ramonet \u00e9s una de les figures m\u00e9s enigm\u00e0tiques de la societat barcelonina de mitjan segle XX. Durant d\u00e8cades va ser un dels homes m\u00e9s poderosos de la ciutat i, no obstant aix\u00f2, fou un home sense imatge, del qual van transcendir poqu\u00edssimes fotografies. Les operacions de Mu\u00f1oz mai eren del tot clares. El llarg litigi entorn del llegat de la seva gran col\u00b7lecci\u00f3 art\u00edstica, aconseguida en anys de negocis nebulosos o directament foscos, \u00e9s el que n&#8217;ha marcat m\u00e9s el nom des de la seva mort (Su\u00efssa, 1991). Per\u00f2 Mu\u00f1oz Ramonet \u00e9s l&#8217;estendard d&#8217;una manera de fer diners, representa l&#8217;avantguarda del liberalisme sense regulacions de la nostra contemporane\u00eftat i d&#8217;una \u00e8poca que sembla projectar-se sobre el present.<\/p>\n<p> L&#8217;aportaci\u00f3 d&#8217;aquest llibre es planteja com una obra poli\u00e8drica que pret\u00e9n, sobretot, entrar en el personatge, en la seva activitat com a empresari i en la seva dimensi\u00f3 de col\u00b7leccionista. Per aix\u00f2 es construeix a partir d&#8217;un seguit de textos in\u00e8dits, d&#8217;autors que ja han treballat sobre Julio Mu\u00f1oz Ramonet i d&#8217;altres que s&#8217;hi estrenen, amb noves mirades i noves recerques per fer llum sobre un relat ple d&#8217;inc\u00f2gnites.<\/p>\n","protected":false},"excerpt":{"rendered":"<p>XAVIER THEROS \/ LLONCH, MONTSERRAT \/ ALSINA, ESTHER \/ GUAL, JOAN MIQUEL \/ MONTA<\/p>\n","protected":false},"featured_media":136701,"template":"","meta":{"_acf_changed":false,"om_disable_all_campaigns":false,"rs_blank_template":"","rs_page_bg_color":"","slide_template_v7":"","inline_featured_image":false,"_monsterinsights_skip_tracking":false,"_monsterinsights_sitenote_active":false,"_monsterinsights_sitenote_note":"","_monsterinsights_sitenote_category":0},"product_brand":[],"product_cat":[99],"product_tag":[],"class_list":{"0":"post-136700","1":"product","2":"type-product","3":"status-publish","4":"has-post-thumbnail","6":"product_cat-biografies","8":"first","9":"instock","10":"taxable","11":"shipping-taxable","12":"purchasable","13":"product-type-simple"},"acf":{"editorial":[{"ID":6222,"post_author":"3","post_date":"2022-07-28 17:47:31","post_date_gmt":"2022-07-28 15:47:31","post_content":"","post_title":"Editorial Comanegra","post_excerpt":"","post_status":"publish","comment_status":"closed","ping_status":"closed","post_password":"","post_name":"editorial-comanegra","to_ping":"","pinged":"","post_modified":"2022-07-28 17:47:31","post_modified_gmt":"2022-07-28 15:47:31","post_content_filtered":"","post_parent":0,"guid":"http:\/\/dev.claret.cat\/editorial\/editorial-comanegra\/","menu_order":0,"post_type":"editorial","post_mime_type":"","comment_count":"0","filter":"raw"}],"autor":"XAVIER THEROS \/ LLONCH, MONTSERRAT \/ ALSINA, ESTHER \/ GUAL, JOAN MIQUEL \/ MONTA","codart":"841718885","libros-coleccion":"","ediciones":"1","encuadernacion":"R\u00fastica","fecha_de_publicacion":"01\/03\/2019","novedad":"1","paginas":"260","subtitulo":"","orden":"0","portada":"0","idioma":"cat","autores-libros":[{"ID":171497,"post_author":"3","post_date":"2022-10-14 22:43:53","post_date_gmt":"2022-10-14 20:43:53","post_content":"","post_title":"XAVIER THEROS","post_excerpt":"","post_status":"publish","comment_status":"closed","ping_status":"closed","post_password":"","post_name":"xavier-theros-2","to_ping":"","pinged":"","post_modified":"2022-10-14 22:43:53","post_modified_gmt":"2022-10-14 20:43:53","post_content_filtered":"","post_parent":0,"guid":"http:\/\/dev.claret.cat\/autor\/xavier-theros-2\/","menu_order":0,"post_type":"autor","post_mime_type":"","comment_count":"0","filter":"raw"},{"ID":165435,"post_author":"3","post_date":"2022-10-14 17:55:09","post_date_gmt":"2022-10-14 15:55:09","post_content":"","post_title":"MONTSERRAT LLONCH","post_excerpt":"","post_status":"publish","comment_status":"closed","ping_status":"closed","post_password":"","post_name":"montserrat-llonch","to_ping":"","pinged":"","post_modified":"2022-10-14 17:55:09","post_modified_gmt":"2022-10-14 15:55:09","post_content_filtered":"","post_parent":0,"guid":"http:\/\/dev.claret.cat\/autor\/montserrat-llonch\/","menu_order":0,"post_type":"autor","post_mime_type":"","comment_count":"0","filter":"raw"},{"ID":155421,"post_author":"3","post_date":"2022-10-14 15:12:42","post_date_gmt":"2022-10-14 13:12:42","post_content":"","post_title":"ESTHER ALSINA","post_excerpt":"","post_status":"publish","comment_status":"closed","ping_status":"closed","post_password":"","post_name":"esther-alsina","to_ping":"","pinged":"","post_modified":"2022-10-14 15:12:42","post_modified_gmt":"2022-10-14 13:12:42","post_content_filtered":"","post_parent":0,"guid":"http:\/\/dev.claret.cat\/autor\/esther-alsina\/","menu_order":0,"post_type":"autor","post_mime_type":"","comment_count":"0","filter":"raw"},{"ID":159370,"post_author":"3","post_date":"2022-10-14 15:44:18","post_date_gmt":"2022-10-14 13:44:18","post_content":"","post_title":"JOAN MIQUEL GUAL","post_excerpt":"","post_status":"publish","comment_status":"closed","ping_status":"closed","post_password":"","post_name":"joan-miquel-gual","to_ping":"","pinged":"","post_modified":"2022-10-14 15:44:18","post_modified_gmt":"2022-10-14 13:44:18","post_content_filtered":"","post_parent":0,"guid":"http:\/\/dev.claret.cat\/autor\/joan-miquel-gual\/","menu_order":0,"post_type":"autor","post_mime_type":"","comment_count":"0","filter":"raw"},{"ID":165364,"post_author":"3","post_date":"2022-10-14 17:54:35","post_date_gmt":"2022-10-14 15:54:35","post_content":"","post_title":"MONTA","post_excerpt":"","post_status":"publish","comment_status":"closed","ping_status":"closed","post_password":"","post_name":"monta","to_ping":"","pinged":"","post_modified":"2022-10-14 17:54:35","post_modified_gmt":"2022-10-14 15:54:35","post_content_filtered":"","post_parent":0,"guid":"http:\/\/dev.claret.cat\/autor\/monta\/","menu_order":0,"post_type":"autor","post_mime_type":"","comment_count":"0","filter":"raw"}]},"aioseo_notices":[],"_links":{"self":[{"href":"https:\/\/www.claret.cat\/es\/wp-json\/wp\/v2\/product\/136700","targetHints":{"allow":["GET"]}}],"collection":[{"href":"https:\/\/www.claret.cat\/es\/wp-json\/wp\/v2\/product"}],"about":[{"href":"https:\/\/www.claret.cat\/es\/wp-json\/wp\/v2\/types\/product"}],"wp:featuredmedia":[{"embeddable":true,"href":"https:\/\/www.claret.cat\/es\/wp-json\/wp\/v2\/media\/136701"}],"wp:attachment":[{"href":"https:\/\/www.claret.cat\/es\/wp-json\/wp\/v2\/media?parent=136700"}],"wp:term":[{"taxonomy":"product_brand","embeddable":true,"href":"https:\/\/www.claret.cat\/es\/wp-json\/wp\/v2\/product_brand?post=136700"},{"taxonomy":"product_cat","embeddable":true,"href":"https:\/\/www.claret.cat\/es\/wp-json\/wp\/v2\/product_cat?post=136700"},{"taxonomy":"product_tag","embeddable":true,"href":"https:\/\/www.claret.cat\/es\/wp-json\/wp\/v2\/product_tag?post=136700"}],"curies":[{"name":"wp","href":"https:\/\/api.w.org\/{rel}","templated":true}]}}