{"id":136862,"date":"2022-10-13T09:37:44","date_gmt":"2022-10-13T07:37:44","guid":{"rendered":"http:\/\/dev.claret.cat\/producte\/navarra-gipuzkoa-y-el-euskera\/"},"modified":"2023-01-28T17:10:42","modified_gmt":"2023-01-28T16:10:42","slug":"navarra-gipuzkoa-y-el-euskera-9788476812983","status":"publish","type":"product","link":"https:\/\/www.claret.cat\/es\/libro\/navarra-gipuzkoa-y-el-euskera-9788476812983\/","title":{"rendered":"NAVARRA, GIPUZKOA Y EL EUSKERA"},"content":{"rendered":"","protected":false},"excerpt":{"rendered":"<p>JIMENO JUR\u00cdO, JOS\u00c9 MAR\u00cdA<\/p>\n","protected":false},"featured_media":136863,"template":"","meta":{"_acf_changed":false,"om_disable_all_campaigns":false,"rs_blank_template":"","rs_page_bg_color":"","slide_template_v7":"","inline_featured_image":false,"_monsterinsights_skip_tracking":false,"_monsterinsights_sitenote_active":false,"_monsterinsights_sitenote_note":"","_monsterinsights_sitenote_category":0},"product_brand":[],"product_cat":[85],"product_tag":[],"class_list":{"0":"post-136862","1":"product","2":"type-product","3":"status-publish","4":"has-post-thumbnail","6":"product_cat-historia","8":"first","9":"instock","10":"taxable","11":"shipping-taxable","12":"purchasable","13":"product-type-simple"},"acf":{"autor":"JIMENO JUR\u00cdO, JOS\u00c9 MAR\u00cdA","codart":"847681298","libros-coleccion":"Ensayo y Testimonio","ediciones":"1","encuadernacion":"R\u00fastica","fecha_de_publicacion":"01\/07\/1999","novedad":"1","paginas":"256","subtitulo":"","orden":"0","portada":"0","idioma":"spa","editorial":[{"ID":148628,"post_author":"3","post_date":"2022-10-14 11:59:44","post_date_gmt":"2022-10-14 09:59:44","post_content":"","post_title":"PAMIELA ARGITALETXEA, EDITORIA","post_excerpt":"","post_status":"publish","comment_status":"closed","ping_status":"closed","post_password":"","post_name":"pamiela-argitaletxea-editoria","to_ping":"","pinged":"","post_modified":"2022-10-14 11:59:44","post_modified_gmt":"2022-10-14 09:59:44","post_content_filtered":"","post_parent":0,"guid":"http:\/\/dev.claret.cat\/editorial\/pamiela-argitaletxea-editoria\/","menu_order":0,"post_type":"editorial","post_mime_type":"","comment_count":"0","filter":"raw"}],"autores-libros":[{"ID":160468,"post_author":"3","post_date":"2022-10-14 15:53:19","post_date_gmt":"2022-10-14 13:53:19","post_content":"","post_title":"JOS\u00c9 MAR\u00cdA JIMENO JUR\u00cdO","post_excerpt":"","post_status":"publish","comment_status":"closed","ping_status":"closed","post_password":"","post_name":"jose-maria-jimeno-jurio","to_ping":"","pinged":"","post_modified":"2022-10-14 15:53:19","post_modified_gmt":"2022-10-14 13:53:19","post_content_filtered":"","post_parent":0,"guid":"http:\/\/dev.claret.cat\/autor\/jose-maria-jimeno-jurio\/","menu_order":0,"post_type":"autor","post_mime_type":"","comment_count":"0","filter":"raw"}]},"aioseo_notices":[],"_links":{"self":[{"href":"https:\/\/www.claret.cat\/es\/wp-json\/wp\/v2\/product\/136862","targetHints":{"allow":["GET"]}}],"collection":[{"href":"https:\/\/www.claret.cat\/es\/wp-json\/wp\/v2\/product"}],"about":[{"href":"https:\/\/www.claret.cat\/es\/wp-json\/wp\/v2\/types\/product"}],"wp:featuredmedia":[{"embeddable":true,"href":"https:\/\/www.claret.cat\/es\/wp-json\/wp\/v2\/media\/136863"}],"wp:attachment":[{"href":"https:\/\/www.claret.cat\/es\/wp-json\/wp\/v2\/media?parent=136862"}],"wp:term":[{"taxonomy":"product_brand","embeddable":true,"href":"https:\/\/www.claret.cat\/es\/wp-json\/wp\/v2\/product_brand?post=136862"},{"taxonomy":"product_cat","embeddable":true,"href":"https:\/\/www.claret.cat\/es\/wp-json\/wp\/v2\/product_cat?post=136862"},{"taxonomy":"product_tag","embeddable":true,"href":"https:\/\/www.claret.cat\/es\/wp-json\/wp\/v2\/product_tag?post=136862"}],"curies":[{"name":"wp","href":"https:\/\/api.w.org\/{rel}","templated":true}]}}