{"id":136904,"date":"2022-10-13T09:38:25","date_gmt":"2022-10-13T07:38:25","guid":{"rendered":"http:\/\/dev.claret.cat\/producte\/pirineu-magic-llegendes\/"},"modified":"2023-01-28T14:08:44","modified_gmt":"2023-01-28T13:08:44","slug":"pirineu-magic-llegendes-9788417116132","status":"publish","type":"product","link":"https:\/\/www.claret.cat\/es\/libro\/pirineu-magic-llegendes-9788417116132\/","title":{"rendered":"PIRINEU M\u00c0GIC. LLEGENDES"},"content":{"rendered":"<p>Aques llibre fa una r\u00e0pida repassada a les grans llegendes que tenen com a escenari el Pirineu catal\u00e0. La llegenda sempre t\u00e9 alguna vinculaci\u00f3 amb un espai geogr\u00e0fic concret, el qual tracta d&#8217;explicar. De fet, segurament varen ser algunes peculiaritats de l&#8217;espai pirinenc les que varen permetre que algunes narraciones llegend\u00e0ries arrelessin.<br \/>D&#8217;aquesta manera, hi trobareu muntanyes, rius, estanys, gorgs, pedres&#8230; per\u00f2 tamb\u00e9 llegendes que fan refer\u00e8ncia al funcionament clim\u00e0tic o meteorol\u00f2gic d&#8217;aquell espai muntanyenc, o a les seves caracter\u00edstiques socioculturals&#8230; petjades de sants i dimonis, marededeus trobades, tresors llegendaris i algun personatge mitol\u00f2gic.<br \/>Tot un tresor llegendari interpretat a la llum de la geografia cultural.<\/p>\n","protected":false},"excerpt":{"rendered":"<p>ROMA I CASANOVAS, FRANCESC<\/p>\n","protected":false},"featured_media":136905,"template":"","meta":{"_acf_changed":false,"om_disable_all_campaigns":false,"rs_blank_template":"","rs_page_bg_color":"","slide_template_v7":"","inline_featured_image":false,"_monsterinsights_skip_tracking":false,"_monsterinsights_sitenote_active":false,"_monsterinsights_sitenote_note":"","_monsterinsights_sitenote_category":0},"product_brand":[],"product_cat":[113],"product_tag":[],"class_list":{"0":"post-136904","1":"product","2":"type-product","3":"status-publish","4":"has-post-thumbnail","6":"product_cat-literatura-de-viatges","8":"first","9":"instock","10":"taxable","11":"shipping-taxable","12":"purchasable","13":"product-type-simple"},"acf":{"autor":"ROMA I CASANOVAS, FRANCESC","codart":"841711613","libros-coleccion":"POPULAR LLEGENDES","ediciones":"1","encuadernacion":"R\u00fastica","fecha_de_publicacion":"01\/03\/2019","novedad":"1","paginas":"144","subtitulo":"","orden":"0","portada":"0","idioma":"cat","editorial":[{"ID":148065,"post_author":"3","post_date":"2022-10-14 11:55:22","post_date_gmt":"2022-10-14 09:55:22","post_content":"","post_title":"EL FARELL","post_excerpt":"","post_status":"publish","comment_status":"closed","ping_status":"closed","post_password":"","post_name":"el-farell","to_ping":"","pinged":"","post_modified":"2022-10-14 11:55:22","post_modified_gmt":"2022-10-14 09:55:22","post_content_filtered":"","post_parent":0,"guid":"http:\/\/dev.claret.cat\/editorial\/el-farell\/","menu_order":0,"post_type":"editorial","post_mime_type":"","comment_count":"0","filter":"raw"}],"autores-libros":[{"ID":156140,"post_author":"3","post_date":"2022-10-14 15:18:26","post_date_gmt":"2022-10-14 13:18:26","post_content":"","post_title":"FRANCESC ROMA I CASANOVAS","post_excerpt":"","post_status":"publish","comment_status":"closed","ping_status":"closed","post_password":"","post_name":"francesc-roma-i-casanovas","to_ping":"","pinged":"","post_modified":"2022-10-14 15:18:26","post_modified_gmt":"2022-10-14 13:18:26","post_content_filtered":"","post_parent":0,"guid":"http:\/\/dev.claret.cat\/autor\/francesc-roma-i-casanovas\/","menu_order":0,"post_type":"autor","post_mime_type":"","comment_count":"0","filter":"raw"}]},"aioseo_notices":[],"_links":{"self":[{"href":"https:\/\/www.claret.cat\/es\/wp-json\/wp\/v2\/product\/136904","targetHints":{"allow":["GET"]}}],"collection":[{"href":"https:\/\/www.claret.cat\/es\/wp-json\/wp\/v2\/product"}],"about":[{"href":"https:\/\/www.claret.cat\/es\/wp-json\/wp\/v2\/types\/product"}],"wp:featuredmedia":[{"embeddable":true,"href":"https:\/\/www.claret.cat\/es\/wp-json\/wp\/v2\/media\/136905"}],"wp:attachment":[{"href":"https:\/\/www.claret.cat\/es\/wp-json\/wp\/v2\/media?parent=136904"}],"wp:term":[{"taxonomy":"product_brand","embeddable":true,"href":"https:\/\/www.claret.cat\/es\/wp-json\/wp\/v2\/product_brand?post=136904"},{"taxonomy":"product_cat","embeddable":true,"href":"https:\/\/www.claret.cat\/es\/wp-json\/wp\/v2\/product_cat?post=136904"},{"taxonomy":"product_tag","embeddable":true,"href":"https:\/\/www.claret.cat\/es\/wp-json\/wp\/v2\/product_tag?post=136904"}],"curies":[{"name":"wp","href":"https:\/\/api.w.org\/{rel}","templated":true}]}}