{"id":137024,"date":"2022-10-13T09:40:19","date_gmt":"2022-10-13T07:40:19","guid":{"rendered":"http:\/\/dev.claret.cat\/producte\/mujeres-diacono\/"},"modified":"2024-05-02T08:24:19","modified_gmt":"2024-05-02T06:24:19","slug":"mujeres-diacono-9788428556743","status":"publish","type":"product","link":"https:\/\/www.claret.cat\/es\/libro\/mujeres-diacono-9788428556743\/","title":{"rendered":"\u00bfMUJERES DI\u00c1CONO?"},"content":{"rendered":"<p>La Comisi\u00f3n creada en 2016 por el papa Francisco despu\u00e9s de reunirse con las hermanas de la Uni\u00f3n Internacional de Superioras Generales (UISG) sirve de marco para preguntarnos qu\u00e9 impide que la Iglesia permita el acceso de las mujeres al diaconado permanente ?que s\u00ed exist\u00eda en la Iglesia primitiva?, c\u00f3mo integrar mejor a las mujeres en el seno de la Iglesia actual y si es posible vincular definitivamente el ministerio con la idea de servicio. Esta obra ofrece una panor\u00e1mica hist\u00f3rica que aborda la presencia de la mujer en la Iglesia cat\u00f3lica y sus funciones dentro de ella. Una l\u00facida reflexi\u00f3n sobre un debate que no deja de plantear desaf\u00edos para un futuro compartido entre hombres y mujeres.<\/p>\n","protected":false},"excerpt":{"rendered":"<p>SIMONELLI, CRISTINA; SCIMMI, MOIRA<\/p>\n","protected":false},"featured_media":336100,"template":"","meta":{"_acf_changed":false,"om_disable_all_campaigns":false,"rs_blank_template":"","rs_page_bg_color":"","slide_template_v7":"","inline_featured_image":false,"_monsterinsights_skip_tracking":false,"_monsterinsights_sitenote_active":false,"_monsterinsights_sitenote_note":"","_monsterinsights_sitenote_category":0},"product_brand":[],"product_cat":[543,93,346,80],"product_tag":[],"class_list":{"0":"post-137024","1":"product","2":"type-product","3":"status-publish","4":"has-post-thumbnail","6":"product_cat-eclesiologia-es","7":"product_cat-eclesiologia","8":"product_cat-libros-liturgia","9":"product_cat-liturgia","11":"first","12":"instock","13":"taxable","14":"shipping-taxable","15":"purchasable","16":"product-type-simple"},"acf":{"editorial":[{"ID":6356,"post_author":"3","post_date":"2022-07-28 17:50:26","post_date_gmt":"2022-07-28 15:50:26","post_content":"","post_title":"SAN PABLO COMUNICACI\u00d3N","post_excerpt":"","post_status":"publish","comment_status":"closed","ping_status":"closed","post_password":"","post_name":"san-pablo-comunicacion","to_ping":"","pinged":"","post_modified":"2022-07-28 17:50:26","post_modified_gmt":"2022-07-28 15:50:26","post_content_filtered":"","post_parent":0,"guid":"http:\/\/dev.claret.cat\/editorial\/san-pablo-comunicacion\/","menu_order":0,"post_type":"editorial","post_mime_type":"","comment_count":"0","filter":"raw"}],"autor":"SIMONELLI, CRISTINA; SCIMMI, MOIRA","codart":"842855674","libros-coleccion":"","ediciones":"1","encuadernacion":"R\u00fastica","fecha_de_publicacion":"22\/03\/2019","novedad":"1","paginas":"120","subtitulo":"EL FUTURO EM JUEGO","orden":"0","portada":"0","idioma":"spa","autores-libros":[{"ID":153400,"post_author":"3","post_date":"2022-10-14 14:56:28","post_date_gmt":"2022-10-14 12:56:28","post_content":"","post_title":"CRISTINA SIMONELLI","post_excerpt":"","post_status":"publish","comment_status":"closed","ping_status":"closed","post_password":"","post_name":"cristina-simonelli","to_ping":"","pinged":"","post_modified":"2022-10-14 14:56:28","post_modified_gmt":"2022-10-14 12:56:28","post_content_filtered":"","post_parent":0,"guid":"http:\/\/dev.claret.cat\/autor\/cristina-simonelli\/","menu_order":0,"post_type":"autor","post_mime_type":"","comment_count":"0","filter":"raw"},{"ID":165276,"post_author":"3","post_date":"2022-10-14 17:53:52","post_date_gmt":"2022-10-14 15:53:52","post_content":"","post_title":"MOIRA SCIMMI","post_excerpt":"","post_status":"publish","comment_status":"closed","ping_status":"closed","post_password":"","post_name":"moira-scimmi","to_ping":"","pinged":"","post_modified":"2022-10-14 17:53:52","post_modified_gmt":"2022-10-14 15:53:52","post_content_filtered":"","post_parent":0,"guid":"http:\/\/dev.claret.cat\/autor\/moira-scimmi\/","menu_order":0,"post_type":"autor","post_mime_type":"","comment_count":"0","filter":"raw"}]},"aioseo_notices":[],"_links":{"self":[{"href":"https:\/\/www.claret.cat\/es\/wp-json\/wp\/v2\/product\/137024","targetHints":{"allow":["GET"]}}],"collection":[{"href":"https:\/\/www.claret.cat\/es\/wp-json\/wp\/v2\/product"}],"about":[{"href":"https:\/\/www.claret.cat\/es\/wp-json\/wp\/v2\/types\/product"}],"wp:featuredmedia":[{"embeddable":true,"href":"https:\/\/www.claret.cat\/es\/wp-json\/wp\/v2\/media\/336100"}],"wp:attachment":[{"href":"https:\/\/www.claret.cat\/es\/wp-json\/wp\/v2\/media?parent=137024"}],"wp:term":[{"taxonomy":"product_brand","embeddable":true,"href":"https:\/\/www.claret.cat\/es\/wp-json\/wp\/v2\/product_brand?post=137024"},{"taxonomy":"product_cat","embeddable":true,"href":"https:\/\/www.claret.cat\/es\/wp-json\/wp\/v2\/product_cat?post=137024"},{"taxonomy":"product_tag","embeddable":true,"href":"https:\/\/www.claret.cat\/es\/wp-json\/wp\/v2\/product_tag?post=137024"}],"curies":[{"name":"wp","href":"https:\/\/api.w.org\/{rel}","templated":true}]}}