{"id":137030,"date":"2022-10-13T09:40:25","date_gmt":"2022-10-13T07:40:25","guid":{"rendered":"http:\/\/dev.claret.cat\/producte\/san-juan-bautista-de-la-salle\/"},"modified":"2025-11-22T11:14:25","modified_gmt":"2025-11-22T10:14:25","slug":"san-juan-bautista-de-la-salle-9788428556767","status":"publish","type":"product","link":"https:\/\/www.claret.cat\/es\/libro\/san-juan-bautista-de-la-salle-9788428556767\/","title":{"rendered":"SAN JUAN BAUTISTA DE LA SALLE"},"content":{"rendered":"<p>Esta biograf\u00eda nos ofrece un recorrido cronol\u00f3gico al mismo tiempo que espiritual del Fundador de los HH. de las Escuelas Cristianas. Le\u00edda en su l\u00ednea vital, nos puede quedar la sensaci\u00f3n de un santo lleno de sufrimientos y penurias. Y en medio de esas tormentas, La Salle pone su esperanza en el Se\u00f1or y se deja guiar por \u00c9l, paso a paso. Jos\u00e9 M\u00aa P\u00e9rez Navarro conoce bien a su Fundador y lo trata con rigor hist\u00f3rico, pero al mismo tiempo con el cari\u00f1o de quien escribe la biograf\u00eda de su padre espiritual.  El 7 de abril de 2019 se cumplen 300 a\u00f1os de la muerte del santo.<\/p>\n","protected":false},"excerpt":{"rendered":"<p>P\u00c9REZ NAVARRO, JOS\u00c9 MAR\u00cdA<\/p>\n","protected":false},"featured_media":1067739,"template":"","meta":{"_acf_changed":false,"om_disable_all_campaigns":false,"rs_blank_template":"","rs_page_bg_color":"","slide_template_v7":"","inline_featured_image":false,"_monsterinsights_skip_tracking":false,"_monsterinsights_sitenote_active":false,"_monsterinsights_sitenote_note":"","_monsterinsights_sitenote_category":0},"product_brand":[],"product_cat":[90,540],"product_tag":[],"class_list":{"0":"post-137030","1":"product","2":"type-product","3":"status-publish","4":"has-post-thumbnail","6":"product_cat-altres","7":"product_cat-otros","9":"first","10":"instock","11":"taxable","12":"shipping-taxable","13":"purchasable","14":"product-type-simple"},"acf":{"editorial":[{"ID":6356,"post_author":"3","post_date":"2022-07-28 17:50:26","post_date_gmt":"2022-07-28 15:50:26","post_content":"","post_title":"SAN PABLO COMUNICACI\u00d3N","post_excerpt":"","post_status":"publish","comment_status":"closed","ping_status":"closed","post_password":"","post_name":"san-pablo-comunicacion","to_ping":"","pinged":"","post_modified":"2022-07-28 17:50:26","post_modified_gmt":"2022-07-28 15:50:26","post_content_filtered":"","post_parent":0,"guid":"http:\/\/dev.claret.cat\/editorial\/san-pablo-comunicacion\/","menu_order":0,"post_type":"editorial","post_mime_type":"","comment_count":"0","filter":"raw"}],"autor":"P\u00c9REZ NAVARRO, JOS\u00c9 MAR\u00cdA","codart":"842855676","libros-coleccion":"","ediciones":"1","encuadernacion":"R\u00fastica","fecha_de_publicacion":"22\/03\/2019","novedad":"1","paginas":"120","subtitulo":"SE\u00d1OR, TU OBRA","orden":"0","portada":"0","idioma":"spa","autores-libros":[{"ID":160483,"post_author":"3","post_date":"2022-10-14 15:53:26","post_date_gmt":"2022-10-14 13:53:26","post_content":"","post_title":"JOS\u00c9 MAR\u00cdA P\u00c9REZ NAVARRO","post_excerpt":"","post_status":"publish","comment_status":"closed","ping_status":"closed","post_password":"","post_name":"jose-maria-perez-navarro","to_ping":"","pinged":"","post_modified":"2022-10-14 15:53:26","post_modified_gmt":"2022-10-14 13:53:26","post_content_filtered":"","post_parent":0,"guid":"http:\/\/dev.claret.cat\/autor\/jose-maria-perez-navarro\/","menu_order":0,"post_type":"autor","post_mime_type":"","comment_count":"0","filter":"raw"}],"booktrailer":"","resenas":""},"aioseo_notices":[],"_links":{"self":[{"href":"https:\/\/www.claret.cat\/es\/wp-json\/wp\/v2\/product\/137030","targetHints":{"allow":["GET"]}}],"collection":[{"href":"https:\/\/www.claret.cat\/es\/wp-json\/wp\/v2\/product"}],"about":[{"href":"https:\/\/www.claret.cat\/es\/wp-json\/wp\/v2\/types\/product"}],"wp:featuredmedia":[{"embeddable":true,"href":"https:\/\/www.claret.cat\/es\/wp-json\/wp\/v2\/media\/1067739"}],"wp:attachment":[{"href":"https:\/\/www.claret.cat\/es\/wp-json\/wp\/v2\/media?parent=137030"}],"wp:term":[{"taxonomy":"product_brand","embeddable":true,"href":"https:\/\/www.claret.cat\/es\/wp-json\/wp\/v2\/product_brand?post=137030"},{"taxonomy":"product_cat","embeddable":true,"href":"https:\/\/www.claret.cat\/es\/wp-json\/wp\/v2\/product_cat?post=137030"},{"taxonomy":"product_tag","embeddable":true,"href":"https:\/\/www.claret.cat\/es\/wp-json\/wp\/v2\/product_tag?post=137030"}],"curies":[{"name":"wp","href":"https:\/\/api.w.org\/{rel}","templated":true}]}}