{"id":137099,"date":"2022-10-13T09:41:34","date_gmt":"2022-10-13T07:41:34","guid":{"rendered":"http:\/\/dev.claret.cat\/producte\/a-dos-metros-de-ti\/"},"modified":"2023-01-28T14:04:03","modified_gmt":"2023-01-28T13:04:03","slug":"a-dos-metros-de-ti-9788417605025","status":"publish","type":"product","link":"https:\/\/www.claret.cat\/es\/libro\/a-dos-metros-de-ti-9788417605025\/","title":{"rendered":"A DOS METROS DE TI"},"content":{"rendered":"<p>Necesitamos estar cerca de las personas que queremos casi tanto como el aire que respiramos. A Stella Grant le gusta tener el control, a pesar de no poder dominar  sus propios pulmones, que la han tenido en el hospital la mayor parte de  su vida. Por encima de todo, Stella necesita controlar su espacio para  mantenerse alejada de cualquier persona o cosa que pueda transmitirle  una infecci\u00f3n y poner en peligro su trasplante de pulm\u00f3n. Dos metros de distancia. Sin excepciones. En cuanto a Will Newman, lo \u00fanico que quiere controlar es c\u00f3mo salir de  este hospital. No le importan sus tratamientos, o si hay una nueva  medicaci\u00f3n en ensayo cl\u00ednico. Pronto cumplir\u00e1 dieciocho a\u00f1os y podr\u00e1  desconectar todas estas m\u00e1quinas. Desea ir a ver el mundo, no solo sus hospitales. Will y Stella no pueden acercarse. Solo con que respiren cerca, Will  podr\u00eda provocar que Stella perdiera su puesto en la lista de trasplantes. La \u00fanica forma de mantenerse con vida es mantenerse  alejados. \u00bfPuedes amar a alguien a quien no puedes tocar?<\/p>\n","protected":false},"excerpt":{"rendered":"<p>LIPPINCOTT, RACHAEL<\/p>\n","protected":false},"featured_media":137100,"template":"","meta":{"_acf_changed":false,"om_disable_all_campaigns":false,"rs_blank_template":"","rs_page_bg_color":"","slide_template_v7":"","inline_featured_image":false,"_monsterinsights_skip_tracking":false,"_monsterinsights_sitenote_active":false,"_monsterinsights_sitenote_note":"","_monsterinsights_sitenote_category":0},"product_brand":[],"product_cat":[117],"product_tag":[],"class_list":{"0":"post-137099","1":"product","2":"type-product","3":"status-publish","4":"has-post-thumbnail","6":"product_cat-juvenil","8":"first","9":"instock","10":"taxable","11":"shipping-taxable","12":"purchasable","13":"product-type-simple"},"acf":{"autor":"LIPPINCOTT, RACHAEL","codart":"841760502","libros-coleccion":"NUBE DE TINTA","ediciones":"1","encuadernacion":"R\u00fastica","fecha_de_publicacion":"01\/03\/2019","novedad":"1","paginas":"286","subtitulo":"","orden":"0","portada":"0","idioma":"spa","editorial":[{"ID":148591,"post_author":"3","post_date":"2022-10-14 11:59:26","post_date_gmt":"2022-10-14 09:59:26","post_content":"","post_title":"NUBE DE TINTA","post_excerpt":"","post_status":"publish","comment_status":"closed","ping_status":"closed","post_password":"","post_name":"nube-de-tinta","to_ping":"","pinged":"","post_modified":"2022-10-14 11:59:26","post_modified_gmt":"2022-10-14 09:59:26","post_content_filtered":"","post_parent":0,"guid":"http:\/\/dev.claret.cat\/editorial\/nube-de-tinta\/","menu_order":0,"post_type":"editorial","post_mime_type":"","comment_count":"0","filter":"raw"}],"autores-libros":[{"ID":167511,"post_author":"3","post_date":"2022-10-14 18:11:47","post_date_gmt":"2022-10-14 16:11:47","post_content":"","post_title":"RACHAEL LIPPINCOTT","post_excerpt":"","post_status":"publish","comment_status":"closed","ping_status":"closed","post_password":"","post_name":"rachael-lippincott","to_ping":"","pinged":"","post_modified":"2022-10-14 18:11:47","post_modified_gmt":"2022-10-14 16:11:47","post_content_filtered":"","post_parent":0,"guid":"http:\/\/dev.claret.cat\/autor\/rachael-lippincott\/","menu_order":0,"post_type":"autor","post_mime_type":"","comment_count":"0","filter":"raw"}]},"aioseo_notices":[],"_links":{"self":[{"href":"https:\/\/www.claret.cat\/es\/wp-json\/wp\/v2\/product\/137099","targetHints":{"allow":["GET"]}}],"collection":[{"href":"https:\/\/www.claret.cat\/es\/wp-json\/wp\/v2\/product"}],"about":[{"href":"https:\/\/www.claret.cat\/es\/wp-json\/wp\/v2\/types\/product"}],"wp:featuredmedia":[{"embeddable":true,"href":"https:\/\/www.claret.cat\/es\/wp-json\/wp\/v2\/media\/137100"}],"wp:attachment":[{"href":"https:\/\/www.claret.cat\/es\/wp-json\/wp\/v2\/media?parent=137099"}],"wp:term":[{"taxonomy":"product_brand","embeddable":true,"href":"https:\/\/www.claret.cat\/es\/wp-json\/wp\/v2\/product_brand?post=137099"},{"taxonomy":"product_cat","embeddable":true,"href":"https:\/\/www.claret.cat\/es\/wp-json\/wp\/v2\/product_cat?post=137099"},{"taxonomy":"product_tag","embeddable":true,"href":"https:\/\/www.claret.cat\/es\/wp-json\/wp\/v2\/product_tag?post=137099"}],"curies":[{"name":"wp","href":"https:\/\/api.w.org\/{rel}","templated":true}]}}