{"id":137102,"date":"2022-10-13T09:41:36","date_gmt":"2022-10-13T07:41:36","guid":{"rendered":"http:\/\/dev.claret.cat\/producte\/sana-sanita\/"},"modified":"2023-01-28T17:52:21","modified_gmt":"2023-01-28T16:52:21","slug":"sana-sanita-9788425356537","status":"publish","type":"product","link":"https:\/\/www.claret.cat\/es\/libro\/sana-sanita-9788425356537\/","title":{"rendered":"SANA, SANITA"},"content":{"rendered":"<p>Una divertida novela gr\u00e1fica que nos acerca a las consultas de  pediatr\u00eda a trav\u00e9s de las aventuras de un enfermero. Los pa\u00f1ales y los pucheros forman parte de la vida de Salva las 24 horas  del d\u00eda. Este padre primerizo ha empezado a trabajar en un ambulatorio  como enfermero de pediatr\u00eda. Desde el comienzo, no solo se da cuenta de  que la conciliaci\u00f3n familiar es un unicornio con alas, tambi\u00e9n descubre  los entresijos de los centros de salud, y no siempre de la mejor manera. Las dudas sobre la lactancia, el debate sobre las vacunas, el sobrepeso  o la desesperaci\u00f3n de algunas \u00abmombies\u00bb (aquellas madres-zombies que se  identifican a una legua por los ojos de mapache) traer\u00e1n a la consulta  un abanico de pintorescos personajes. Adem\u00e1s, este joven enfermero se  ver\u00e1 en m\u00e1s de un aprieto cuando sienta que alguno de los m\u00e9dicos infravalora sus consejos. Y como en casa del herrero, cuchillo de palo&#8230; en su vida familiar  tambi\u00e9n tendr\u00e1 que batallar con su propia madre, a quien le cuesta  comprender que a un beb\u00e9 no se le puede dar natillas, por mucho que a la  hija de Salva le gusten. Aunque esa cruzada ya la puede  dar por perdida.<\/p>\n","protected":false},"excerpt":{"rendered":"<p>BASTIDA, ARMANDO \/ GU, RAQUEL<\/p>\n","protected":false},"featured_media":137103,"template":"","meta":{"_acf_changed":false,"om_disable_all_campaigns":false,"rs_blank_template":"","rs_page_bg_color":"","slide_template_v7":"","inline_featured_image":false,"_monsterinsights_skip_tracking":false,"_monsterinsights_sitenote_active":false,"_monsterinsights_sitenote_note":"","_monsterinsights_sitenote_category":0},"product_brand":[],"product_cat":[108,114],"product_tag":[],"class_list":{"0":"post-137102","1":"product","2":"type-product","3":"status-publish","4":"has-post-thumbnail","6":"product_cat-comic","7":"product_cat-humor-grafic","9":"first","10":"instock","11":"taxable","12":"shipping-taxable","13":"purchasable","14":"product-type-simple"},"acf":{"autor":"BASTIDA, ARMANDO \/ GU, RAQUEL","codart":"842535653","libros-coleccion":"Grijalbo","ediciones":"1","encuadernacion":"R\u00fastica","fecha_de_publicacion":"01\/03\/2019","novedad":"1","paginas":"120","subtitulo":"DIARIO DE UN ENFERMERO DE PEDIATR\u00cdA","orden":"0","portada":"0","idioma":"spa","editorial":[{"ID":148245,"post_author":"3","post_date":"2022-10-14 11:56:45","post_date_gmt":"2022-10-14 09:56:45","post_content":"","post_title":"HARPER COLLINS","post_excerpt":"","post_status":"publish","comment_status":"closed","ping_status":"closed","post_password":"","post_name":"harper-collins","to_ping":"","pinged":"","post_modified":"2022-10-14 11:56:45","post_modified_gmt":"2022-10-14 09:56:45","post_content_filtered":"","post_parent":0,"guid":"http:\/\/dev.claret.cat\/editorial\/harper-collins\/","menu_order":0,"post_type":"editorial","post_mime_type":"","comment_count":"0","filter":"raw"}],"autores-libros":[{"ID":151096,"post_author":"3","post_date":"2022-10-14 14:38:10","post_date_gmt":"2022-10-14 12:38:10","post_content":"","post_title":"ARMANDO BASTIDA","post_excerpt":"","post_status":"publish","comment_status":"closed","ping_status":"closed","post_password":"","post_name":"armando-bastida","to_ping":"","pinged":"","post_modified":"2022-10-14 14:38:10","post_modified_gmt":"2022-10-14 12:38:10","post_content_filtered":"","post_parent":0,"guid":"http:\/\/dev.claret.cat\/autor\/armando-bastida\/","menu_order":0,"post_type":"autor","post_mime_type":"","comment_count":"0","filter":"raw"},{"ID":167803,"post_author":"3","post_date":"2022-10-14 18:14:08","post_date_gmt":"2022-10-14 16:14:08","post_content":"","post_title":"RAQUEL GU","post_excerpt":"","post_status":"publish","comment_status":"closed","ping_status":"closed","post_password":"","post_name":"raquel-gu","to_ping":"","pinged":"","post_modified":"2022-10-14 18:14:08","post_modified_gmt":"2022-10-14 16:14:08","post_content_filtered":"","post_parent":0,"guid":"http:\/\/dev.claret.cat\/autor\/raquel-gu\/","menu_order":0,"post_type":"autor","post_mime_type":"","comment_count":"0","filter":"raw"}]},"aioseo_notices":[],"_links":{"self":[{"href":"https:\/\/www.claret.cat\/es\/wp-json\/wp\/v2\/product\/137102","targetHints":{"allow":["GET"]}}],"collection":[{"href":"https:\/\/www.claret.cat\/es\/wp-json\/wp\/v2\/product"}],"about":[{"href":"https:\/\/www.claret.cat\/es\/wp-json\/wp\/v2\/types\/product"}],"wp:featuredmedia":[{"embeddable":true,"href":"https:\/\/www.claret.cat\/es\/wp-json\/wp\/v2\/media\/137103"}],"wp:attachment":[{"href":"https:\/\/www.claret.cat\/es\/wp-json\/wp\/v2\/media?parent=137102"}],"wp:term":[{"taxonomy":"product_brand","embeddable":true,"href":"https:\/\/www.claret.cat\/es\/wp-json\/wp\/v2\/product_brand?post=137102"},{"taxonomy":"product_cat","embeddable":true,"href":"https:\/\/www.claret.cat\/es\/wp-json\/wp\/v2\/product_cat?post=137102"},{"taxonomy":"product_tag","embeddable":true,"href":"https:\/\/www.claret.cat\/es\/wp-json\/wp\/v2\/product_tag?post=137102"}],"curies":[{"name":"wp","href":"https:\/\/api.w.org\/{rel}","templated":true}]}}