{"id":137105,"date":"2022-10-13T09:41:40","date_gmt":"2022-10-13T07:41:40","guid":{"rendered":"http:\/\/dev.claret.cat\/producte\/historia-de-la-exploracion-espacial\/"},"modified":"2026-04-07T16:30:40","modified_gmt":"2026-04-07T14:30:40","slug":"historia-de-la-exploracion-espacial-9788417338749","status":"publish","type":"product","link":"https:\/\/www.claret.cat\/es\/libro\/historia-de-la-exploracion-espacial-9788417338749\/","title":{"rendered":"HISTORIA DE LA EXPLORACI\u00d3N ESPACIAL"},"content":{"rendered":"<p>La historia m\u00e1s completa y acreditada sobre la exploraci\u00f3n espacial. El historiador espacial Roger D. Launius relata el empe\u00f1o de la humanidad durante milenios por entender el universo, desde los  astr\u00f3nomos babilonios que trazaron la \u00f3rbita de los planetas, los  constructores incas y aztecas de los primeros observatorios astron\u00f3micos  y los grandes descubrimientos del Renacimiento hasta los enormes logros  tecnol\u00f3gicos que han posibilitado el lanzamiento del primer sat\u00e9lite Sputnik 1 o la gran haza\u00f1a del aterrizaje en la luna. Tambi\u00e9n se ocupa del porvenir de la exploraci\u00f3n espacial, y especula  sobre los viajes al espacio en a\u00f1os venideros, incluido el turismo espacial, y el posible futuro del ser humano como especie  extraterrestre. Escrito desde una perspectiva cronol\u00f3gica y geogr\u00e1fica y  profusamente ilustrado con unas 500 fotograf\u00edas de los archivos de la NASA y la Smithsonian Institution, diagramas y mapas, Historia de la  exploraci\u00f3n espacial es un libro \u00fanico e imprescindible para todos  los lectores interesados en la historia de los descubrimientos cient\u00edficos. La cr\u00edtica ha dicho&#8230;<br \/>\u00abHistoria de la exploraci\u00f3n espacial indaga en el deseo continuado  de la civilizaci\u00f3n de explorar la pr\u00f3xima frontera. Roger D. Launius ha  compilado una historia extraordinaria de la que estoy incre\u00edblemente orgulloso de formar parte.\u00bb<br \/>Buzz Aldrin, astronauta del Geminis 12 y del Apollo 11<\/p>\n","protected":false},"excerpt":{"rendered":"<p>LAUNIUS, ROGER D.<\/p>\n","protected":false},"featured_media":1095164,"template":"","meta":{"_acf_changed":false,"om_disable_all_campaigns":false,"rs_blank_template":"","rs_page_bg_color":"","slide_template_v7":"","inline_featured_image":false,"_monsterinsights_skip_tracking":false,"_monsterinsights_sitenote_active":false,"_monsterinsights_sitenote_note":"","_monsterinsights_sitenote_category":0},"product_brand":[],"product_cat":[554,104,351,85,105,555],"product_tag":[],"class_list":{"0":"post-137105","1":"product","2":"type-product","3":"status-publish","4":"has-post-thumbnail","6":"product_cat-ciencia-5_otras-spa","7":"product_cat-ciencia","8":"product_cat-historia-2_humanidades","9":"product_cat-historia","10":"product_cat-regal","11":"product_cat-regalo","13":"first","14":"outofstock","15":"taxable","16":"shipping-taxable","17":"purchasable","18":"product-type-simple"},"acf":{"autor":"LAUNIUS, ROGER D.","codart":"841733874","libros-coleccion":"Ocio y entretenimiento","ediciones":"1","encuadernacion":"Carton\u00e9","fecha_de_publicacion":"01\/03\/2019","novedad":"0","paginas":"400","subtitulo":"DEL MUNDO ANTIGUO AL FUTURO EXTRATERRESTRE","orden":"0","portada":"0","idioma":"spa","editorial":[{"ID":148228,"post_author":"3","post_date":"2022-10-14 11:56:37","post_date_gmt":"2022-10-14 09:56:37","post_content":"","post_title":"GRIJALBO ILUSTRADOS","post_excerpt":"","post_status":"publish","comment_status":"closed","ping_status":"closed","post_password":"","post_name":"grijalbo-ilustrados","to_ping":"","pinged":"","post_modified":"2022-10-14 11:56:37","post_modified_gmt":"2022-10-14 09:56:37","post_content_filtered":"","post_parent":0,"guid":"http:\/\/dev.claret.cat\/editorial\/grijalbo-ilustrados\/","menu_order":0,"post_type":"editorial","post_mime_type":"","comment_count":"0","filter":"raw"}],"autores-libros":[{"ID":168358,"post_author":"3","post_date":"2022-10-14 18:18:35","post_date_gmt":"2022-10-14 16:18:35","post_content":"","post_title":"ROGER D. LAUNIUS","post_excerpt":"","post_status":"publish","comment_status":"closed","ping_status":"closed","post_password":"","post_name":"roger-d-launius","to_ping":"","pinged":"","post_modified":"2022-10-14 18:18:35","post_modified_gmt":"2022-10-14 16:18:35","post_content_filtered":"","post_parent":0,"guid":"http:\/\/dev.claret.cat\/autor\/roger-d-launius\/","menu_order":0,"post_type":"autor","post_mime_type":"","comment_count":"0","filter":"raw"}],"booktrailer":"","resenas":""},"aioseo_notices":[],"_links":{"self":[{"href":"https:\/\/www.claret.cat\/es\/wp-json\/wp\/v2\/product\/137105","targetHints":{"allow":["GET"]}}],"collection":[{"href":"https:\/\/www.claret.cat\/es\/wp-json\/wp\/v2\/product"}],"about":[{"href":"https:\/\/www.claret.cat\/es\/wp-json\/wp\/v2\/types\/product"}],"wp:featuredmedia":[{"embeddable":true,"href":"https:\/\/www.claret.cat\/es\/wp-json\/wp\/v2\/media\/1095164"}],"wp:attachment":[{"href":"https:\/\/www.claret.cat\/es\/wp-json\/wp\/v2\/media?parent=137105"}],"wp:term":[{"taxonomy":"product_brand","embeddable":true,"href":"https:\/\/www.claret.cat\/es\/wp-json\/wp\/v2\/product_brand?post=137105"},{"taxonomy":"product_cat","embeddable":true,"href":"https:\/\/www.claret.cat\/es\/wp-json\/wp\/v2\/product_cat?post=137105"},{"taxonomy":"product_tag","embeddable":true,"href":"https:\/\/www.claret.cat\/es\/wp-json\/wp\/v2\/product_tag?post=137105"}],"curies":[{"name":"wp","href":"https:\/\/api.w.org\/{rel}","templated":true}]}}