{"id":137111,"date":"2022-10-13T09:41:45","date_gmt":"2022-10-13T07:41:45","guid":{"rendered":"http:\/\/dev.claret.cat\/producte\/la-compania-negra-la-primera-cronica\/"},"modified":"2026-02-26T09:16:24","modified_gmt":"2026-02-26T08:16:24","slug":"la-compania-negra-la-primera-cronica-9788417460679","status":"publish","type":"product","link":"https:\/\/www.claret.cat\/es\/libro\/la-compania-negra-la-primera-cronica-9788417460679\/","title":{"rendered":"LA COMPA\u00d1\u00cdA NEGRA. LA PRIMERA CR\u00d3NICA"},"content":{"rendered":"<p>La Compa\u00f1\u00eda Negra (La primera cr\u00f3nica) es la primera entrega de  la trilog\u00eda \u00abLibros del Norte\u00bb, de la que se estrena serie en 2019.  Bienvenido al lado m\u00e1s oscuro y crudo del Fantasy.  Nadie abandona la Compa\u00f1\u00eda, excepto si es con los pies por delante.  La Compa\u00f1\u00eda es el hogar. \u00abSomos la \u00faltima de las Doce Aut\u00e9nticas Compa\u00f1\u00edas. Hemos sobrevivido m\u00e1s  de un siglo a las dem\u00e1s, pero temo que nos encontremos en nuestro ocaso.  Siento que esta puede ser la \u00faltima misi\u00f3n. Una p\u00e1gina de la historia  est\u00e1 a punto de pasar, y una vez lo haga, las grandes hermandades guerreras quedar\u00e1n destruidas y olvidadas.\u00bb<\/p>\n","protected":false},"excerpt":{"rendered":"<p>COOK, GLEN<\/p>\n","protected":false},"featured_media":1086523,"template":"","meta":{"_acf_changed":false,"om_disable_all_campaigns":false,"rs_blank_template":"","rs_page_bg_color":"","slide_template_v7":"","inline_featured_image":false,"_monsterinsights_skip_tracking":false,"_monsterinsights_sitenote_active":false,"_monsterinsights_sitenote_note":"","_monsterinsights_sitenote_category":0},"product_brand":[],"product_cat":[117,566],"product_tag":[],"class_list":{"0":"post-137111","1":"product","2":"type-product","3":"status-publish","4":"has-post-thumbnail","6":"product_cat-juvenil","7":"product_cat-juvenil-3_infantil-juvenil-spa-spa","9":"first","10":"outofstock","11":"taxable","12":"shipping-taxable","13":"purchasable","14":"product-type-simple"},"acf":{"editorial":[{"ID":6310,"post_author":"3","post_date":"2022-07-28 17:49:26","post_date_gmt":"2022-07-28 15:49:26","post_content":"","post_title":"MONTENA","post_excerpt":"","post_status":"publish","comment_status":"closed","ping_status":"closed","post_password":"","post_name":"montena","to_ping":"","pinged":"","post_modified":"2022-07-28 17:49:26","post_modified_gmt":"2022-07-28 15:49:26","post_content_filtered":"","post_parent":0,"guid":"http:\/\/dev.claret.cat\/editorial\/montena\/","menu_order":0,"post_type":"editorial","post_mime_type":"","comment_count":"0","filter":"raw"}],"autor":"COOK, GLEN","codart":"841746067","libros-coleccion":"Infinita Plus","ediciones":"1","encuadernacion":"R\u00fastica","fecha_de_publicacion":"01\/03\/2019","novedad":"0","paginas":"382","subtitulo":"LIBRO I","orden":"0","portada":"0","idioma":"spa","autores-libros":[{"ID":156992,"post_author":"3","post_date":"2022-10-14 15:25:15","post_date_gmt":"2022-10-14 13:25:15","post_content":"","post_title":"GLEN COOK","post_excerpt":"","post_status":"publish","comment_status":"closed","ping_status":"closed","post_password":"","post_name":"glen-cook","to_ping":"","pinged":"","post_modified":"2022-10-14 15:25:15","post_modified_gmt":"2022-10-14 13:25:15","post_content_filtered":"","post_parent":0,"guid":"http:\/\/dev.claret.cat\/autor\/glen-cook\/","menu_order":0,"post_type":"autor","post_mime_type":"","comment_count":"0","filter":"raw"}],"booktrailer":"","resenas":""},"aioseo_notices":[],"_links":{"self":[{"href":"https:\/\/www.claret.cat\/es\/wp-json\/wp\/v2\/product\/137111","targetHints":{"allow":["GET"]}}],"collection":[{"href":"https:\/\/www.claret.cat\/es\/wp-json\/wp\/v2\/product"}],"about":[{"href":"https:\/\/www.claret.cat\/es\/wp-json\/wp\/v2\/types\/product"}],"wp:featuredmedia":[{"embeddable":true,"href":"https:\/\/www.claret.cat\/es\/wp-json\/wp\/v2\/media\/1086523"}],"wp:attachment":[{"href":"https:\/\/www.claret.cat\/es\/wp-json\/wp\/v2\/media?parent=137111"}],"wp:term":[{"taxonomy":"product_brand","embeddable":true,"href":"https:\/\/www.claret.cat\/es\/wp-json\/wp\/v2\/product_brand?post=137111"},{"taxonomy":"product_cat","embeddable":true,"href":"https:\/\/www.claret.cat\/es\/wp-json\/wp\/v2\/product_cat?post=137111"},{"taxonomy":"product_tag","embeddable":true,"href":"https:\/\/www.claret.cat\/es\/wp-json\/wp\/v2\/product_tag?post=137111"}],"curies":[{"name":"wp","href":"https:\/\/api.w.org\/{rel}","templated":true}]}}