{"id":137138,"date":"2022-10-13T09:42:09","date_gmt":"2022-10-13T07:42:09","guid":{"rendered":"http:\/\/dev.claret.cat\/producte\/annapurna-la-otra-verdad\/"},"modified":"2023-01-28T10:19:15","modified_gmt":"2023-01-28T09:19:15","slug":"annapurna-la-otra-verdad-9788494895845","status":"publish","type":"product","link":"https:\/\/www.claret.cat\/es\/libro\/annapurna-la-otra-verdad-9788494895845\/","title":{"rendered":"ANNAPURNA, LA OTRA VERDAD"},"content":{"rendered":"<p>El 3 de junio de 1950, Herzog y Lachenal lograron hollar el primer ochomil en toda la historia de la humanidad: el Annapurna.<br \/>Lachenal, Terray, R\u00e9buffat&#8230; los mejores alpinistas del siglo, malheridos, cegados y tullidos son recibidos a su regreso como h\u00e9roes nacionales. La gesta explota como una bomba en todo el mundo. Hoy, por primera vez, un escritor, periodista y escalador norteamericano estudia con lupa todo aquello que tuvo lugar en el Annapurna. Tras tres a\u00f1os de investigaci\u00f3n, finalmente puede desmontar la mec\u00e1nica de esta incre\u00edble haza\u00f1a que devolver\u00e1 el reconocimiento a algunos, mientras que significar\u00e1 la tragedia para otros&#8230;<br \/>\u00bfCu\u00e1ntas heridas, cu\u00e1ntas verdades a medias para ofrecerle al mundo la imagen perfecta de una victoria deslumbrante? \u00bfPor qu\u00e9 fue corregido y luego censurado el diario de Lachenal? \u00bfQui\u00e9n estaba tirando de las cuerdas durante toda la expedici\u00f3n? \u00bfPor qu\u00e9 Herzog, un joven ejecutivo parisino, se convirti\u00f3 de la noche a la ma\u00f1ana en el l\u00edder de los mejores alpinistas del mundo? \u00bfQu\u00e9 ocurri\u00f3, en la intimidad intensa de la cumbre, entre Lachenal y Herzog? Adem\u00e1s\u2026 \u00bfalcanzaron la cima?<br \/>Tantos y tantos interrogantes van cayendo bajo las afiladas preguntas de David Roberts. Testimonios superpuestos, narrativas confrontadas, evidencias acumuladas&#8230;  He aqu\u00ed un documento llevado al l\u00edmite y que, lejos de la versi\u00f3n oficial e id\u00edlica de la gran epopeya, devuelve a cada uno de los actores su lugar y su verdad en la conquista del Annapurna.<\/p>\n","protected":false},"excerpt":{"rendered":"<p>ROBERTS, DAVID<\/p>\n","protected":false},"featured_media":137139,"template":"","meta":{"_acf_changed":false,"om_disable_all_campaigns":false,"rs_blank_template":"","rs_page_bg_color":"","slide_template_v7":"","inline_featured_image":false,"_monsterinsights_skip_tracking":false,"_monsterinsights_sitenote_active":false,"_monsterinsights_sitenote_note":"","_monsterinsights_sitenote_category":0},"product_brand":[],"product_cat":[96],"product_tag":[],"class_list":{"0":"post-137138","1":"product","2":"type-product","3":"status-publish","4":"has-post-thumbnail","6":"product_cat-esports","8":"first","9":"instock","10":"taxable","11":"shipping-taxable","12":"purchasable","13":"product-type-simple"},"acf":{"editorial":[{"ID":148912,"post_author":"3","post_date":"2022-10-14 12:01:58","post_date_gmt":"2022-10-14 10:01:58","post_content":"","post_title":"TUSHITA EDICIONS","post_excerpt":"","post_status":"publish","comment_status":"closed","ping_status":"closed","post_password":"","post_name":"tushita-edicions","to_ping":"","pinged":"","post_modified":"2022-10-14 12:01:58","post_modified_gmt":"2022-10-14 10:01:58","post_content_filtered":"","post_parent":0,"guid":"http:\/\/dev.claret.cat\/editorial\/tushita-edicions\/","menu_order":0,"post_type":"editorial","post_mime_type":"","comment_count":"0","filter":"raw"}],"autor":"ROBERTS, DAVID","codart":"849489584","libros-coleccion":"Caballos del viento","ediciones":"1","encuadernacion":"R\u00fastica","fecha_de_publicacion":"01\/01\/2019","novedad":"1","paginas":"272","subtitulo":"","orden":"0","portada":"0","idioma":"spa","autores-libros":[{"ID":153940,"post_author":"3","post_date":"2022-10-14 15:00:47","post_date_gmt":"2022-10-14 13:00:47","post_content":"","post_title":"DAVID ROBERTS","post_excerpt":"","post_status":"publish","comment_status":"closed","ping_status":"closed","post_password":"","post_name":"david-roberts","to_ping":"","pinged":"","post_modified":"2022-10-14 15:00:47","post_modified_gmt":"2022-10-14 13:00:47","post_content_filtered":"","post_parent":0,"guid":"http:\/\/dev.claret.cat\/autor\/david-roberts\/","menu_order":0,"post_type":"autor","post_mime_type":"","comment_count":"0","filter":"raw"}]},"aioseo_notices":[],"_links":{"self":[{"href":"https:\/\/www.claret.cat\/es\/wp-json\/wp\/v2\/product\/137138","targetHints":{"allow":["GET"]}}],"collection":[{"href":"https:\/\/www.claret.cat\/es\/wp-json\/wp\/v2\/product"}],"about":[{"href":"https:\/\/www.claret.cat\/es\/wp-json\/wp\/v2\/types\/product"}],"wp:featuredmedia":[{"embeddable":true,"href":"https:\/\/www.claret.cat\/es\/wp-json\/wp\/v2\/media\/137139"}],"wp:attachment":[{"href":"https:\/\/www.claret.cat\/es\/wp-json\/wp\/v2\/media?parent=137138"}],"wp:term":[{"taxonomy":"product_brand","embeddable":true,"href":"https:\/\/www.claret.cat\/es\/wp-json\/wp\/v2\/product_brand?post=137138"},{"taxonomy":"product_cat","embeddable":true,"href":"https:\/\/www.claret.cat\/es\/wp-json\/wp\/v2\/product_cat?post=137138"},{"taxonomy":"product_tag","embeddable":true,"href":"https:\/\/www.claret.cat\/es\/wp-json\/wp\/v2\/product_tag?post=137138"}],"curies":[{"name":"wp","href":"https:\/\/api.w.org\/{rel}","templated":true}]}}