{"id":137153,"date":"2022-10-13T09:42:23","date_gmt":"2022-10-13T07:42:23","guid":{"rendered":"http:\/\/dev.claret.cat\/producte\/els-angelets-de-les-dents\/"},"modified":"2025-01-31T14:47:36","modified_gmt":"2025-01-31T13:47:36","slug":"els-angelets-de-les-dents-9788417759018","status":"publish","type":"product","link":"https:\/\/www.claret.cat\/es\/libro\/els-angelets-de-les-dents-9788417759018\/","title":{"rendered":"ELS ANGELETS DE LES DENTS"},"content":{"rendered":"<p>A la Malva li ha caigut la primera dent i ha d&#8221;esperar, dol\u00e7ament adormida, que amb la m\u00e0gia de la nit els angelets de les dents li recullin d&#8221;una forma ben especial. Aquest conte vol preservar una tradici\u00f3 popular catalana on aquests \u00e9ssers m\u00e0gics visiten els nostres infants.<\/p>\n","protected":false},"excerpt":{"rendered":"<p>TORRES PLANA, LOURDES<\/p>\n","protected":false},"featured_media":318035,"template":"","meta":{"_acf_changed":false,"om_disable_all_campaigns":false,"rs_blank_template":"","rs_page_bg_color":"","slide_template_v7":"","inline_featured_image":false,"_monsterinsights_skip_tracking":false,"_monsterinsights_sitenote_active":false,"_monsterinsights_sitenote_note":"","_monsterinsights_sitenote_category":0},"product_brand":[],"product_cat":[86,352],"product_tag":[],"class_list":{"0":"post-137153","1":"product","2":"type-product","3":"status-publish","4":"has-post-thumbnail","6":"product_cat-infantil","7":"product_cat-infantil-3_infantil-juvenil-spa","9":"first","10":"instock","11":"taxable","12":"shipping-taxable","13":"purchasable","14":"product-type-simple"},"acf":{"autor":"TORRES PLANA, LOURDES","codart":"841775901","libros-coleccion":"Base Kids","ediciones":"1","encuadernacion":"Carton\u00e9","fecha_de_publicacion":"01\/02\/2019","novedad":"1","paginas":"45","subtitulo":"","orden":"0","portada":"0","idioma":"cat","editorial":[{"ID":147931,"post_author":"3","post_date":"2022-10-14 11:54:20","post_date_gmt":"2022-10-14 09:54:20","post_content":"","post_title":"EDITORIAL BASE (CAT)","post_excerpt":"","post_status":"publish","comment_status":"closed","ping_status":"closed","post_password":"","post_name":"editorial-base-cat","to_ping":"","pinged":"","post_modified":"2022-10-14 11:54:20","post_modified_gmt":"2022-10-14 09:54:20","post_content_filtered":"","post_parent":0,"guid":"http:\/\/dev.claret.cat\/editorial\/editorial-base-cat\/","menu_order":0,"post_type":"editorial","post_mime_type":"","comment_count":"0","filter":"raw"}],"autores-libros":[{"ID":162543,"post_author":"3","post_date":"2022-10-14 17:31:51","post_date_gmt":"2022-10-14 15:31:51","post_content":"","post_title":"LOURDES TORRES PLANA","post_excerpt":"","post_status":"publish","comment_status":"closed","ping_status":"closed","post_password":"","post_name":"lourdes-torres-plana","to_ping":"","pinged":"","post_modified":"2022-10-14 17:31:51","post_modified_gmt":"2022-10-14 15:31:51","post_content_filtered":"","post_parent":0,"guid":"http:\/\/dev.claret.cat\/autor\/lourdes-torres-plana\/","menu_order":0,"post_type":"autor","post_mime_type":"","comment_count":"0","filter":"raw"}]},"aioseo_notices":[],"_links":{"self":[{"href":"https:\/\/www.claret.cat\/es\/wp-json\/wp\/v2\/product\/137153","targetHints":{"allow":["GET"]}}],"collection":[{"href":"https:\/\/www.claret.cat\/es\/wp-json\/wp\/v2\/product"}],"about":[{"href":"https:\/\/www.claret.cat\/es\/wp-json\/wp\/v2\/types\/product"}],"wp:featuredmedia":[{"embeddable":true,"href":"https:\/\/www.claret.cat\/es\/wp-json\/wp\/v2\/media\/318035"}],"wp:attachment":[{"href":"https:\/\/www.claret.cat\/es\/wp-json\/wp\/v2\/media?parent=137153"}],"wp:term":[{"taxonomy":"product_brand","embeddable":true,"href":"https:\/\/www.claret.cat\/es\/wp-json\/wp\/v2\/product_brand?post=137153"},{"taxonomy":"product_cat","embeddable":true,"href":"https:\/\/www.claret.cat\/es\/wp-json\/wp\/v2\/product_cat?post=137153"},{"taxonomy":"product_tag","embeddable":true,"href":"https:\/\/www.claret.cat\/es\/wp-json\/wp\/v2\/product_tag?post=137153"}],"curies":[{"name":"wp","href":"https:\/\/api.w.org\/{rel}","templated":true}]}}