{"id":137171,"date":"2022-10-13T09:42:42","date_gmt":"2022-10-13T07:42:42","guid":{"rendered":"http:\/\/dev.claret.cat\/producte\/larxipelag-del-gos\/"},"modified":"2023-01-28T12:20:54","modified_gmt":"2023-01-28T11:20:54","slug":"larxipelag-del-gos-9788417214616","status":"publish","type":"product","link":"https:\/\/www.claret.cat\/es\/libro\/larxipelag-del-gos-9788417214616\/","title":{"rendered":"L&#8217;ARXIP\u00c8LAG DEL GOS"},"content":{"rendered":"<p>L&#8221;\u00fanica illa habitada de l&#8221;arxip\u00e8lag del Gos es desperta un mat\u00ed amb l&#8221;aparici\u00f3 a la platja dels cossos de tres suposats emigrants subsaharians que s&#8221;haurien ofegat provant de creuar el Mediterrani. Per no espantar turistes i inversions imminents, tothom actua interessada\u00adment, amb covardia i secretisme. Per\u00f2 el mestre del poble pensa que potser cal investigar aquelles morts, que la versi\u00f3 oficial \u00e9s massa simple. Aix\u00ed, l&#8221;aparici\u00f3 d&#8221;un estrany comissari desper\u00adtar\u00e0 les suspic\u00e0cies dels aut\u00f2ctons i l&#8221;aparent calma de l&#8221;illa s&#8221;esborrar\u00e0 com un missatge escrit a la sorra.  A mig cam\u00ed del thriller i la faula, Claudel aconsegueix crear un m\u00f3n tancat, regit per la indifer\u00e8ncia moral on batega, de fons, una den\u00fancia contundent del moment actual.  \u00abSobre el tel\u00f3 de fons del drama deis immigrants, amb aquesta novel\u00b7la crua i intrigant, fascinant i misteriosa, Claudel ens lliura una faula inquietant sobre la condici\u00f3 humana.\u00bb ? J.C. Raspiengas, La Croix  \u00a0\u00abUn thriller amb doble impacte. Implacable.\u00bb ? O. de Lamberterie, Elle  \u00abUna faula sobre la foscor de la naturalesa\u00a0humana.\u00bb ? M.Aissaoui, Le Figaro Lit\u00e9raire<\/p>\n","protected":false},"excerpt":{"rendered":"<p>CLAUDEL, PHILIPPE<\/p>\n","protected":false},"featured_media":317851,"template":"","meta":{"_acf_changed":false,"om_disable_all_campaigns":false,"rs_blank_template":"","rs_page_bg_color":"","slide_template_v7":"","inline_featured_image":false,"_monsterinsights_skip_tracking":false,"_monsterinsights_sitenote_active":false,"_monsterinsights_sitenote_note":"","_monsterinsights_sitenote_category":0},"product_brand":[],"product_cat":[87,353],"product_tag":[],"class_list":{"0":"post-137171","1":"product","2":"type-product","3":"status-publish","4":"has-post-thumbnail","6":"product_cat-literatura","7":"product_cat-literatura-2_humanidades","9":"first","10":"instock","11":"taxable","12":"shipping-taxable","13":"purchasable","14":"product-type-simple"},"acf":{"editorial":[{"ID":6122,"post_author":"3","post_date":"2022-07-28 17:45:22","post_date_gmt":"2022-07-28 15:45:22","post_content":"","post_title":"ANGLE EDITORIAL","post_excerpt":"","post_status":"publish","comment_status":"closed","ping_status":"closed","post_password":"","post_name":"angle-editorial","to_ping":"","pinged":"","post_modified":"2022-07-28 17:45:22","post_modified_gmt":"2022-07-28 15:45:22","post_content_filtered":"","post_parent":0,"guid":"http:\/\/dev.claret.cat\/editorial\/angle-editorial\/","menu_order":0,"post_type":"editorial","post_mime_type":"","comment_count":"0","filter":"raw"}],"autor":"CLAUDEL, PHILIPPE","codart":"841721461","libros-coleccion":"Narratives","ediciones":"1","encuadernacion":"R\u00fastica","fecha_de_publicacion":"01\/03\/2019","novedad":"1","paginas":"205","subtitulo":"","orden":"0","portada":"0","idioma":"cat","autores-libros":[{"ID":167191,"post_author":"3","post_date":"2022-10-14 18:09:15","post_date_gmt":"2022-10-14 16:09:15","post_content":"","post_title":"PHILIPPE CLAUDEL","post_excerpt":"","post_status":"publish","comment_status":"closed","ping_status":"closed","post_password":"","post_name":"philippe-claudel","to_ping":"","pinged":"","post_modified":"2022-10-14 18:09:15","post_modified_gmt":"2022-10-14 16:09:15","post_content_filtered":"","post_parent":0,"guid":"http:\/\/dev.claret.cat\/autor\/philippe-claudel\/","menu_order":0,"post_type":"autor","post_mime_type":"","comment_count":"0","filter":"raw"}]},"aioseo_notices":[],"_links":{"self":[{"href":"https:\/\/www.claret.cat\/es\/wp-json\/wp\/v2\/product\/137171","targetHints":{"allow":["GET"]}}],"collection":[{"href":"https:\/\/www.claret.cat\/es\/wp-json\/wp\/v2\/product"}],"about":[{"href":"https:\/\/www.claret.cat\/es\/wp-json\/wp\/v2\/types\/product"}],"wp:featuredmedia":[{"embeddable":true,"href":"https:\/\/www.claret.cat\/es\/wp-json\/wp\/v2\/media\/317851"}],"wp:attachment":[{"href":"https:\/\/www.claret.cat\/es\/wp-json\/wp\/v2\/media?parent=137171"}],"wp:term":[{"taxonomy":"product_brand","embeddable":true,"href":"https:\/\/www.claret.cat\/es\/wp-json\/wp\/v2\/product_brand?post=137171"},{"taxonomy":"product_cat","embeddable":true,"href":"https:\/\/www.claret.cat\/es\/wp-json\/wp\/v2\/product_cat?post=137171"},{"taxonomy":"product_tag","embeddable":true,"href":"https:\/\/www.claret.cat\/es\/wp-json\/wp\/v2\/product_tag?post=137171"}],"curies":[{"name":"wp","href":"https:\/\/api.w.org\/{rel}","templated":true}]}}