{"id":137225,"date":"2022-10-13T09:43:30","date_gmt":"2022-10-13T07:43:30","guid":{"rendered":"http:\/\/dev.claret.cat\/producte\/y-ahi-lo-dejo-cronica-de-un-proceso\/"},"modified":"2023-01-28T11:04:13","modified_gmt":"2023-01-28T10:04:13","slug":"y-ahi-lo-dejo-cronica-de-un-proceso-9788417305765","status":"publish","type":"product","link":"https:\/\/www.claret.cat\/es\/libro\/y-ahi-lo-dejo-cronica-de-un-proceso-9788417305765\/","title":{"rendered":"&#8230; Y AH\u00cd LO DEJO. CR\u00d3NICA DE UN PROCESO"},"content":{"rendered":"<p>Conoce la verdadera historia detr\u00e1s del Proc\u00e9s, y del cerebro jur\u00eddico que se encuentra detr\u00e1s de la salida de Puigdemont, y del resto de diputados, de Espa\u00f1a.El abogado Gonzalo Boy\u00e9 es el cerebro jur\u00eddico que ha llevado el caso de los pol\u00edticos catalanes que se exiliaron de forma precipitada y urgente, por instrucciones suyas, cuando se supo que la juez Lamela iba a encausar e inmediatamente encarcelar a todos los que ella consideraba responsables de los supuestos delitos de sedici\u00f3n y rebeli\u00f3n tras el resultado del refer\u00e9ndum ilegal celebrado en Catalunya el 1 de octubre de 2017.En este libro cuenta con todo detalle de qu\u00e9 manera improvisada, porque no hab\u00eda tiempo para nada, aconsej\u00f3 a los pol\u00edticos huir de Espa\u00f1a, y como fue luego organizando la defensa de sus representados gracias a su conocimiento de la jurisprudencia internacional. B\u00e9lgica, Alemania, Escocia? Todos los escenarios europeos donde se va a seguir librando la defensa de los pol\u00edticos independentistas, los abogados y la t\u00e1ctica empleada en todos los casos, se cuentan desde la perspectiva del cerebro que ha llevado la estrategia hasta ahora exitosa de la defensa de esos pol\u00edticos.<\/p>\n","protected":false},"excerpt":{"rendered":"<p>BOYE, GONZALO<\/p>\n","protected":false},"featured_media":137226,"template":"","meta":{"_acf_changed":false,"om_disable_all_campaigns":false,"rs_blank_template":"","rs_page_bg_color":"","slide_template_v7":"","inline_featured_image":false,"_monsterinsights_skip_tracking":false,"_monsterinsights_sitenote_active":false,"_monsterinsights_sitenote_note":"","_monsterinsights_sitenote_category":0},"product_brand":[],"product_cat":[16],"product_tag":[],"class_list":{"0":"post-137225","1":"product","2":"type-product","3":"status-publish","4":"has-post-thumbnail","6":"product_cat-sense-categoria","8":"first","9":"instock","10":"taxable","11":"shipping-taxable","12":"purchasable","13":"product-type-simple"},"acf":{"autor":"BOYE, GONZALO","codart":"841730576","libros-coleccion":"Eldiario.es","ediciones":"1","encuadernacion":"R\u00fastica","fecha_de_publicacion":"01\/03\/2019","novedad":"1","paginas":"224","subtitulo":"","orden":"0","portada":"0","idioma":"spa","editorial":[{"ID":148755,"post_author":"3","post_date":"2022-10-14 12:00:44","post_date_gmt":"2022-10-14 10:00:44","post_content":"","post_title":"Roca Editorial","post_excerpt":"","post_status":"publish","comment_status":"closed","ping_status":"closed","post_password":"","post_name":"roca-editorial","to_ping":"","pinged":"","post_modified":"2022-10-14 12:00:44","post_modified_gmt":"2022-10-14 10:00:44","post_content_filtered":"","post_parent":0,"guid":"http:\/\/dev.claret.cat\/editorial\/roca-editorial\/","menu_order":0,"post_type":"editorial","post_mime_type":"","comment_count":"0","filter":"raw"}],"autores-libros":[{"ID":157039,"post_author":"3","post_date":"2022-10-14 15:25:38","post_date_gmt":"2022-10-14 13:25:38","post_content":"","post_title":"GONZALO BOYE","post_excerpt":"","post_status":"publish","comment_status":"closed","ping_status":"closed","post_password":"","post_name":"gonzalo-boye","to_ping":"","pinged":"","post_modified":"2022-10-14 15:25:38","post_modified_gmt":"2022-10-14 13:25:38","post_content_filtered":"","post_parent":0,"guid":"http:\/\/dev.claret.cat\/autor\/gonzalo-boye\/","menu_order":0,"post_type":"autor","post_mime_type":"","comment_count":"0","filter":"raw"}]},"aioseo_notices":[],"_links":{"self":[{"href":"https:\/\/www.claret.cat\/es\/wp-json\/wp\/v2\/product\/137225","targetHints":{"allow":["GET"]}}],"collection":[{"href":"https:\/\/www.claret.cat\/es\/wp-json\/wp\/v2\/product"}],"about":[{"href":"https:\/\/www.claret.cat\/es\/wp-json\/wp\/v2\/types\/product"}],"wp:featuredmedia":[{"embeddable":true,"href":"https:\/\/www.claret.cat\/es\/wp-json\/wp\/v2\/media\/137226"}],"wp:attachment":[{"href":"https:\/\/www.claret.cat\/es\/wp-json\/wp\/v2\/media?parent=137225"}],"wp:term":[{"taxonomy":"product_brand","embeddable":true,"href":"https:\/\/www.claret.cat\/es\/wp-json\/wp\/v2\/product_brand?post=137225"},{"taxonomy":"product_cat","embeddable":true,"href":"https:\/\/www.claret.cat\/es\/wp-json\/wp\/v2\/product_cat?post=137225"},{"taxonomy":"product_tag","embeddable":true,"href":"https:\/\/www.claret.cat\/es\/wp-json\/wp\/v2\/product_tag?post=137225"}],"curies":[{"name":"wp","href":"https:\/\/api.w.org\/{rel}","templated":true}]}}