{"id":137420,"date":"2022-10-13T09:46:24","date_gmt":"2022-10-13T07:46:24","guid":{"rendered":"http:\/\/dev.claret.cat\/producte\/tu-no-ets-una-mare-com-les-altres-2\/"},"modified":"2023-01-28T23:14:47","modified_gmt":"2023-01-28T22:14:47","slug":"tu-no-ets-una-mare-com-les-altres-9788416863594","status":"publish","type":"product","link":"https:\/\/www.claret.cat\/es\/libro\/tu-no-ets-una-mare-com-les-altres-9788416863594\/","title":{"rendered":"TU NO ETS UNA MARE COM LES ALTRES"},"content":{"rendered":"<p>Angelika Schrobsdorff reconstrueix la vida real i inconformista de la seva mare, l&#8221;Else, una dona nascuda en una fam\u00edlia de la burgesia jueva de Berl\u00edn que viur\u00e0 de ple els &#8216;bojos anys vint&#8217; i que tindr\u00e0 tres fills de tres pares diferents, fidel a les dues promeses que es va fer de jove: viure la vida amb la m\u00e0xima intensitat i tenir un fill amb cada home que estim\u00e9s.<\/p>\n","protected":false},"excerpt":{"rendered":"<p>SCHROBSDORFF,ANGELIKA<\/p>\n","protected":false},"featured_media":137421,"template":"","meta":{"_acf_changed":false,"om_disable_all_campaigns":false,"rs_blank_template":"","rs_page_bg_color":"","slide_template_v7":"","inline_featured_image":false,"_monsterinsights_skip_tracking":false,"_monsterinsights_sitenote_active":false,"_monsterinsights_sitenote_note":"","_monsterinsights_sitenote_category":0},"product_brand":[],"product_cat":[87],"product_tag":[],"class_list":{"0":"post-137420","1":"product","2":"type-product","3":"status-publish","4":"has-post-thumbnail","6":"product_cat-literatura","8":"first","9":"instock","10":"taxable","11":"shipping-taxable","12":"purchasable","13":"product-type-simple"},"acf":{"editorial":[{"ID":148350,"post_author":"3","post_date":"2022-10-14 11:57:33","post_date_gmt":"2022-10-14 09:57:33","post_content":"","post_title":"La Campana Llibres","post_excerpt":"","post_status":"publish","comment_status":"closed","ping_status":"closed","post_password":"","post_name":"la-campana-llibres","to_ping":"","pinged":"","post_modified":"2022-10-14 11:57:33","post_modified_gmt":"2022-10-14 09:57:33","post_content_filtered":"","post_parent":0,"guid":"http:\/\/dev.claret.cat\/editorial\/la-campana-llibres\/","menu_order":0,"post_type":"editorial","post_mime_type":"","comment_count":"0","filter":"raw"}],"autores-libros":[{"ID":150466,"post_author":"3","post_date":"2022-10-14 14:33:11","post_date_gmt":"2022-10-14 12:33:11","post_content":"","post_title":"ANGELIKA SCHROBSDORFF","post_excerpt":"","post_status":"publish","comment_status":"closed","ping_status":"closed","post_password":"","post_name":"angelika-schrobsdorff","to_ping":"","pinged":"","post_modified":"2022-10-14 14:33:11","post_modified_gmt":"2022-10-14 12:33:11","post_content_filtered":"","post_parent":0,"guid":"http:\/\/dev.claret.cat\/autor\/angelika-schrobsdorff\/","menu_order":0,"post_type":"autor","post_mime_type":"","comment_count":"0","filter":"raw"}],"autor":"SCHROBSDORFF,ANGELIKA","codart":"841686359","libros-coleccion":"Narrativa","ediciones":"1","encuadernacion":"R\u00fastica","fecha_de_publicacion":"01\/03\/2019","novedad":"1","paginas":"605","subtitulo":"","orden":"0","portada":"0","idioma":"cat"},"aioseo_notices":[],"_links":{"self":[{"href":"https:\/\/www.claret.cat\/es\/wp-json\/wp\/v2\/product\/137420","targetHints":{"allow":["GET"]}}],"collection":[{"href":"https:\/\/www.claret.cat\/es\/wp-json\/wp\/v2\/product"}],"about":[{"href":"https:\/\/www.claret.cat\/es\/wp-json\/wp\/v2\/types\/product"}],"wp:featuredmedia":[{"embeddable":true,"href":"https:\/\/www.claret.cat\/es\/wp-json\/wp\/v2\/media\/137421"}],"wp:attachment":[{"href":"https:\/\/www.claret.cat\/es\/wp-json\/wp\/v2\/media?parent=137420"}],"wp:term":[{"taxonomy":"product_brand","embeddable":true,"href":"https:\/\/www.claret.cat\/es\/wp-json\/wp\/v2\/product_brand?post=137420"},{"taxonomy":"product_cat","embeddable":true,"href":"https:\/\/www.claret.cat\/es\/wp-json\/wp\/v2\/product_cat?post=137420"},{"taxonomy":"product_tag","embeddable":true,"href":"https:\/\/www.claret.cat\/es\/wp-json\/wp\/v2\/product_tag?post=137420"}],"curies":[{"name":"wp","href":"https:\/\/api.w.org\/{rel}","templated":true}]}}