{"id":137468,"date":"2022-10-13T09:47:08","date_gmt":"2022-10-13T07:47:08","guid":{"rendered":"http:\/\/dev.claret.cat\/producte\/la-magia-de-las-matematicas\/"},"modified":"2025-02-04T17:59:44","modified_gmt":"2025-02-04T16:59:44","slug":"la-magia-de-las-matematicas-9788491871309","status":"publish","type":"product","link":"https:\/\/www.claret.cat\/es\/libro\/la-magia-de-las-matematicas-9788491871309\/","title":{"rendered":"LA MAGIA DE LAS MAT\u00c9MATICAS"},"content":{"rendered":"<p>A lo largo de la historia, m\u00e1s all\u00e1 de los n\u00fameros naturales, el ser humano ha ideado otros tipos de n\u00fameros necesa\u00adrios para resolver m\u00faltiples problemas. Explora en estas p\u00e1\u00adginas los secretos del n\u00famero pi y los misterios del infinito. Sum\u00e9rgete en las curiosidades de los n\u00fameros primos y ob\u00adserva c\u00f3mo la proporci\u00f3n \u00e1urea es capaz de reflejarse en bell\u00edsimos elementos de la naturaleza. Descubrir\u00e1s que las matem\u00e1ticas son un lenguaje universal y apasionante. UN VIAJE A LA BELLEZA ETERNA Y PROFUNDA DE LAS MATEM\u00c1TICAS<\/p>\n","protected":false},"excerpt":{"rendered":"<p>NAVARRO JOAQU\u00cdN \/ GRACI\u00c1N ENRIQUE<\/p>\n","protected":false},"featured_media":137469,"template":"","meta":{"_acf_changed":false,"om_disable_all_campaigns":false,"rs_blank_template":"","rs_page_bg_color":"","slide_template_v7":"","inline_featured_image":false,"_monsterinsights_skip_tracking":false,"_monsterinsights_sitenote_active":false,"_monsterinsights_sitenote_note":"","_monsterinsights_sitenote_category":0},"product_brand":[],"product_cat":[104,554],"product_tag":[],"class_list":{"0":"post-137468","1":"product","2":"type-product","3":"status-publish","4":"has-post-thumbnail","6":"product_cat-ciencia","7":"product_cat-ciencia-5_otras-spa","9":"first","10":"instock","11":"taxable","12":"shipping-taxable","13":"purchasable","14":"product-type-simple"},"acf":{"editorial":[{"ID":148737,"post_author":"3","post_date":"2022-10-14 12:00:35","post_date_gmt":"2022-10-14 10:00:35","post_content":"","post_title":"RBA Libros","post_excerpt":"","post_status":"publish","comment_status":"closed","ping_status":"closed","post_password":"","post_name":"rba-libros","to_ping":"","pinged":"","post_modified":"2022-10-14 12:00:35","post_modified_gmt":"2022-10-14 10:00:35","post_content_filtered":"","post_parent":0,"guid":"http:\/\/dev.claret.cat\/editorial\/rba-libros\/","menu_order":0,"post_type":"editorial","post_mime_type":"","comment_count":"0","filter":"raw"}],"autor":"NAVARRO JOAQU\u00cdN \/ GRACI\u00c1N ENRIQUE","codart":"849187130","libros-coleccion":"Divulgaci\u00f3n","ediciones":"1","encuadernacion":"Carton\u00e9","fecha_de_publicacion":"01\/03\/2019","novedad":"1","paginas":"559","subtitulo":"","orden":"0","portada":"0","idioma":"spa","autores-libros":[{"ID":165713,"post_author":"3","post_date":"2022-10-14 17:57:22","post_date_gmt":"2022-10-14 15:57:22","post_content":"","post_title":"NAVARRO JOAQU\u00cdN","post_excerpt":"","post_status":"publish","comment_status":"closed","ping_status":"closed","post_password":"","post_name":"navarro-joaquin","to_ping":"","pinged":"","post_modified":"2022-10-14 17:57:22","post_modified_gmt":"2022-10-14 15:57:22","post_content_filtered":"","post_parent":0,"guid":"http:\/\/dev.claret.cat\/autor\/navarro-joaquin\/","menu_order":0,"post_type":"autor","post_mime_type":"","comment_count":"0","filter":"raw"},{"ID":157087,"post_author":"3","post_date":"2022-10-14 15:26:01","post_date_gmt":"2022-10-14 13:26:01","post_content":"","post_title":"GRACI\u00c1N ENRIQUE","post_excerpt":"","post_status":"publish","comment_status":"closed","ping_status":"closed","post_password":"","post_name":"gracian-enrique","to_ping":"","pinged":"","post_modified":"2022-10-14 15:26:01","post_modified_gmt":"2022-10-14 13:26:01","post_content_filtered":"","post_parent":0,"guid":"http:\/\/dev.claret.cat\/autor\/gracian-enrique\/","menu_order":0,"post_type":"autor","post_mime_type":"","comment_count":"0","filter":"raw"}]},"aioseo_notices":[],"_links":{"self":[{"href":"https:\/\/www.claret.cat\/es\/wp-json\/wp\/v2\/product\/137468","targetHints":{"allow":["GET"]}}],"collection":[{"href":"https:\/\/www.claret.cat\/es\/wp-json\/wp\/v2\/product"}],"about":[{"href":"https:\/\/www.claret.cat\/es\/wp-json\/wp\/v2\/types\/product"}],"wp:featuredmedia":[{"embeddable":true,"href":"https:\/\/www.claret.cat\/es\/wp-json\/wp\/v2\/media\/137469"}],"wp:attachment":[{"href":"https:\/\/www.claret.cat\/es\/wp-json\/wp\/v2\/media?parent=137468"}],"wp:term":[{"taxonomy":"product_brand","embeddable":true,"href":"https:\/\/www.claret.cat\/es\/wp-json\/wp\/v2\/product_brand?post=137468"},{"taxonomy":"product_cat","embeddable":true,"href":"https:\/\/www.claret.cat\/es\/wp-json\/wp\/v2\/product_cat?post=137468"},{"taxonomy":"product_tag","embeddable":true,"href":"https:\/\/www.claret.cat\/es\/wp-json\/wp\/v2\/product_tag?post=137468"}],"curies":[{"name":"wp","href":"https:\/\/api.w.org\/{rel}","templated":true}]}}