{"id":137477,"date":"2022-10-13T09:47:16","date_gmt":"2022-10-13T07:47:16","guid":{"rendered":"http:\/\/dev.claret.cat\/producte\/la-red-oscura\/"},"modified":"2025-02-04T17:59:16","modified_gmt":"2025-02-04T16:59:16","slug":"la-red-oscura-9788491871583","status":"publish","type":"product","link":"https:\/\/www.claret.cat\/es\/libro\/la-red-oscura-9788491871583\/","title":{"rendered":"LA RED OSCURA"},"content":{"rendered":"<p>Una epidemia de suicidios inexplicables se est\u00e1 extendiendo por todo el pa\u00eds. Entre las v\u00edctimas se cuenta el marido de la agente del FBI Jane Hawk, quien decide averiguar qu\u00e9 es lo que se oculta detr\u00e1s de estas desgracias. La mayor\u00eda de las personas fallecidas no ten\u00eda raz\u00f3n alguna para acabar con sus vidas y todas las muertes se han rodeado de alguna cir\u00adcunstancia extra\u00f1a. Pero, adem\u00e1s, descubre otra cosa m\u00e1s inquietante: hay mucha gente que quiere detenerla cueste lo que cueste. LA PRIMERA NOVELA DE UNA VERTIGINOSA SERIE QUE EST\u00c1 GANANDO SEGUIDORES EN TODO EL MUNDO<\/p>\n","protected":false},"excerpt":{"rendered":"<p>KOONTZ DEAN<\/p>\n","protected":false},"featured_media":137478,"template":"","meta":{"_acf_changed":false,"om_disable_all_campaigns":false,"rs_blank_template":"","rs_page_bg_color":"","slide_template_v7":"","inline_featured_image":false,"_monsterinsights_skip_tracking":false,"_monsterinsights_sitenote_active":false,"_monsterinsights_sitenote_note":"","_monsterinsights_sitenote_category":0},"product_brand":[],"product_cat":[90,540],"product_tag":[],"class_list":{"0":"post-137477","1":"product","2":"type-product","3":"status-publish","4":"has-post-thumbnail","6":"product_cat-altres","7":"product_cat-otros","9":"first","10":"instock","11":"taxable","12":"shipping-taxable","13":"purchasable","14":"product-type-simple"},"acf":{"editorial":[{"ID":148737,"post_author":"3","post_date":"2022-10-14 12:00:35","post_date_gmt":"2022-10-14 10:00:35","post_content":"","post_title":"RBA Libros","post_excerpt":"","post_status":"publish","comment_status":"closed","ping_status":"closed","post_password":"","post_name":"rba-libros","to_ping":"","pinged":"","post_modified":"2022-10-14 12:00:35","post_modified_gmt":"2022-10-14 10:00:35","post_content_filtered":"","post_parent":0,"guid":"http:\/\/dev.claret.cat\/editorial\/rba-libros\/","menu_order":0,"post_type":"editorial","post_mime_type":"","comment_count":"0","filter":"raw"}],"autor":"KOONTZ DEAN","codart":"849187158","libros-coleccion":"NOVELA POLIC\u00cdACA BIB","ediciones":"1","encuadernacion":"Carton\u00e9","fecha_de_publicacion":"01\/03\/2019","novedad":"1","paginas":"459","subtitulo":"","orden":"0","portada":"0","idioma":"spa","autores-libros":[{"ID":161739,"post_author":"3","post_date":"2022-10-14 17:20:39","post_date_gmt":"2022-10-14 15:20:39","post_content":"","post_title":"KOONTZ DEAN","post_excerpt":"","post_status":"publish","comment_status":"closed","ping_status":"closed","post_password":"","post_name":"koontz-dean","to_ping":"","pinged":"","post_modified":"2022-10-14 17:20:39","post_modified_gmt":"2022-10-14 15:20:39","post_content_filtered":"","post_parent":0,"guid":"http:\/\/dev.claret.cat\/autor\/koontz-dean\/","menu_order":0,"post_type":"autor","post_mime_type":"","comment_count":"0","filter":"raw"}]},"aioseo_notices":[],"_links":{"self":[{"href":"https:\/\/www.claret.cat\/es\/wp-json\/wp\/v2\/product\/137477","targetHints":{"allow":["GET"]}}],"collection":[{"href":"https:\/\/www.claret.cat\/es\/wp-json\/wp\/v2\/product"}],"about":[{"href":"https:\/\/www.claret.cat\/es\/wp-json\/wp\/v2\/types\/product"}],"wp:featuredmedia":[{"embeddable":true,"href":"https:\/\/www.claret.cat\/es\/wp-json\/wp\/v2\/media\/137478"}],"wp:attachment":[{"href":"https:\/\/www.claret.cat\/es\/wp-json\/wp\/v2\/media?parent=137477"}],"wp:term":[{"taxonomy":"product_brand","embeddable":true,"href":"https:\/\/www.claret.cat\/es\/wp-json\/wp\/v2\/product_brand?post=137477"},{"taxonomy":"product_cat","embeddable":true,"href":"https:\/\/www.claret.cat\/es\/wp-json\/wp\/v2\/product_cat?post=137477"},{"taxonomy":"product_tag","embeddable":true,"href":"https:\/\/www.claret.cat\/es\/wp-json\/wp\/v2\/product_tag?post=137477"}],"curies":[{"name":"wp","href":"https:\/\/api.w.org\/{rel}","templated":true}]}}