{"id":137480,"date":"2022-10-13T09:47:19","date_gmt":"2022-10-13T07:47:19","guid":{"rendered":"http:\/\/dev.claret.cat\/producte\/sissi-la-princesa-rebelde-1-el-secreto-del-bosque\/"},"modified":"2025-04-07T12:37:57","modified_gmt":"2025-04-07T10:37:57","slug":"sissi-la-princesa-rebelde-1-el-secreto-del-bosque-9788427213654","status":"publish","type":"product","link":"https:\/\/www.claret.cat\/es\/libro\/sissi-la-princesa-rebelde-1-el-secreto-del-bosque-9788427213654\/","title":{"rendered":"SISSI, LA PRINCESA REBELDE 1. EL SECRETO DEL BOSQUE"},"content":{"rendered":"<p>Hay quien dice que explorar el bosque a lomos de su querido caballo, vivir incre\u00edbles peripecias junto con sus hermanos o rescatar a un cervatillo en peligro son cosas que una princesa nunca deber\u00eda hacer? Pero Sissi no est\u00e1 de acuerdo \u00a1y est\u00e1 a punto de demostrarlo viviendo la mayor aventura de su vida! Descubre las historias de la princesa m\u00e1s rebelde en una atractiva edici\u00f3n ilustrada por Alba Filella.<\/p>\n","protected":false},"excerpt":{"rendered":"<p>VILLALOBOS M. C.<\/p>\n","protected":false},"featured_media":137481,"template":"","meta":{"_acf_changed":false,"om_disable_all_campaigns":false,"rs_blank_template":"","rs_page_bg_color":"","slide_template_v7":"","inline_featured_image":false,"_monsterinsights_skip_tracking":false,"_monsterinsights_sitenote_active":false,"_monsterinsights_sitenote_note":"","_monsterinsights_sitenote_category":0},"product_brand":[],"product_cat":[86,352],"product_tag":[],"class_list":{"0":"post-137480","1":"product","2":"type-product","3":"status-publish","4":"has-post-thumbnail","6":"product_cat-infantil","7":"product_cat-infantil-3_infantil-juvenil-spa","9":"first","10":"instock","11":"taxable","12":"shipping-taxable","13":"purchasable","14":"product-type-simple"},"acf":{"editorial":[{"ID":6346,"post_author":"3","post_date":"2022-07-28 17:50:13","post_date_gmt":"2022-07-28 15:50:13","post_content":"","post_title":"RBA Molino","post_excerpt":"","post_status":"publish","comment_status":"closed","ping_status":"closed","post_password":"","post_name":"rba-molino","to_ping":"","pinged":"","post_modified":"2022-07-28 17:50:13","post_modified_gmt":"2022-07-28 15:50:13","post_content_filtered":"","post_parent":0,"guid":"http:\/\/dev.claret.cat\/editorial\/rba-molino\/","menu_order":0,"post_type":"editorial","post_mime_type":"","comment_count":"0","filter":"raw"}],"autor":"VILLALOBOS M. C.","codart":"842721365","libros-coleccion":"INOLVIDABLES","ediciones":"1","encuadernacion":"Carton\u00e9","fecha_de_publicacion":"01\/03\/2019","novedad":"1","paginas":"251","subtitulo":"","orden":"0","portada":"0","idioma":"spa","autores-libros":[{"ID":171110,"post_author":"3","post_date":"2022-10-14 22:40:45","post_date_gmt":"2022-10-14 20:40:45","post_content":"","post_title":"VILLALOBOS M. C.","post_excerpt":"","post_status":"publish","comment_status":"closed","ping_status":"closed","post_password":"","post_name":"villalobos-m-c","to_ping":"","pinged":"","post_modified":"2022-10-14 22:40:45","post_modified_gmt":"2022-10-14 20:40:45","post_content_filtered":"","post_parent":0,"guid":"http:\/\/dev.claret.cat\/autor\/villalobos-m-c\/","menu_order":0,"post_type":"autor","post_mime_type":"","comment_count":"0","filter":"raw"}]},"aioseo_notices":[],"_links":{"self":[{"href":"https:\/\/www.claret.cat\/es\/wp-json\/wp\/v2\/product\/137480","targetHints":{"allow":["GET"]}}],"collection":[{"href":"https:\/\/www.claret.cat\/es\/wp-json\/wp\/v2\/product"}],"about":[{"href":"https:\/\/www.claret.cat\/es\/wp-json\/wp\/v2\/types\/product"}],"wp:featuredmedia":[{"embeddable":true,"href":"https:\/\/www.claret.cat\/es\/wp-json\/wp\/v2\/media\/137481"}],"wp:attachment":[{"href":"https:\/\/www.claret.cat\/es\/wp-json\/wp\/v2\/media?parent=137480"}],"wp:term":[{"taxonomy":"product_brand","embeddable":true,"href":"https:\/\/www.claret.cat\/es\/wp-json\/wp\/v2\/product_brand?post=137480"},{"taxonomy":"product_cat","embeddable":true,"href":"https:\/\/www.claret.cat\/es\/wp-json\/wp\/v2\/product_cat?post=137480"},{"taxonomy":"product_tag","embeddable":true,"href":"https:\/\/www.claret.cat\/es\/wp-json\/wp\/v2\/product_tag?post=137480"}],"curies":[{"name":"wp","href":"https:\/\/api.w.org\/{rel}","templated":true}]}}