{"id":137534,"date":"2022-10-13T09:48:09","date_gmt":"2022-10-13T07:48:09","guid":{"rendered":"http:\/\/dev.claret.cat\/producte\/un-intruso-muy-travieso\/"},"modified":"2024-02-08T13:05:43","modified_gmt":"2024-02-08T12:05:43","slug":"un-intruso-muy-travieso-9788468340685","status":"publish","type":"product","link":"https:\/\/www.claret.cat\/es\/libro\/un-intruso-muy-travieso-9788468340685\/","title":{"rendered":"\u00a1UN INTRUSO MUY TRAVIESO!"},"content":{"rendered":"<p>\u00a1Qu\u00e9 desastre! El jard\u00edn de Zoe est\u00e1 totalmente destrozado. \u00bfQui\u00e9n habr\u00e1 sido? \u00a1Un travieso cuervo que se las ve con todos! \u00a1Es la hora de Supergata!<\/p>\n","protected":false},"excerpt":{"rendered":"<p>SGARDOLI, GUIDO<\/p>\n","protected":false},"featured_media":137535,"template":"","meta":{"_acf_changed":false,"om_disable_all_campaigns":false,"rs_blank_template":"","rs_page_bg_color":"","slide_template_v7":"","inline_featured_image":false,"_monsterinsights_skip_tracking":false,"_monsterinsights_sitenote_active":false,"_monsterinsights_sitenote_note":"","_monsterinsights_sitenote_category":0},"product_brand":[],"product_cat":[86,352],"product_tag":[],"class_list":{"0":"post-137534","1":"product","2":"type-product","3":"status-publish","4":"has-post-thumbnail","6":"product_cat-infantil","7":"product_cat-infantil-3_infantil-juvenil-spa","9":"first","10":"instock","11":"taxable","12":"shipping-taxable","13":"purchasable","14":"product-type-simple"},"acf":{"editorial":[{"ID":6193,"post_author":"3","post_date":"2022-07-28 17:46:53","post_date_gmt":"2022-07-28 15:46:53","post_content":"","post_title":"EDEBE GUADIEL","post_excerpt":"","post_status":"publish","comment_status":"closed","ping_status":"closed","post_password":"","post_name":"edebe-guadiel","to_ping":"","pinged":"","post_modified":"2022-07-28 17:46:53","post_modified_gmt":"2022-07-28 15:46:53","post_content_filtered":"","post_parent":0,"guid":"http:\/\/dev.claret.cat\/editorial\/edebe-guadiel\/","menu_order":0,"post_type":"editorial","post_mime_type":"","comment_count":"0","filter":"raw"}],"autor":"SGARDOLI, GUIDO","codart":"846834068","libros-coleccion":"Supergata","ediciones":"1","encuadernacion":"Carton\u00e9","fecha_de_publicacion":"01\/01\/2019","novedad":"1","paginas":"36","subtitulo":"","orden":"0","portada":"0","idioma":"spa","autores-libros":[{"ID":157183,"post_author":"3","post_date":"2022-10-14 15:26:47","post_date_gmt":"2022-10-14 13:26:47","post_content":"","post_title":"GUIDO SGARDOLI","post_excerpt":"","post_status":"publish","comment_status":"closed","ping_status":"closed","post_password":"","post_name":"guido-sgardoli","to_ping":"","pinged":"","post_modified":"2022-10-14 15:26:47","post_modified_gmt":"2022-10-14 13:26:47","post_content_filtered":"","post_parent":0,"guid":"http:\/\/dev.claret.cat\/autor\/guido-sgardoli\/","menu_order":0,"post_type":"autor","post_mime_type":"","comment_count":"0","filter":"raw"}]},"aioseo_notices":[],"_links":{"self":[{"href":"https:\/\/www.claret.cat\/es\/wp-json\/wp\/v2\/product\/137534","targetHints":{"allow":["GET"]}}],"collection":[{"href":"https:\/\/www.claret.cat\/es\/wp-json\/wp\/v2\/product"}],"about":[{"href":"https:\/\/www.claret.cat\/es\/wp-json\/wp\/v2\/types\/product"}],"wp:featuredmedia":[{"embeddable":true,"href":"https:\/\/www.claret.cat\/es\/wp-json\/wp\/v2\/media\/137535"}],"wp:attachment":[{"href":"https:\/\/www.claret.cat\/es\/wp-json\/wp\/v2\/media?parent=137534"}],"wp:term":[{"taxonomy":"product_brand","embeddable":true,"href":"https:\/\/www.claret.cat\/es\/wp-json\/wp\/v2\/product_brand?post=137534"},{"taxonomy":"product_cat","embeddable":true,"href":"https:\/\/www.claret.cat\/es\/wp-json\/wp\/v2\/product_cat?post=137534"},{"taxonomy":"product_tag","embeddable":true,"href":"https:\/\/www.claret.cat\/es\/wp-json\/wp\/v2\/product_tag?post=137534"}],"curies":[{"name":"wp","href":"https:\/\/api.w.org\/{rel}","templated":true}]}}