{"id":137630,"date":"2022-10-13T09:49:39","date_gmt":"2022-10-13T07:49:39","guid":{"rendered":"http:\/\/dev.claret.cat\/producte\/granada-2\/"},"modified":"2023-01-28T16:09:30","modified_gmt":"2023-01-28T15:09:30","slug":"granada-9788499356747","status":"publish","type":"product","link":"https:\/\/www.claret.cat\/es\/libro\/granada-9788499356747\/","title":{"rendered":"GRANADA"},"content":{"rendered":"<p>Una gu\u00eda pr\u00e1ctica y totalmente actualizada, ideal para realizar un corto viaje a Granada y sus alrededores.<br \/> La gu\u00eda est\u00e1 dividida en cinco apartados.<br \/> En el primero, titulado Diez Indispensables, se propone una selecci\u00f3n de los lugares, curiosidades y tradiciones de la zona que no hay que perderse: El castillo rojo, El Albayz\u00edn, La catedral, La Cartuja, Los c\u00e1rmenes&#8230;<br \/> El segundo apartado incluye un breve resumen de la historia de Granada desde sus inicios hasta la actualidad.<br \/> El apartado, Visita a la ciudad de Granada, est\u00e1 dividido en seis cap\u00edtulos: La Alhambra y el Generalife, Ciudad baja, Universidad-San Jer\u00f3nimo-Triunfo, Carrera de la Virgen-Realejo-San Mat\u00edas, El Albayz\u00edn y La Cartuja. Cada uno de estos cap\u00edtulos proporciona informaci\u00f3n detallada de los lugares de mayor inter\u00e9s. Tambi\u00e9n se incluye un plano de la ciudad con los monumentos m\u00e1s importantes destacados.<br \/> El siguiente apartado, Excursiones por la provincia, hace un recorrido por los lugares m\u00e1s emblem\u00e1ticos de la zona: Las Alpujarras, Sierra Nevada, Excursi\u00f3n a la costa, Las hoyas de Baza y de Guadix&#8230; Un \u00fatil mapa de carreteras de la provincia, al final del cap\u00edtulo, facilita la planificaci\u00f3n de los desplazamientos.<br \/> Finalmente, se incluye una amplia selecci\u00f3n de restaurantes, alojamientos, direcciones de museos y monumentos, as\u00ed como una exhaustiva informaci\u00f3n pr\u00e1ctica para moverse por la zona.<br \/> Con la gu\u00eda se regala un plano desplegable de Granada con \u00edndice de calles y un mapa de accesos a la ciudad.<\/p>\n","protected":false},"excerpt":{"rendered":"<p>ANAYA TOURING \/ ARJONA MOLINA, RAFAEL<\/p>\n","protected":false},"featured_media":137631,"template":"","meta":{"_acf_changed":false,"om_disable_all_campaigns":false,"rs_blank_template":"","rs_page_bg_color":"","slide_template_v7":"","inline_featured_image":false,"_monsterinsights_skip_tracking":false,"_monsterinsights_sitenote_active":false,"_monsterinsights_sitenote_note":"","_monsterinsights_sitenote_category":0},"product_brand":[],"product_cat":[107],"product_tag":[],"class_list":{"0":"post-137630","1":"product","2":"type-product","3":"status-publish","4":"has-post-thumbnail","6":"product_cat-guies-de-viatge","8":"first","9":"instock","10":"taxable","11":"shipping-taxable","12":"purchasable","13":"product-type-simple"},"acf":{"editorial":[{"ID":147435,"post_author":"3","post_date":"2022-10-14 11:50:33","post_date_gmt":"2022-10-14 09:50:33","post_content":"","post_title":"Anaya Touring","post_excerpt":"","post_status":"publish","comment_status":"closed","ping_status":"closed","post_password":"","post_name":"anaya-touring","to_ping":"","pinged":"","post_modified":"2022-10-14 11:50:33","post_modified_gmt":"2022-10-14 09:50:33","post_content_filtered":"","post_parent":0,"guid":"http:\/\/dev.claret.cat\/editorial\/anaya-touring\/","menu_order":0,"post_type":"editorial","post_mime_type":"","comment_count":"0","filter":"raw"}],"autor":"ANAYA TOURING \/ ARJONA MOLINA, RAFAEL","codart":"849935674","libros-coleccion":"Guiarama Compact - Espa\u00f1a","ediciones":"1","encuadernacion":"R\u00fastica","fecha_de_publicacion":"01\/02\/2015","novedad":"1","paginas":"144","subtitulo":"","orden":"0","portada":"0","idioma":"spa","autores-libros":[{"ID":167561,"post_author":"3","post_date":"2022-10-14 18:12:11","post_date_gmt":"2022-10-14 16:12:11","post_content":"","post_title":"RAFAEL ARJONA MOLINA","post_excerpt":"","post_status":"publish","comment_status":"closed","ping_status":"closed","post_password":"","post_name":"rafael-arjona-molina","to_ping":"","pinged":"","post_modified":"2022-10-14 18:12:11","post_modified_gmt":"2022-10-14 16:12:11","post_content_filtered":"","post_parent":0,"guid":"http:\/\/dev.claret.cat\/autor\/rafael-arjona-molina\/","menu_order":0,"post_type":"autor","post_mime_type":"","comment_count":"0","filter":"raw"},{"ID":150168,"post_author":"3","post_date":"2022-10-14 14:30:47","post_date_gmt":"2022-10-14 12:30:47","post_content":"","post_title":"ANAYA TOURING","post_excerpt":"","post_status":"publish","comment_status":"closed","ping_status":"closed","post_password":"","post_name":"anaya-touring","to_ping":"","pinged":"","post_modified":"2022-10-14 14:30:47","post_modified_gmt":"2022-10-14 12:30:47","post_content_filtered":"","post_parent":0,"guid":"http:\/\/dev.claret.cat\/autor\/anaya-touring\/","menu_order":0,"post_type":"autor","post_mime_type":"","comment_count":"0","filter":"raw"}]},"aioseo_notices":[],"_links":{"self":[{"href":"https:\/\/www.claret.cat\/es\/wp-json\/wp\/v2\/product\/137630","targetHints":{"allow":["GET"]}}],"collection":[{"href":"https:\/\/www.claret.cat\/es\/wp-json\/wp\/v2\/product"}],"about":[{"href":"https:\/\/www.claret.cat\/es\/wp-json\/wp\/v2\/types\/product"}],"wp:featuredmedia":[{"embeddable":true,"href":"https:\/\/www.claret.cat\/es\/wp-json\/wp\/v2\/media\/137631"}],"wp:attachment":[{"href":"https:\/\/www.claret.cat\/es\/wp-json\/wp\/v2\/media?parent=137630"}],"wp:term":[{"taxonomy":"product_brand","embeddable":true,"href":"https:\/\/www.claret.cat\/es\/wp-json\/wp\/v2\/product_brand?post=137630"},{"taxonomy":"product_cat","embeddable":true,"href":"https:\/\/www.claret.cat\/es\/wp-json\/wp\/v2\/product_cat?post=137630"},{"taxonomy":"product_tag","embeddable":true,"href":"https:\/\/www.claret.cat\/es\/wp-json\/wp\/v2\/product_tag?post=137630"}],"curies":[{"name":"wp","href":"https:\/\/api.w.org\/{rel}","templated":true}]}}