{"id":137684,"date":"2022-10-13T09:50:28","date_gmt":"2022-10-13T07:50:28","guid":{"rendered":"http:\/\/dev.claret.cat\/producte\/panama\/"},"modified":"2023-01-28T11:25:41","modified_gmt":"2023-01-28T10:25:41","slug":"panama-9788491581710","status":"publish","type":"product","link":"https:\/\/www.claret.cat\/es\/libro\/panama-9788491581710\/","title":{"rendered":"PANAM\u00c1"},"content":{"rendered":"<p>&#8216; A pesar de ser el pa\u00eds que une geogr\u00e1ficamente las dos Am\u00e9ricas (norte y sur), las comunicaciones se rompen en este punto para dar paz a este para\u00edso remoto. La Gu\u00eda Viva ser\u00e1 la compa\u00f1\u00eda perfecta para el viajero independiente que quiera lanzarse a conocer este pa\u00eds.<br \/> Contiene toda la informaci\u00f3n necesaria para preparar el viaje (tr\u00e1mites de entrada, moneda, transportes, clima&#8230;) y, una vez all\u00ed, moverse libremente por el pa\u00eds.<br \/> En Panam\u00e1 de punta a punta, se describen las principales localidades y lugares de inter\u00e9s, con la Ciudad de Panam\u00e1 a la cabeza, cuya informaci\u00f3n sigue varias secciones fijas: Informaci\u00f3n, Transportes, La Visita, Comer, Dormir, La Noche, Compras&#8230; Adem\u00e1s se a\u00f1aden otras secciones espec\u00edficas en funci\u00f3n de las caracter\u00edsticas concretas de cada lugar: fiestas, tradiciones, historia&#8230; La gu\u00eda incluye tambi\u00e9n un apartado con propuestas de excursiones desde la capital.<br \/> La visita se completa con abundante informaci\u00f3n pr\u00e1ctica sobre hoteles, restaurantes y otros servicios tur\u00edsticos seleccionados siguiendo un riguroso criterio de calidad\/precio. Para facilitar la visita se incluyen planos de las principales localidades con los ambientes urbanos de d\u00eda y de noche, donde se se\u00f1alan los establecimientos recomendados y las mejores zonas donde comprar, pasear o salir de noche. Tambi\u00e9n un mapa de carreteras que incluye todas las localidades descritas en la gu\u00eda.<br \/> Finalmente, El Contexto comprende un resumen de la historia de Panam\u00e1, as\u00ed como diversos art\u00edculos sobre religi\u00f3n, costumbres, cultura y otros aspectos interesantes del pa\u00eds. &#8216;<\/p>\n","protected":false},"excerpt":{"rendered":"<p>S\u00c1NCHEZ, FRANCISCO \/ PUY FUENTES, EDGAR DE<\/p>\n","protected":false},"featured_media":137685,"template":"","meta":{"_acf_changed":false,"om_disable_all_campaigns":false,"rs_blank_template":"","rs_page_bg_color":"","slide_template_v7":"","inline_featured_image":false,"_monsterinsights_skip_tracking":false,"_monsterinsights_sitenote_active":false,"_monsterinsights_sitenote_note":"","_monsterinsights_sitenote_category":0},"product_brand":[],"product_cat":[107],"product_tag":[],"class_list":{"0":"post-137684","1":"product","2":"type-product","3":"status-publish","4":"has-post-thumbnail","6":"product_cat-guies-de-viatge","8":"first","9":"instock","10":"taxable","11":"shipping-taxable","12":"purchasable","13":"product-type-simple"},"acf":{"editorial":[{"ID":147435,"post_author":"3","post_date":"2022-10-14 11:50:33","post_date_gmt":"2022-10-14 09:50:33","post_content":"","post_title":"Anaya Touring","post_excerpt":"","post_status":"publish","comment_status":"closed","ping_status":"closed","post_password":"","post_name":"anaya-touring","to_ping":"","pinged":"","post_modified":"2022-10-14 11:50:33","post_modified_gmt":"2022-10-14 09:50:33","post_content_filtered":"","post_parent":0,"guid":"http:\/\/dev.claret.cat\/editorial\/anaya-touring\/","menu_order":0,"post_type":"editorial","post_mime_type":"","comment_count":"0","filter":"raw"}],"autor":"S\u00c1NCHEZ, FRANCISCO \/ PUY FUENTES, EDGAR DE","codart":"849158171","libros-coleccion":"Gu\u00eda Viva - Internacional","ediciones":"1","encuadernacion":"R\u00fastica","fecha_de_publicacion":"01\/03\/2019","novedad":"1","paginas":"192","subtitulo":"","orden":"0","portada":"0","idioma":"spa","autores-libros":[{"ID":154489,"post_author":"3","post_date":"2022-10-14 15:05:13","post_date_gmt":"2022-10-14 13:05:13","post_content":"","post_title":"EDGAR DE PUY FUENTES","post_excerpt":"","post_status":"publish","comment_status":"closed","ping_status":"closed","post_password":"","post_name":"edgar-de-puy-fuentes","to_ping":"","pinged":"","post_modified":"2022-10-14 15:05:13","post_modified_gmt":"2022-10-14 13:05:13","post_content_filtered":"","post_parent":0,"guid":"http:\/\/dev.claret.cat\/autor\/edgar-de-puy-fuentes\/","menu_order":0,"post_type":"autor","post_mime_type":"","comment_count":"0","filter":"raw"},{"ID":156299,"post_author":"3","post_date":"2022-10-14 15:19:42","post_date_gmt":"2022-10-14 13:19:42","post_content":"","post_title":"FRANCISCO SANCHEZ","post_excerpt":"","post_status":"publish","comment_status":"closed","ping_status":"closed","post_password":"","post_name":"francisco-sanchez","to_ping":"","pinged":"","post_modified":"2022-10-14 15:19:42","post_modified_gmt":"2022-10-14 13:19:42","post_content_filtered":"","post_parent":0,"guid":"http:\/\/dev.claret.cat\/autor\/francisco-sanchez\/","menu_order":0,"post_type":"autor","post_mime_type":"","comment_count":"0","filter":"raw"}]},"aioseo_notices":[],"_links":{"self":[{"href":"https:\/\/www.claret.cat\/es\/wp-json\/wp\/v2\/product\/137684","targetHints":{"allow":["GET"]}}],"collection":[{"href":"https:\/\/www.claret.cat\/es\/wp-json\/wp\/v2\/product"}],"about":[{"href":"https:\/\/www.claret.cat\/es\/wp-json\/wp\/v2\/types\/product"}],"wp:featuredmedia":[{"embeddable":true,"href":"https:\/\/www.claret.cat\/es\/wp-json\/wp\/v2\/media\/137685"}],"wp:attachment":[{"href":"https:\/\/www.claret.cat\/es\/wp-json\/wp\/v2\/media?parent=137684"}],"wp:term":[{"taxonomy":"product_brand","embeddable":true,"href":"https:\/\/www.claret.cat\/es\/wp-json\/wp\/v2\/product_brand?post=137684"},{"taxonomy":"product_cat","embeddable":true,"href":"https:\/\/www.claret.cat\/es\/wp-json\/wp\/v2\/product_cat?post=137684"},{"taxonomy":"product_tag","embeddable":true,"href":"https:\/\/www.claret.cat\/es\/wp-json\/wp\/v2\/product_tag?post=137684"}],"curies":[{"name":"wp","href":"https:\/\/api.w.org\/{rel}","templated":true}]}}