{"id":13769,"date":"2022-10-01T22:15:49","date_gmt":"2022-10-01T20:15:49","guid":{"rendered":"http:\/\/dev.claret.cat\/producte\/la-espiritualidad-de-don-bosco\/"},"modified":"2026-02-03T15:40:45","modified_gmt":"2026-02-03T14:40:45","slug":"la-espiritualidad-de-don-bosco-9788490232651","status":"publish","type":"product","link":"https:\/\/www.claret.cat\/es\/libro\/la-espiritualidad-de-don-bosco-9788490232651\/","title":{"rendered":"LA ESPIRITUALIDAD DE DON BOSCO"},"content":{"rendered":"<p>Este breve libro presenta un intento de an\u00e1lisis y s\u00edntesis de los elementos caracter\u00edsticos de la espiritualidad de san Juan Bosco y de las ra\u00edces de su experiencia espiritual. La vida de todo hombre, m\u00e1s aun la de un santo, es un hecho \u00edntimo, secreto. La parte m\u00e1s valiosa de su existencia, tanto exterior como interior, escapa en absoluto a toda indagaci\u00f3n que pretenda ser objetiva. A pesar de esto, hemos querido ofrecer a cuantos se acercan, quiz\u00e1 por primera vez, a la espiritualidad del santo piamont\u00e9s san Juan Bosco, algunos elementos de reflexi\u00f3n y algunas motivaciones para la profundizaci\u00f3n.<\/p>\n","protected":false},"excerpt":{"rendered":"<p>BUCCELLATO, GIUSEPPE<\/p>\n","protected":false},"featured_media":1080460,"template":"","meta":{"_acf_changed":false,"om_disable_all_campaigns":false,"rs_blank_template":"","rs_page_bg_color":"","slide_template_v7":"","inline_featured_image":false,"_monsterinsights_skip_tracking":false,"_monsterinsights_sitenote_active":false,"_monsterinsights_sitenote_note":"","_monsterinsights_sitenote_category":0},"product_brand":[],"product_cat":[90,540],"product_tag":[],"class_list":{"0":"post-13769","1":"product","2":"type-product","3":"status-publish","4":"has-post-thumbnail","6":"product_cat-altres","7":"product_cat-otros","9":"first","10":"outofstock","11":"taxable","12":"shipping-taxable","13":"purchasable","14":"product-type-simple"},"acf":{"autor":"BUCCELLATO, GIUSEPPE","codart":"849023265","libros-coleccion":"","ediciones":"1","encuadernacion":"R\u00fastica","fecha_de_publicacion":"13\/07\/2015","novedad":"0","paginas":"46","subtitulo":"ORIGEN E IDEAS-LUZ DE LA ESPIRITUALIDAD DEL FUNDADOR DE LOS SALESIANOS","orden":"999","portada":"0","idioma":"spa","editorial":[{"ID":6155,"post_author":"3","post_date":"2022-07-28 17:46:04","post_date_gmt":"2022-07-28 15:46:04","post_content":"","post_title":"Central Catequ\u00edstica Salesiana","post_excerpt":"","post_status":"publish","comment_status":"closed","ping_status":"closed","post_password":"","post_name":"central-catequistica-salesiana","to_ping":"","pinged":"","post_modified":"2022-07-28 17:46:04","post_modified_gmt":"2022-07-28 15:46:04","post_content_filtered":"","post_parent":0,"guid":"http:\/\/dev.claret.cat\/editorial\/central-catequistica-salesiana\/","menu_order":0,"post_type":"editorial","post_mime_type":"","comment_count":"0","filter":"raw"}],"autores-libros":[{"ID":156976,"post_author":"3","post_date":"2022-10-14 15:25:08","post_date_gmt":"2022-10-14 13:25:08","post_content":"","post_title":"GIUSEPPE BUCCELLATO","post_excerpt":"","post_status":"publish","comment_status":"closed","ping_status":"closed","post_password":"","post_name":"giuseppe-buccellato","to_ping":"","pinged":"","post_modified":"2022-10-14 15:25:08","post_modified_gmt":"2022-10-14 13:25:08","post_content_filtered":"","post_parent":0,"guid":"http:\/\/dev.claret.cat\/autor\/giuseppe-buccellato\/","menu_order":0,"post_type":"autor","post_mime_type":"","comment_count":"0","filter":"raw"}],"booktrailer":"","resenas":""},"aioseo_notices":[],"_links":{"self":[{"href":"https:\/\/www.claret.cat\/es\/wp-json\/wp\/v2\/product\/13769","targetHints":{"allow":["GET"]}}],"collection":[{"href":"https:\/\/www.claret.cat\/es\/wp-json\/wp\/v2\/product"}],"about":[{"href":"https:\/\/www.claret.cat\/es\/wp-json\/wp\/v2\/types\/product"}],"wp:featuredmedia":[{"embeddable":true,"href":"https:\/\/www.claret.cat\/es\/wp-json\/wp\/v2\/media\/1080460"}],"wp:attachment":[{"href":"https:\/\/www.claret.cat\/es\/wp-json\/wp\/v2\/media?parent=13769"}],"wp:term":[{"taxonomy":"product_brand","embeddable":true,"href":"https:\/\/www.claret.cat\/es\/wp-json\/wp\/v2\/product_brand?post=13769"},{"taxonomy":"product_cat","embeddable":true,"href":"https:\/\/www.claret.cat\/es\/wp-json\/wp\/v2\/product_cat?post=13769"},{"taxonomy":"product_tag","embeddable":true,"href":"https:\/\/www.claret.cat\/es\/wp-json\/wp\/v2\/product_tag?post=13769"}],"curies":[{"name":"wp","href":"https:\/\/api.w.org\/{rel}","templated":true}]}}