{"id":137690,"date":"2022-10-13T09:50:33","date_gmt":"2022-10-13T07:50:33","guid":{"rendered":"http:\/\/dev.claret.cat\/producte\/berlin-2\/"},"modified":"2023-01-28T07:02:41","modified_gmt":"2023-01-28T06:02:41","slug":"berlin-9788491580270","status":"publish","type":"product","link":"https:\/\/www.claret.cat\/es\/libro\/berlin-9788491580270\/","title":{"rendered":"BERL\u00cdN"},"content":{"rendered":"<p>Esta gu\u00eda pr\u00e1ctica y manejable, resulta ideal para realizar un viaje a Berl\u00edn, extensa ciudad situada en el centro de Europa y referente cultural de obligada visita. <br \/> En el apartado, Una mirada a Berl\u00edn, se hace un breve recorrido por la historia de la ciudad, su poblaci\u00f3n, su cultura, su naturaleza y paisaje, terminando con una breve lista de personajes berlineses que han pasado a la historia.<br \/> La siguiente secci\u00f3n, Diez lugares inolvidables, propone una selecci\u00f3n de los lugares, curiosidades y tradiciones de la ciudad que no hay que perderse: Pergamon-Museum, Museo Jud\u00edo, Potsdamer Platz, Museo del Muro, los patios del Arrabal de Spandau, Kulturforum, Monumento al Holocausto Jud\u00edo, el Parlamento, Scholss Charlottenburg y Gendarmenmarkt. <br \/> La parte, Visita a la ciudad, est\u00e1 dividida en tres grandes bloques: Berl\u00edn (ciudad), sus alrededores y por \u00faltimo, Postdam, conjunto urbano que fue declarado Patrimonio Cultural por la Unesco en 1990.<br \/> Finalmente, en el apartado titulado D\u00f3nde, se incluye una amplia selecci\u00f3n por localidades de restaurantes, alojamientos, direcciones de museos y monumentos, as\u00ed como una exhaustiva informaci\u00f3n pr\u00e1ctica para moverse por el pa\u00eds haciendo hincapi\u00e9 en la ciudad berlinesa y sus alrededores. <br \/> En el interior de la gu\u00eda se incluyen los planos de la ciudad de Berl\u00edn, \u00edndice de calles y mapa de carreteras.<\/p>\n","protected":false},"excerpt":{"rendered":"<p>CALVO, GABRIEL \/ TZSCHASCHEL, SABINE<\/p>\n","protected":false},"featured_media":137691,"template":"","meta":{"_acf_changed":false,"om_disable_all_campaigns":false,"rs_blank_template":"","rs_page_bg_color":"","slide_template_v7":"","inline_featured_image":false,"_monsterinsights_skip_tracking":false,"_monsterinsights_sitenote_active":false,"_monsterinsights_sitenote_note":"","_monsterinsights_sitenote_category":0},"product_brand":[],"product_cat":[107],"product_tag":[],"class_list":{"0":"post-137690","1":"product","2":"type-product","3":"status-publish","4":"has-post-thumbnail","6":"product_cat-guies-de-viatge","8":"first","9":"instock","10":"taxable","11":"shipping-taxable","12":"purchasable","13":"product-type-simple"},"acf":{"editorial":[{"ID":147435,"post_author":"3","post_date":"2022-10-14 11:50:33","post_date_gmt":"2022-10-14 09:50:33","post_content":"","post_title":"Anaya Touring","post_excerpt":"","post_status":"publish","comment_status":"closed","ping_status":"closed","post_password":"","post_name":"anaya-touring","to_ping":"","pinged":"","post_modified":"2022-10-14 11:50:33","post_modified_gmt":"2022-10-14 09:50:33","post_content_filtered":"","post_parent":0,"guid":"http:\/\/dev.claret.cat\/editorial\/anaya-touring\/","menu_order":0,"post_type":"editorial","post_mime_type":"","comment_count":"0","filter":"raw"}],"autor":"CALVO, GABRIEL \/ TZSCHASCHEL, SABINE","codart":"849158027","libros-coleccion":"Guiarama Compact - Internacional","ediciones":"1","encuadernacion":"R\u00fastica","fecha_de_publicacion":"01\/02\/2019","novedad":"1","paginas":"126","subtitulo":"","orden":"0","portada":"0","idioma":"spa","autores-libros":[{"ID":168771,"post_author":"3","post_date":"2022-10-14 22:21:49","post_date_gmt":"2022-10-14 20:21:49","post_content":"","post_title":"SABINE TZSCHASCHEL","post_excerpt":"","post_status":"publish","comment_status":"closed","ping_status":"closed","post_password":"","post_name":"sabine-tzschaschel","to_ping":"","pinged":"","post_modified":"2022-10-14 22:21:49","post_modified_gmt":"2022-10-14 20:21:49","post_content_filtered":"","post_parent":0,"guid":"http:\/\/dev.claret.cat\/autor\/sabine-tzschaschel\/","menu_order":0,"post_type":"autor","post_mime_type":"","comment_count":"0","filter":"raw"},{"ID":156509,"post_author":"3","post_date":"2022-10-14 15:21:23","post_date_gmt":"2022-10-14 13:21:23","post_content":"","post_title":"GABRIEL CALVO","post_excerpt":"","post_status":"publish","comment_status":"closed","ping_status":"closed","post_password":"","post_name":"gabriel-calvo","to_ping":"","pinged":"","post_modified":"2022-10-14 15:21:23","post_modified_gmt":"2022-10-14 13:21:23","post_content_filtered":"","post_parent":0,"guid":"http:\/\/dev.claret.cat\/autor\/gabriel-calvo\/","menu_order":0,"post_type":"autor","post_mime_type":"","comment_count":"0","filter":"raw"}]},"aioseo_notices":[],"_links":{"self":[{"href":"https:\/\/www.claret.cat\/es\/wp-json\/wp\/v2\/product\/137690","targetHints":{"allow":["GET"]}}],"collection":[{"href":"https:\/\/www.claret.cat\/es\/wp-json\/wp\/v2\/product"}],"about":[{"href":"https:\/\/www.claret.cat\/es\/wp-json\/wp\/v2\/types\/product"}],"wp:featuredmedia":[{"embeddable":true,"href":"https:\/\/www.claret.cat\/es\/wp-json\/wp\/v2\/media\/137691"}],"wp:attachment":[{"href":"https:\/\/www.claret.cat\/es\/wp-json\/wp\/v2\/media?parent=137690"}],"wp:term":[{"taxonomy":"product_brand","embeddable":true,"href":"https:\/\/www.claret.cat\/es\/wp-json\/wp\/v2\/product_brand?post=137690"},{"taxonomy":"product_cat","embeddable":true,"href":"https:\/\/www.claret.cat\/es\/wp-json\/wp\/v2\/product_cat?post=137690"},{"taxonomy":"product_tag","embeddable":true,"href":"https:\/\/www.claret.cat\/es\/wp-json\/wp\/v2\/product_tag?post=137690"}],"curies":[{"name":"wp","href":"https:\/\/api.w.org\/{rel}","templated":true}]}}