{"id":137735,"date":"2022-10-13T09:51:12","date_gmt":"2022-10-13T07:51:12","guid":{"rendered":"http:\/\/dev.claret.cat\/producte\/california-y-las-vegas-2\/"},"modified":"2023-01-28T00:28:30","modified_gmt":"2023-01-27T23:28:30","slug":"california-y-las-vegas-9788417368999","status":"publish","type":"product","link":"https:\/\/www.claret.cat\/es\/libro\/california-y-las-vegas-9788417368999\/","title":{"rendered":"CALIFORNIA Y LAS VEGAS"},"content":{"rendered":"<p>Un recorrido largo y detallado por California, uno de los estados m\u00e1s completos de los Estados Unidos: con playas asombrosas, monta\u00f1as, lagos, pistas de esqu\u00ed, antiguas misiones espa\u00f1olas y desiertos fantasmag\u00f3ricos. Donde tambi\u00e9n podemos encontrar los parques nacionales m\u00e1s bonitos de todo el pa\u00eds, con los \u00e1rboles m\u00e1s grandes del mundo, as\u00ed como centenares de encantadores pueblos con vistas al oc\u00e9ano y las ciudades m\u00e1s modernas, como Los \u00c1ngeles es una de las meg\u00e1polis del siglo XXI  o San Francisco, quiz\u00e1 la ciudad m\u00e1s agradable de todo  Estados Unidos. Nada mejor que Las Vegas para el final, a una hora de avi\u00f3n o a unas cinco o seis horas de camino atravesando el desierto, la capital mundial del entretenimiento nunca deja a nadie indiferente.<\/p>\n","protected":false},"excerpt":{"rendered":"<p>MONREAL, MANUEL \/ YUSTE, ENRIQUE \/ MAZARRASA, LUIS<\/p>\n","protected":false},"featured_media":137736,"template":"","meta":{"_acf_changed":false,"om_disable_all_campaigns":false,"rs_blank_template":"","rs_page_bg_color":"","slide_template_v7":"","inline_featured_image":false,"_monsterinsights_skip_tracking":false,"_monsterinsights_sitenote_active":false,"_monsterinsights_sitenote_note":"","_monsterinsights_sitenote_category":0},"product_brand":[],"product_cat":[107],"product_tag":[],"class_list":{"0":"post-137735","1":"product","2":"type-product","3":"status-publish","4":"has-post-thumbnail","6":"product_cat-guies-de-viatge","8":"first","9":"instock","10":"taxable","11":"shipping-taxable","12":"purchasable","13":"product-type-simple"},"acf":{"autor":"MONREAL, MANUEL \/ YUSTE, ENRIQUE \/ MAZARRASA, LUIS","codart":"841736899","libros-coleccion":"GU\u00cdA AZUL","ediciones":"1","encuadernacion":"R\u00fastica","fecha_de_publicacion":"01\/01\/2019","novedad":"1","paginas":"347","subtitulo":"","orden":"0","portada":"0","idioma":"spa","editorial":[{"ID":148235,"post_author":"3","post_date":"2022-10-14 11:56:40","post_date_gmt":"2022-10-14 09:56:40","post_content":"","post_title":"GU\u00cdAS AZULES DE ESPA\u00d1A","post_excerpt":"","post_status":"publish","comment_status":"closed","ping_status":"closed","post_password":"","post_name":"guias-azules-de-espana","to_ping":"","pinged":"","post_modified":"2022-10-14 11:56:40","post_modified_gmt":"2022-10-14 09:56:40","post_content_filtered":"","post_parent":0,"guid":"http:\/\/dev.claret.cat\/editorial\/guias-azules-de-espana\/","menu_order":0,"post_type":"editorial","post_mime_type":"","comment_count":"0","filter":"raw"}],"autores-libros":[{"ID":155198,"post_author":"3","post_date":"2022-10-14 15:10:56","post_date_gmt":"2022-10-14 13:10:56","post_content":"","post_title":"ENRIQUE YUSTE","post_excerpt":"","post_status":"publish","comment_status":"closed","ping_status":"closed","post_password":"","post_name":"enrique-yuste","to_ping":"","pinged":"","post_modified":"2022-10-14 15:10:56","post_modified_gmt":"2022-10-14 13:10:56","post_content_filtered":"","post_parent":0,"guid":"http:\/\/dev.claret.cat\/autor\/enrique-yuste\/","menu_order":0,"post_type":"autor","post_mime_type":"","comment_count":"0","filter":"raw"},{"ID":163194,"post_author":"3","post_date":"2022-10-14 17:37:04","post_date_gmt":"2022-10-14 15:37:04","post_content":"","post_title":"MANUEL MONREAL","post_excerpt":"","post_status":"publish","comment_status":"closed","ping_status":"closed","post_password":"","post_name":"manuel-monreal","to_ping":"","pinged":"","post_modified":"2022-10-14 17:37:04","post_modified_gmt":"2022-10-14 15:37:04","post_content_filtered":"","post_parent":0,"guid":"http:\/\/dev.claret.cat\/autor\/manuel-monreal\/","menu_order":0,"post_type":"autor","post_mime_type":"","comment_count":"0","filter":"raw"},{"ID":162758,"post_author":"3","post_date":"2022-10-14 17:33:34","post_date_gmt":"2022-10-14 15:33:34","post_content":"","post_title":"LUIS MAZARRASA","post_excerpt":"","post_status":"publish","comment_status":"closed","ping_status":"closed","post_password":"","post_name":"luis-mazarrasa","to_ping":"","pinged":"","post_modified":"2022-10-14 17:33:34","post_modified_gmt":"2022-10-14 15:33:34","post_content_filtered":"","post_parent":0,"guid":"http:\/\/dev.claret.cat\/autor\/luis-mazarrasa\/","menu_order":0,"post_type":"autor","post_mime_type":"","comment_count":"0","filter":"raw"}]},"aioseo_notices":[],"_links":{"self":[{"href":"https:\/\/www.claret.cat\/es\/wp-json\/wp\/v2\/product\/137735","targetHints":{"allow":["GET"]}}],"collection":[{"href":"https:\/\/www.claret.cat\/es\/wp-json\/wp\/v2\/product"}],"about":[{"href":"https:\/\/www.claret.cat\/es\/wp-json\/wp\/v2\/types\/product"}],"wp:featuredmedia":[{"embeddable":true,"href":"https:\/\/www.claret.cat\/es\/wp-json\/wp\/v2\/media\/137736"}],"wp:attachment":[{"href":"https:\/\/www.claret.cat\/es\/wp-json\/wp\/v2\/media?parent=137735"}],"wp:term":[{"taxonomy":"product_brand","embeddable":true,"href":"https:\/\/www.claret.cat\/es\/wp-json\/wp\/v2\/product_brand?post=137735"},{"taxonomy":"product_cat","embeddable":true,"href":"https:\/\/www.claret.cat\/es\/wp-json\/wp\/v2\/product_cat?post=137735"},{"taxonomy":"product_tag","embeddable":true,"href":"https:\/\/www.claret.cat\/es\/wp-json\/wp\/v2\/product_tag?post=137735"}],"curies":[{"name":"wp","href":"https:\/\/api.w.org\/{rel}","templated":true}]}}