{"id":137741,"date":"2022-10-13T09:51:17","date_gmt":"2022-10-13T07:51:17","guid":{"rendered":"http:\/\/dev.claret.cat\/producte\/nueva-zelanda\/"},"modified":"2023-01-28T01:22:44","modified_gmt":"2023-01-28T00:22:44","slug":"nueva-zelanda-9788417823177","status":"publish","type":"product","link":"https:\/\/www.claret.cat\/es\/libro\/nueva-zelanda-9788417823177\/","title":{"rendered":"NUEVA ZELANDA"},"content":{"rendered":"<p>Desde Espa\u00f1a no existe pa\u00eds tan distante como Nueva Zelanda. Hay que pensar que son nuestras ant\u00edpodas, es decir, se hallan en la otra punta del globo terrestre. Nueva Zelanda es uno de los pa\u00edses m\u00e1s puros que se conservan en la Tierra; el 30% de su superficie es \u00e1rea protegida. Todav\u00eda mantiene el \u00edndice de contaminaci\u00f3n m\u00e1s bajo del mundo y es que todo parece que sigue como el primer d\u00eda en que llegaron sus conquistadores, los maor\u00edes, uno de esos pueblos que emigraron de no se sabe qu\u00e9 isla del inmenso Pac\u00edfico. Estos la llamaron Aotearoa, La Tierra de la Larga Nube Blanca. Como dijo el antiguo explorador Rudyard Kipling, esta es la octava maravilla del mundo: calidad de vida, infinidad de parques nacionales, pueblos muy tranquilos, fiordos impresionantes, glaciares, el rugby; la capital, Auckland, tan agradable y moderna, las playas, la costa que es un para\u00edso n\u00e1utico.<\/p>\n","protected":false},"excerpt":{"rendered":"<p>MART\u00cdNEZ, MOS\u00c9S \/ MART\u00cdNEZ, OMAR \/ GARC\u00cdA, JES\u00daS<\/p>\n","protected":false},"featured_media":310256,"template":"","meta":{"_acf_changed":false,"om_disable_all_campaigns":false,"rs_blank_template":"","rs_page_bg_color":"","slide_template_v7":"","inline_featured_image":false,"_monsterinsights_skip_tracking":false,"_monsterinsights_sitenote_active":false,"_monsterinsights_sitenote_note":"","_monsterinsights_sitenote_category":0},"product_brand":[],"product_cat":[90,540],"product_tag":[],"class_list":{"0":"post-137741","1":"product","2":"type-product","3":"status-publish","4":"has-post-thumbnail","6":"product_cat-altres","7":"product_cat-otros","9":"first","10":"instock","11":"taxable","12":"shipping-taxable","13":"purchasable","14":"product-type-simple"},"acf":{"autor":"MART\u00cdNEZ, MOS\u00c9S \/ MART\u00cdNEZ, OMAR \/ GARC\u00cdA, JES\u00daS","codart":"841782317","libros-coleccion":"GU\u00cdA AZUL","ediciones":"1","encuadernacion":"R\u00fastica","fecha_de_publicacion":"01\/03\/2019","novedad":"1","paginas":"406","subtitulo":"GU\u00cdA AZUL NUEVA ZELANDA","orden":"0","portada":"0","idioma":"spa","editorial":[{"ID":148235,"post_author":"3","post_date":"2022-10-14 11:56:40","post_date_gmt":"2022-10-14 09:56:40","post_content":"","post_title":"GU\u00cdAS AZULES DE ESPA\u00d1A","post_excerpt":"","post_status":"publish","comment_status":"closed","ping_status":"closed","post_password":"","post_name":"guias-azules-de-espana","to_ping":"","pinged":"","post_modified":"2022-10-14 11:56:40","post_modified_gmt":"2022-10-14 09:56:40","post_content_filtered":"","post_parent":0,"guid":"http:\/\/dev.claret.cat\/editorial\/guias-azules-de-espana\/","menu_order":0,"post_type":"editorial","post_mime_type":"","comment_count":"0","filter":"raw"}],"autores-libros":[{"ID":165472,"post_author":"3","post_date":"2022-10-14 17:55:27","post_date_gmt":"2022-10-14 15:55:27","post_content":"","post_title":"MOS\u00c9S MART\u00cdNEZ","post_excerpt":"","post_status":"publish","comment_status":"closed","ping_status":"closed","post_password":"","post_name":"moses-martinez","to_ping":"","pinged":"","post_modified":"2022-10-14 17:55:27","post_modified_gmt":"2022-10-14 15:55:27","post_content_filtered":"","post_parent":0,"guid":"http:\/\/dev.claret.cat\/autor\/moses-martinez\/","menu_order":0,"post_type":"autor","post_mime_type":"","comment_count":"0","filter":"raw"},{"ID":166209,"post_author":"3","post_date":"2022-10-14 18:01:19","post_date_gmt":"2022-10-14 16:01:19","post_content":"","post_title":"OMAR MART\u00cdNEZ","post_excerpt":"","post_status":"publish","comment_status":"closed","ping_status":"closed","post_password":"","post_name":"omar-martinez","to_ping":"","pinged":"","post_modified":"2022-10-14 18:01:19","post_modified_gmt":"2022-10-14 16:01:19","post_content_filtered":"","post_parent":0,"guid":"http:\/\/dev.claret.cat\/autor\/omar-martinez\/","menu_order":0,"post_type":"autor","post_mime_type":"","comment_count":"0","filter":"raw"},{"ID":159107,"post_author":"3","post_date":"2022-10-14 15:42:08","post_date_gmt":"2022-10-14 13:42:08","post_content":"","post_title":"JES\u00daS GARC\u00cdA","post_excerpt":"","post_status":"publish","comment_status":"closed","ping_status":"closed","post_password":"","post_name":"jesus-garcia","to_ping":"","pinged":"","post_modified":"2022-10-14 15:42:08","post_modified_gmt":"2022-10-14 13:42:08","post_content_filtered":"","post_parent":0,"guid":"http:\/\/dev.claret.cat\/autor\/jesus-garcia\/","menu_order":0,"post_type":"autor","post_mime_type":"","comment_count":"0","filter":"raw"}]},"aioseo_notices":[],"_links":{"self":[{"href":"https:\/\/www.claret.cat\/es\/wp-json\/wp\/v2\/product\/137741","targetHints":{"allow":["GET"]}}],"collection":[{"href":"https:\/\/www.claret.cat\/es\/wp-json\/wp\/v2\/product"}],"about":[{"href":"https:\/\/www.claret.cat\/es\/wp-json\/wp\/v2\/types\/product"}],"wp:featuredmedia":[{"embeddable":true,"href":"https:\/\/www.claret.cat\/es\/wp-json\/wp\/v2\/media\/310256"}],"wp:attachment":[{"href":"https:\/\/www.claret.cat\/es\/wp-json\/wp\/v2\/media?parent=137741"}],"wp:term":[{"taxonomy":"product_brand","embeddable":true,"href":"https:\/\/www.claret.cat\/es\/wp-json\/wp\/v2\/product_brand?post=137741"},{"taxonomy":"product_cat","embeddable":true,"href":"https:\/\/www.claret.cat\/es\/wp-json\/wp\/v2\/product_cat?post=137741"},{"taxonomy":"product_tag","embeddable":true,"href":"https:\/\/www.claret.cat\/es\/wp-json\/wp\/v2\/product_tag?post=137741"}],"curies":[{"name":"wp","href":"https:\/\/api.w.org\/{rel}","templated":true}]}}