{"id":137775,"date":"2022-10-13T12:22:42","date_gmt":"2022-10-13T10:22:42","guid":{"rendered":"http:\/\/dev.claret.cat\/producte\/lain\/"},"modified":"2023-01-28T05:36:22","modified_gmt":"2023-01-28T04:36:22","slug":"lain-9788435021852","status":"publish","type":"product","link":"https:\/\/www.claret.cat\/es\/libro\/lain-9788435021852\/","title":{"rendered":"LA\u00cdN"},"content":{"rendered":"<p>I PREMIO EDHASA NARRATIVAS HIST\u00d3RICAS<\/p>\n<p> Era hu\u00e9rfano, y bastardo, pero su ilusi\u00f3n estaba clara: que cuando su padre, don Rodrigo Seijas, se\u00f1or de San Paio, volviera de las Cruzadas, estuviera orgulloso de \u00e9l. Por eso hab\u00eda escalado el roquedal hasta conseguir un polluelo de halc\u00f3n, que criar\u00eda para regal\u00e1rselo. Pero las malas noticias llegaron al fin: don Rodrigo no iba a volver. Y ah\u00ed empez\u00f3 todo. Expulsado a golpes por su hermanastro, ser\u00e1 acogido por Guy de Tarba, infanz\u00f3n fiel al se\u00f1or de la villa y, con \u00e9l, La\u00edn se embarcar\u00e1 en un viaje lleno de peligros y aventuras. Desde Galicia, pasar\u00e1n los Pirineos y, ya en Venecia, embarcar\u00e1n hacia la Palestina y allende ultramar. Perseguido por los templarios, ser\u00e1 traicionado, embaucado, torturado?, pero se convertir\u00e1 en un hombre, en un h\u00e9roe. Y lo mantendr\u00e1 vivo una \u00fanica esperanza: la venganza.<\/p>\n<p> Como si fuera una cantiga moderna, Mart\u00edn C\u00f3dax nos relata la historia de La\u00edn, el bastardo de de San Paio; la gesta del halconero, una historia de aventuras, conspiraciones y honor, sumergida en la \u00e9poca m\u00e1s turbulenta del medioevo europeo, desde la Espa\u00f1a de Alfonso X el Sabio hasta las lejanas tierras de Mongolia, donde la sombra del gran Gengis Kan sigue enmudeciendo a vivos y a muertos.<\/p>\n","protected":false},"excerpt":{"rendered":"<p>NARLA, FRANCISCO<\/p>\n","protected":false},"featured_media":137776,"template":"","meta":{"_acf_changed":false,"om_disable_all_campaigns":false,"rs_blank_template":"","rs_page_bg_color":"","slide_template_v7":"","inline_featured_image":false,"_monsterinsights_skip_tracking":false,"_monsterinsights_sitenote_active":false,"_monsterinsights_sitenote_note":"","_monsterinsights_sitenote_category":0},"product_brand":[],"product_cat":[16],"product_tag":[],"class_list":{"0":"post-137775","1":"product","2":"type-product","3":"status-publish","4":"has-post-thumbnail","6":"product_cat-sense-categoria","8":"first","9":"instock","10":"taxable","11":"shipping-taxable","12":"purchasable","13":"product-type-simple"},"acf":{"autor":"NARLA, FRANCISCO","codart":"843502185","libros-coleccion":"POCKET EDHASA","ediciones":"1","encuadernacion":"R\u00fastica","fecha_de_publicacion":"01\/03\/2019","novedad":"1","paginas":"759","subtitulo":"EL BASTARDO","orden":"0","portada":"0","idioma":"spa","editorial":[{"ID":147907,"post_author":"3","post_date":"2022-10-14 11:54:08","post_date_gmt":"2022-10-14 09:54:08","post_content":"","post_title":"Editora y Distribuidora Hispano American","post_excerpt":"","post_status":"publish","comment_status":"closed","ping_status":"closed","post_password":"","post_name":"editora-y-distribuidora-hispano-american","to_ping":"","pinged":"","post_modified":"2022-10-14 11:54:08","post_modified_gmt":"2022-10-14 09:54:08","post_content_filtered":"","post_parent":0,"guid":"http:\/\/dev.claret.cat\/editorial\/editora-y-distribuidora-hispano-american\/","menu_order":0,"post_type":"editorial","post_mime_type":"","comment_count":"0","filter":"raw"}],"autores-libros":[{"ID":156288,"post_author":"3","post_date":"2022-10-14 15:19:36","post_date_gmt":"2022-10-14 13:19:36","post_content":"","post_title":"FRANCISCO NARLA","post_excerpt":"","post_status":"publish","comment_status":"closed","ping_status":"closed","post_password":"","post_name":"francisco-narla","to_ping":"","pinged":"","post_modified":"2022-10-14 15:19:36","post_modified_gmt":"2022-10-14 13:19:36","post_content_filtered":"","post_parent":0,"guid":"http:\/\/dev.claret.cat\/autor\/francisco-narla\/","menu_order":0,"post_type":"autor","post_mime_type":"","comment_count":"0","filter":"raw"}]},"aioseo_notices":[],"_links":{"self":[{"href":"https:\/\/www.claret.cat\/es\/wp-json\/wp\/v2\/product\/137775","targetHints":{"allow":["GET"]}}],"collection":[{"href":"https:\/\/www.claret.cat\/es\/wp-json\/wp\/v2\/product"}],"about":[{"href":"https:\/\/www.claret.cat\/es\/wp-json\/wp\/v2\/types\/product"}],"wp:featuredmedia":[{"embeddable":true,"href":"https:\/\/www.claret.cat\/es\/wp-json\/wp\/v2\/media\/137776"}],"wp:attachment":[{"href":"https:\/\/www.claret.cat\/es\/wp-json\/wp\/v2\/media?parent=137775"}],"wp:term":[{"taxonomy":"product_brand","embeddable":true,"href":"https:\/\/www.claret.cat\/es\/wp-json\/wp\/v2\/product_brand?post=137775"},{"taxonomy":"product_cat","embeddable":true,"href":"https:\/\/www.claret.cat\/es\/wp-json\/wp\/v2\/product_cat?post=137775"},{"taxonomy":"product_tag","embeddable":true,"href":"https:\/\/www.claret.cat\/es\/wp-json\/wp\/v2\/product_tag?post=137775"}],"curies":[{"name":"wp","href":"https:\/\/api.w.org\/{rel}","templated":true}]}}