{"id":137805,"date":"2022-10-13T12:23:10","date_gmt":"2022-10-13T10:23:10","guid":{"rendered":"http:\/\/dev.claret.cat\/producte\/claridad-y-firmeza\/"},"modified":"2025-11-21T13:10:36","modified_gmt":"2025-11-21T12:10:36","slug":"claridad-y-firmeza-9788479666576","status":"publish","type":"product","link":"https:\/\/www.claret.cat\/es\/libro\/claridad-y-firmeza-9788479666576\/","title":{"rendered":"CLARIDAD Y FIRMEZA"},"content":{"rendered":"<p>El cardenal Fernando Sebasti\u00e1n nos ofrece una mirada abierta y sincera sobre el cristianismo en Espa\u00f1a.  &#8216;Estoy convencido de que es el mejor elemento de nuestro patrimonio culturar, el m\u00e1s renovador. Por eso me esfuerzo en mostrar la bondad y la posibilidad de un cristianismo abierto, que convive sinceramente con la cultra moderna, en libertad y lealtad, aceptando todo lo bueno&#8217;.  &#8216;Este es un libro nacido del coraz\u00f3n. Casi sin pensarlo, el libro me ha nacido de golpe, de una vez. No es un libro de teolog\u00eda ni es un libro \u00fanicamente pastoral. Tiene un poco de todo. En \u00e9l quiero ofrecer a los lectores una visi\u00f3n real de nuestra Iglesia en el momento actual, con sus grandes valores y el reconocimiento sincero de sus debilidades, pero sobre todo con la gran esperanza y el firme deseo de su renovaci\u00f3n y de su crecimiento.<\/p>\n","protected":false},"excerpt":{"rendered":"<p>CARD. FERNANDO SEBASTI\u00c1N AGUILAR<\/p>\n","protected":false},"featured_media":1067493,"template":"","meta":{"_acf_changed":false,"om_disable_all_campaigns":false,"rs_blank_template":"","rs_page_bg_color":"","slide_template_v7":"","inline_featured_image":false,"_monsterinsights_skip_tracking":false,"_monsterinsights_sitenote_active":false,"_monsterinsights_sitenote_note":"","_monsterinsights_sitenote_category":0},"product_brand":[],"product_cat":[543,93,76,342],"product_tag":[],"class_list":{"0":"post-137805","1":"product","2":"type-product","3":"status-publish","4":"has-post-thumbnail","6":"product_cat-eclesiologia-es","7":"product_cat-eclesiologia","8":"product_cat-teologia","9":"product_cat-teologia-1_espiritualidad","11":"first","12":"instock","13":"taxable","14":"shipping-taxable","15":"purchasable","16":"product-type-simple"},"acf":{"editorial":[{"ID":6337,"post_author":"3","post_date":"2022-07-28 17:50:01","post_date_gmt":"2022-07-28 15:50:01","post_content":"","post_title":"Publicaciones Claretianas","post_excerpt":"","post_status":"publish","comment_status":"closed","ping_status":"closed","post_password":"","post_name":"publicaciones-claretianas","to_ping":"","pinged":"","post_modified":"2022-07-28 17:50:01","post_modified_gmt":"2022-07-28 15:50:01","post_content_filtered":"","post_parent":0,"guid":"http:\/\/dev.claret.cat\/editorial\/publicaciones-claretianas\/","menu_order":0,"post_type":"editorial","post_mime_type":"","comment_count":"0","filter":"raw"}],"autor":"CARD. FERNANDO SEBASTI\u00c1N AGUILAR","codart":"847966657","libros-coleccion":"Espiritualidad","ediciones":"1","encuadernacion":"R\u00fastica","fecha_de_publicacion":"15\/03\/2019","novedad":"1","paginas":"216","subtitulo":"TRANSMITIR LA FE HOY EN ESPA\u00d1A","orden":"0","portada":"0","idioma":"spa","autores-libros":[{"ID":152072,"post_author":"3","post_date":"2022-10-14 14:45:53","post_date_gmt":"2022-10-14 12:45:53","post_content":"","post_title":"CARD. FERNANDO  SEBASTI\u00c1N AGUILAR","post_excerpt":"","post_status":"publish","comment_status":"closed","ping_status":"closed","post_password":"","post_name":"card-fernando-sebastian-aguilar","to_ping":"","pinged":"","post_modified":"2022-10-14 14:45:53","post_modified_gmt":"2022-10-14 12:45:53","post_content_filtered":"","post_parent":0,"guid":"http:\/\/dev.claret.cat\/autor\/card-fernando-sebastian-aguilar\/","menu_order":0,"post_type":"autor","post_mime_type":"","comment_count":"0","filter":"raw"}],"booktrailer":"","resenas":""},"aioseo_notices":[],"_links":{"self":[{"href":"https:\/\/www.claret.cat\/es\/wp-json\/wp\/v2\/product\/137805","targetHints":{"allow":["GET"]}}],"collection":[{"href":"https:\/\/www.claret.cat\/es\/wp-json\/wp\/v2\/product"}],"about":[{"href":"https:\/\/www.claret.cat\/es\/wp-json\/wp\/v2\/types\/product"}],"wp:featuredmedia":[{"embeddable":true,"href":"https:\/\/www.claret.cat\/es\/wp-json\/wp\/v2\/media\/1067493"}],"wp:attachment":[{"href":"https:\/\/www.claret.cat\/es\/wp-json\/wp\/v2\/media?parent=137805"}],"wp:term":[{"taxonomy":"product_brand","embeddable":true,"href":"https:\/\/www.claret.cat\/es\/wp-json\/wp\/v2\/product_brand?post=137805"},{"taxonomy":"product_cat","embeddable":true,"href":"https:\/\/www.claret.cat\/es\/wp-json\/wp\/v2\/product_cat?post=137805"},{"taxonomy":"product_tag","embeddable":true,"href":"https:\/\/www.claret.cat\/es\/wp-json\/wp\/v2\/product_tag?post=137805"}],"curies":[{"name":"wp","href":"https:\/\/api.w.org\/{rel}","templated":true}]}}