{"id":137817,"date":"2022-10-13T12:23:22","date_gmt":"2022-10-13T10:23:22","guid":{"rendered":"http:\/\/dev.claret.cat\/producte\/cuentos-desde-la-prision\/"},"modified":"2023-01-28T13:44:41","modified_gmt":"2023-01-28T12:44:41","slug":"cuentos-desde-la-prision-9788416915705","status":"publish","type":"product","link":"https:\/\/www.claret.cat\/es\/libro\/cuentos-desde-la-prision-9788416915705\/","title":{"rendered":"CUENTOS DESDE LA PRISI\u00d3N"},"content":{"rendered":"<p>A lo largo de su injusta reclusi\u00f3n en las c\u00e1rceles de Estremera, Lledoners y Soto del Real, Oriol Junqueras no ha dejado de enviar cuentos a Lluc y a Joana. Leyendas, curiosidades cient\u00edficas, experimentos, historias y palabras de ternura transmitidos v\u00eda carta. La revista S\u00e0piens distribuy\u00f3 en Navidad una 1a muestra de los cuentos de Oriol Junqueras, con el t\u00edtulo Estimats Lluc i Joana. El extraordinario \u00e9xito de la iniciativa, saca a relucir muchos relatos nuevos, in\u00e9ditos hasta ahora. En este volumen reunimos por primera vez todos los cuentos de Oriol Junqueras a sus hijos: 37 historias bellamente ilustradas por una treintena de artistas. El resultado es una lecci\u00f3n de sabidur\u00eda, dignidad y amor. Un homenaje precioso a los hijos y a la vida.<\/p>\n","protected":false},"excerpt":{"rendered":"<p>JUNQUERAS I VIES, ORIOL<\/p>\n","protected":false},"featured_media":137818,"template":"","meta":{"_acf_changed":false,"om_disable_all_campaigns":false,"rs_blank_template":"","rs_page_bg_color":"","slide_template_v7":"","inline_featured_image":false,"_monsterinsights_skip_tracking":false,"_monsterinsights_sitenote_active":false,"_monsterinsights_sitenote_note":"","_monsterinsights_sitenote_category":0},"product_brand":[],"product_cat":[120],"product_tag":[],"class_list":{"0":"post-137817","1":"product","2":"type-product","3":"status-publish","4":"has-post-thumbnail","6":"product_cat-politica","8":"first","9":"instock","10":"taxable","11":"shipping-taxable","12":"purchasable","13":"product-type-simple"},"acf":{"editorial":[{"ID":147452,"post_author":"3","post_date":"2022-10-14 11:50:41","post_date_gmt":"2022-10-14 09:50:41","post_content":"","post_title":"Ara","post_excerpt":"","post_status":"publish","comment_status":"closed","ping_status":"closed","post_password":"","post_name":"ara","to_ping":"","pinged":"","post_modified":"2022-10-14 11:50:41","post_modified_gmt":"2022-10-14 09:50:41","post_content_filtered":"","post_parent":0,"guid":"http:\/\/dev.claret.cat\/editorial\/ara\/","menu_order":0,"post_type":"editorial","post_mime_type":"","comment_count":"0","filter":"raw"}],"autores-libros":[{"ID":166252,"post_author":"3","post_date":"2022-10-14 18:01:40","post_date_gmt":"2022-10-14 16:01:40","post_content":"","post_title":"ORIOL JUNQUERAS","post_excerpt":"","post_status":"publish","comment_status":"closed","ping_status":"closed","post_password":"","post_name":"oriol-junqueras","to_ping":"","pinged":"","post_modified":"2022-10-14 18:01:40","post_modified_gmt":"2022-10-14 16:01:40","post_content_filtered":"","post_parent":0,"guid":"http:\/\/dev.claret.cat\/autor\/oriol-junqueras\/","menu_order":0,"post_type":"autor","post_mime_type":"","comment_count":"0","filter":"raw"}],"autor":"JUNQUERAS I VIES, ORIOL","codart":"841691570","libros-coleccion":"CASTELLANO","ediciones":"1","encuadernacion":"Carton\u00e9","fecha_de_publicacion":"01\/02\/2019","novedad":"1","paginas":"98","subtitulo":"","orden":"0","portada":"0","idioma":"spa"},"aioseo_notices":[],"_links":{"self":[{"href":"https:\/\/www.claret.cat\/es\/wp-json\/wp\/v2\/product\/137817","targetHints":{"allow":["GET"]}}],"collection":[{"href":"https:\/\/www.claret.cat\/es\/wp-json\/wp\/v2\/product"}],"about":[{"href":"https:\/\/www.claret.cat\/es\/wp-json\/wp\/v2\/types\/product"}],"wp:featuredmedia":[{"embeddable":true,"href":"https:\/\/www.claret.cat\/es\/wp-json\/wp\/v2\/media\/137818"}],"wp:attachment":[{"href":"https:\/\/www.claret.cat\/es\/wp-json\/wp\/v2\/media?parent=137817"}],"wp:term":[{"taxonomy":"product_brand","embeddable":true,"href":"https:\/\/www.claret.cat\/es\/wp-json\/wp\/v2\/product_brand?post=137817"},{"taxonomy":"product_cat","embeddable":true,"href":"https:\/\/www.claret.cat\/es\/wp-json\/wp\/v2\/product_cat?post=137817"},{"taxonomy":"product_tag","embeddable":true,"href":"https:\/\/www.claret.cat\/es\/wp-json\/wp\/v2\/product_tag?post=137817"}],"curies":[{"name":"wp","href":"https:\/\/api.w.org\/{rel}","templated":true}]}}