{"id":137832,"date":"2022-10-13T12:23:36","date_gmt":"2022-10-13T10:23:36","guid":{"rendered":"http:\/\/dev.claret.cat\/producte\/contes-des-de-la-preso\/"},"modified":"2023-01-28T09:41:10","modified_gmt":"2023-01-28T08:41:10","slug":"contes-des-de-la-preso-9788416915712","status":"publish","type":"product","link":"https:\/\/www.claret.cat\/es\/libro\/contes-des-de-la-preso-9788416915712\/","title":{"rendered":"CONTES DES DE LA PRES\u00d3"},"content":{"rendered":"<p>No hi ha mur prou alt que pugui separar un pare dels seus fills. Prologat per Pep Guardiola<br \/>La revista S\u00e0piens va distribuir per Nadal un primer tast dels contes d\u2019Oriol Junqueras, amb el t\u00edtol Estimats Lluc i Joana. L\u2019\u00e8xit extraordinari de la iniciativa, amb 40000 exemplars esgotats en poques setmanes, treu a la llum molts relats nous, in\u00e8dits fins ara. En aquest volum reunim per primer cop tots els contes d\u2019Oriol Junqueras als seus fills: 37 hist\u00f2ries bellament il\u00b7lustrades per una trentena artistes de casa nostra. El resultat \u00e9s un lli\u00e7\u00f3 de saviesa, dignitat i amor. Un homenatge preci\u00f3s als fills i a la vida. \u00abLluny de caure en el parany del des\u00e0nim, l\u2019Oriol dona resposta als m\u00e0gics interrogants de la infantesa i escriu als seus fills Lluc i Joana per explicar-los les meravelles del m\u00f3n. I ho fa amb la mateixa tendresa que si els parl\u00e9s a cau d\u2019orella.\u00bb Pr\u00f2leg de Pep Guardiola<\/p>\n","protected":false},"excerpt":{"rendered":"<p>JUNQUERAS I VIES, ORIOL \/ BRAMONA I FONTCOBERTA, NEUS<\/p>\n","protected":false},"featured_media":137833,"template":"","meta":{"_acf_changed":false,"om_disable_all_campaigns":false,"rs_blank_template":"","rs_page_bg_color":"","slide_template_v7":"","inline_featured_image":false,"_monsterinsights_skip_tracking":false,"_monsterinsights_sitenote_active":false,"_monsterinsights_sitenote_note":"","_monsterinsights_sitenote_category":0},"product_brand":[],"product_cat":[86,120],"product_tag":[],"class_list":{"0":"post-137832","1":"product","2":"type-product","3":"status-publish","4":"has-post-thumbnail","6":"product_cat-infantil","7":"product_cat-politica","9":"first","10":"instock","11":"taxable","12":"shipping-taxable","13":"purchasable","14":"product-type-simple"},"acf":{"editorial":[{"ID":147452,"post_author":"3","post_date":"2022-10-14 11:50:41","post_date_gmt":"2022-10-14 09:50:41","post_content":"","post_title":"Ara","post_excerpt":"","post_status":"publish","comment_status":"closed","ping_status":"closed","post_password":"","post_name":"ara","to_ping":"","pinged":"","post_modified":"2022-10-14 11:50:41","post_modified_gmt":"2022-10-14 09:50:41","post_content_filtered":"","post_parent":0,"guid":"http:\/\/dev.claret.cat\/editorial\/ara\/","menu_order":0,"post_type":"editorial","post_mime_type":"","comment_count":"0","filter":"raw"}],"autores-libros":[{"ID":165758,"post_author":"3","post_date":"2022-10-14 17:57:43","post_date_gmt":"2022-10-14 15:57:43","post_content":"","post_title":"NEUS BRAMONA I FONTCOBERTA","post_excerpt":"","post_status":"publish","comment_status":"closed","ping_status":"closed","post_password":"","post_name":"neus-bramona-i-fontcoberta","to_ping":"","pinged":"","post_modified":"2022-10-14 17:57:43","post_modified_gmt":"2022-10-14 15:57:43","post_content_filtered":"","post_parent":0,"guid":"http:\/\/dev.claret.cat\/autor\/neus-bramona-i-fontcoberta\/","menu_order":0,"post_type":"autor","post_mime_type":"","comment_count":"0","filter":"raw"},{"ID":166252,"post_author":"3","post_date":"2022-10-14 18:01:40","post_date_gmt":"2022-10-14 16:01:40","post_content":"","post_title":"ORIOL JUNQUERAS","post_excerpt":"","post_status":"publish","comment_status":"closed","ping_status":"closed","post_password":"","post_name":"oriol-junqueras","to_ping":"","pinged":"","post_modified":"2022-10-14 18:01:40","post_modified_gmt":"2022-10-14 16:01:40","post_content_filtered":"","post_parent":0,"guid":"http:\/\/dev.claret.cat\/autor\/oriol-junqueras\/","menu_order":0,"post_type":"autor","post_mime_type":"","comment_count":"0","filter":"raw"}],"autor":"JUNQUERAS I VIES, ORIOL \/ BRAMONA I FONTCOBERTA, NEUS","codart":"841691571","libros-coleccion":"","ediciones":"1","encuadernacion":"Carton\u00e9","fecha_de_publicacion":"01\/02\/2019","novedad":"1","paginas":"104","subtitulo":"","orden":"0","portada":"0","idioma":"cat"},"aioseo_notices":[],"_links":{"self":[{"href":"https:\/\/www.claret.cat\/es\/wp-json\/wp\/v2\/product\/137832","targetHints":{"allow":["GET"]}}],"collection":[{"href":"https:\/\/www.claret.cat\/es\/wp-json\/wp\/v2\/product"}],"about":[{"href":"https:\/\/www.claret.cat\/es\/wp-json\/wp\/v2\/types\/product"}],"wp:featuredmedia":[{"embeddable":true,"href":"https:\/\/www.claret.cat\/es\/wp-json\/wp\/v2\/media\/137833"}],"wp:attachment":[{"href":"https:\/\/www.claret.cat\/es\/wp-json\/wp\/v2\/media?parent=137832"}],"wp:term":[{"taxonomy":"product_brand","embeddable":true,"href":"https:\/\/www.claret.cat\/es\/wp-json\/wp\/v2\/product_brand?post=137832"},{"taxonomy":"product_cat","embeddable":true,"href":"https:\/\/www.claret.cat\/es\/wp-json\/wp\/v2\/product_cat?post=137832"},{"taxonomy":"product_tag","embeddable":true,"href":"https:\/\/www.claret.cat\/es\/wp-json\/wp\/v2\/product_tag?post=137832"}],"curies":[{"name":"wp","href":"https:\/\/api.w.org\/{rel}","templated":true}]}}