{"id":137970,"date":"2022-10-13T12:25:48","date_gmt":"2022-10-13T10:25:48","guid":{"rendered":"http:\/\/dev.claret.cat\/producte\/amfibis-i-reptils-de-catalunya-i-illes-balears\/"},"modified":"2023-12-16T12:50:18","modified_gmt":"2023-12-16T11:50:18","slug":"amfibis-i-reptils-de-catalunya-i-illes-balears-9788490346792","status":"publish","type":"product","link":"https:\/\/www.claret.cat\/es\/libro\/amfibis-i-reptils-de-catalunya-i-illes-balears-9788490346792\/","title":{"rendered":"AMFIBIS I R\u00c8PTILS DE CATALUNYA I ILLES BALEARS"},"content":{"rendered":"<p>C\u00f2moda guia en format de paper plastificat desplegable, on es recullen totes les esp\u00e8cies d&#8221;amfibis i r\u00e8ptils que viuen a Catalunya i illes Balears. A cada l\u00e0mina hi apareixen il\u00b7lustrades unes poques esp\u00e8cies a escala, incloent-hi, si s&#8221;escau, difer\u00e8ncies entre sexes, juvenils, capgrossos, postes i detalls que ajuden al reconeixement al camp. Els petits textos descriptius, i les icones amb informaci\u00f3 diversa, faciliten la localitzaci\u00f3 i identificaci\u00f3. S&#8221;hi afegeix el nom cient\u00edfic i el nom popular en castell\u00e0 i angl\u00e8s.<\/p>\n","protected":false},"excerpt":{"rendered":"<p>LLOBET FRAN\u00c7OIS , TONI \/ MALUQUER MARGALEF, JOAN<\/p>\n","protected":false},"featured_media":320428,"template":"","meta":{"_acf_changed":false,"om_disable_all_campaigns":false,"rs_blank_template":"","rs_page_bg_color":"","slide_template_v7":"","inline_featured_image":false,"_monsterinsights_skip_tracking":false,"_monsterinsights_sitenote_active":false,"_monsterinsights_sitenote_note":"","_monsterinsights_sitenote_category":0},"product_brand":[],"product_cat":[557,107],"product_tag":[],"class_list":{"0":"post-137970","1":"product","2":"type-product","3":"status-publish","4":"has-post-thumbnail","6":"product_cat-guias-de-viaje","7":"product_cat-guies-de-viatge","9":"first","10":"instock","11":"taxable","12":"shipping-taxable","13":"purchasable","14":"product-type-simple"},"acf":{"editorial":[{"ID":6171,"post_author":"3","post_date":"2022-07-28 17:46:25","post_date_gmt":"2022-07-28 15:46:25","post_content":"","post_title":"COSSETANIA EDICIONS","post_excerpt":"","post_status":"publish","comment_status":"closed","ping_status":"closed","post_password":"","post_name":"cossetania-edicions","to_ping":"","pinged":"","post_modified":"2022-07-28 17:46:25","post_modified_gmt":"2022-07-28 15:46:25","post_content_filtered":"","post_parent":0,"guid":"http:\/\/dev.claret.cat\/editorial\/cossetania-edicions\/","menu_order":0,"post_type":"editorial","post_mime_type":"","comment_count":"0","filter":"raw"}],"autor":"LLOBET FRAN\u00c7OIS , TONI \/ MALUQUER MARGALEF, JOAN","codart":"849034679","libros-coleccion":"Miniguia de camp","ediciones":"1","encuadernacion":"R\u00fastica","fecha_de_publicacion":"01\/03\/2019","novedad":"1","paginas":"1","subtitulo":"","orden":"0","portada":"0","idioma":"cat","autores-libros":[{"ID":170546,"post_author":"3","post_date":"2022-10-14 22:36:13","post_date_gmt":"2022-10-14 20:36:13","post_content":"","post_title":"TONI LLOBET FRAN\u00c7OIS","post_excerpt":"","post_status":"publish","comment_status":"closed","ping_status":"closed","post_password":"","post_name":"toni-llobet-francois","to_ping":"","pinged":"","post_modified":"2022-10-14 22:36:13","post_modified_gmt":"2022-10-14 20:36:13","post_content_filtered":"","post_parent":0,"guid":"http:\/\/dev.claret.cat\/autor\/toni-llobet-francois\/","menu_order":0,"post_type":"autor","post_mime_type":"","comment_count":"0","filter":"raw"},{"ID":159348,"post_author":"3","post_date":"2022-10-14 15:44:07","post_date_gmt":"2022-10-14 13:44:07","post_content":"","post_title":"JOAN MALUQUER MARGALEF","post_excerpt":"","post_status":"publish","comment_status":"closed","ping_status":"closed","post_password":"","post_name":"joan-maluquer-margalef","to_ping":"","pinged":"","post_modified":"2022-10-14 15:44:07","post_modified_gmt":"2022-10-14 13:44:07","post_content_filtered":"","post_parent":0,"guid":"http:\/\/dev.claret.cat\/autor\/joan-maluquer-margalef\/","menu_order":0,"post_type":"autor","post_mime_type":"","comment_count":"0","filter":"raw"}]},"aioseo_notices":[],"_links":{"self":[{"href":"https:\/\/www.claret.cat\/es\/wp-json\/wp\/v2\/product\/137970","targetHints":{"allow":["GET"]}}],"collection":[{"href":"https:\/\/www.claret.cat\/es\/wp-json\/wp\/v2\/product"}],"about":[{"href":"https:\/\/www.claret.cat\/es\/wp-json\/wp\/v2\/types\/product"}],"wp:featuredmedia":[{"embeddable":true,"href":"https:\/\/www.claret.cat\/es\/wp-json\/wp\/v2\/media\/320428"}],"wp:attachment":[{"href":"https:\/\/www.claret.cat\/es\/wp-json\/wp\/v2\/media?parent=137970"}],"wp:term":[{"taxonomy":"product_brand","embeddable":true,"href":"https:\/\/www.claret.cat\/es\/wp-json\/wp\/v2\/product_brand?post=137970"},{"taxonomy":"product_cat","embeddable":true,"href":"https:\/\/www.claret.cat\/es\/wp-json\/wp\/v2\/product_cat?post=137970"},{"taxonomy":"product_tag","embeddable":true,"href":"https:\/\/www.claret.cat\/es\/wp-json\/wp\/v2\/product_tag?post=137970"}],"curies":[{"name":"wp","href":"https:\/\/api.w.org\/{rel}","templated":true}]}}