{"id":137997,"date":"2022-10-13T12:26:13","date_gmt":"2022-10-13T10:26:13","guid":{"rendered":"http:\/\/dev.claret.cat\/producte\/el-ultimo-dragon-y-otros-cuentos\/"},"modified":"2023-01-28T19:29:06","modified_gmt":"2023-01-28T18:29:06","slug":"el-ultimo-dragon-y-otros-cuentos-9788417651336","status":"publish","type":"product","link":"https:\/\/www.claret.cat\/es\/libro\/el-ultimo-dragon-y-otros-cuentos-9788417651336\/","title":{"rendered":"EL \u00daLTIMO DRAG\u00d3N Y OTROS CUENTOS"},"content":{"rendered":"<p>Este libro est\u00e1 repleto de dragones, algunos de ellos muy fieros y hambrientos capaces de comerse un ejercito de hipop\u00f3tamos. Otros, sin embargo, necesitados de amor y muy tiernos, aunque algo estrafalarios que solo esperan un gesto de cari\u00f1o. Tambi\u00e9n, vas a encontrar, ni\u00f1os y ni\u00f1as aventureros y muy curiosos capaces de convertirse en intr\u00e9pidos viajeros al polo norte en busca de dragones helados. Las princesas y pr\u00edncipes de estos cuentos, que tambi\u00e9n hay, no son nada \u00f1o\u00f1os y cursis, ya ver\u00e1s. Y hasta vas a encontrar un san Jorge, algo adormilado y con pocas ganas de batallar.<\/p>\n","protected":false},"excerpt":{"rendered":"<p>NESBIT, EDITH<\/p>\n","protected":false},"featured_media":137998,"template":"","meta":{"_acf_changed":false,"om_disable_all_campaigns":false,"rs_blank_template":"","rs_page_bg_color":"","slide_template_v7":"","inline_featured_image":false,"_monsterinsights_skip_tracking":false,"_monsterinsights_sitenote_active":false,"_monsterinsights_sitenote_note":"","_monsterinsights_sitenote_category":0},"product_brand":[],"product_cat":[86],"product_tag":[],"class_list":{"0":"post-137997","1":"product","2":"type-product","3":"status-publish","4":"has-post-thumbnail","6":"product_cat-infantil","8":"first","9":"instock","10":"taxable","11":"shipping-taxable","12":"purchasable","13":"product-type-simple"},"acf":{"autor":"NESBIT, EDITH","codart":"841765133","libros-coleccion":"N\u00f3rdica Infantil","ediciones":"1","encuadernacion":"R\u00fastica","fecha_de_publicacion":"01\/03\/2019","novedad":"1","paginas":"137","subtitulo":"","orden":"0","portada":"0","idioma":"spa","editorial":[{"ID":148581,"post_author":"3","post_date":"2022-10-14 11:59:22","post_date_gmt":"2022-10-14 09:59:22","post_content":"","post_title":"N\u00d3RDICA LIBROS","post_excerpt":"","post_status":"publish","comment_status":"closed","ping_status":"closed","post_password":"","post_name":"nordica-libros","to_ping":"","pinged":"","post_modified":"2022-10-14 11:59:22","post_modified_gmt":"2022-10-14 09:59:22","post_content_filtered":"","post_parent":0,"guid":"http:\/\/dev.claret.cat\/editorial\/nordica-libros\/","menu_order":0,"post_type":"editorial","post_mime_type":"","comment_count":"0","filter":"raw"}],"autores-libros":[{"ID":154511,"post_author":"3","post_date":"2022-10-14 15:05:23","post_date_gmt":"2022-10-14 13:05:23","post_content":"","post_title":"EDITH NESBIT","post_excerpt":"","post_status":"publish","comment_status":"closed","ping_status":"closed","post_password":"","post_name":"edith-nesbit","to_ping":"","pinged":"","post_modified":"2022-10-14 15:05:23","post_modified_gmt":"2022-10-14 13:05:23","post_content_filtered":"","post_parent":0,"guid":"http:\/\/dev.claret.cat\/autor\/edith-nesbit\/","menu_order":0,"post_type":"autor","post_mime_type":"","comment_count":"0","filter":"raw"}]},"aioseo_notices":[],"_links":{"self":[{"href":"https:\/\/www.claret.cat\/es\/wp-json\/wp\/v2\/product\/137997","targetHints":{"allow":["GET"]}}],"collection":[{"href":"https:\/\/www.claret.cat\/es\/wp-json\/wp\/v2\/product"}],"about":[{"href":"https:\/\/www.claret.cat\/es\/wp-json\/wp\/v2\/types\/product"}],"wp:featuredmedia":[{"embeddable":true,"href":"https:\/\/www.claret.cat\/es\/wp-json\/wp\/v2\/media\/137998"}],"wp:attachment":[{"href":"https:\/\/www.claret.cat\/es\/wp-json\/wp\/v2\/media?parent=137997"}],"wp:term":[{"taxonomy":"product_brand","embeddable":true,"href":"https:\/\/www.claret.cat\/es\/wp-json\/wp\/v2\/product_brand?post=137997"},{"taxonomy":"product_cat","embeddable":true,"href":"https:\/\/www.claret.cat\/es\/wp-json\/wp\/v2\/product_cat?post=137997"},{"taxonomy":"product_tag","embeddable":true,"href":"https:\/\/www.claret.cat\/es\/wp-json\/wp\/v2\/product_tag?post=137997"}],"curies":[{"name":"wp","href":"https:\/\/api.w.org\/{rel}","templated":true}]}}