{"id":13802,"date":"2022-10-01T22:16:08","date_gmt":"2022-10-01T20:16:08","guid":{"rendered":"http:\/\/dev.claret.cat\/producte\/la-vocacion-de-abuelos\/"},"modified":"2025-05-23T11:54:03","modified_gmt":"2025-05-23T09:54:03","slug":"la-vocacion-de-abuelos-9788490232774","status":"publish","type":"product","link":"https:\/\/www.claret.cat\/es\/libro\/la-vocacion-de-abuelos-9788490232774\/","title":{"rendered":"LA VOCACI\u00d3N DE ABUELOS"},"content":{"rendered":"<p>El presente temario sobre la vocaci\u00f3n de los abuelos. Est\u00e1 destinado, en primer lugar, a los equipos y grupos del Movimiento Familiar Cristiano, pero tambi\u00e9n ser\u00e1 de gran utilidad para los abuelos que en grupo o personalmente busquen una reflexi\u00f3n sobre su quehacer en esos a\u00f1os preciosos del atardecer de la vida y, especialmente, sobre la gran riqueza que pueden ofrecer a sus nietos, tan necesitados hoy de una presencia que los arraigue en su propia genealog\u00eda y cultura.<\/p>\n","protected":false},"excerpt":{"rendered":"<p>KIMBALL PABST, ROBERT \/ ZURBANO GARC\u00cdA, MAR\u00cdA DEL CARMEN<\/p>\n","protected":false},"featured_media":1023298,"template":"","meta":{"_acf_changed":false,"om_disable_all_campaigns":false,"rs_blank_template":"","rs_page_bg_color":"","slide_template_v7":"","inline_featured_image":false,"_monsterinsights_skip_tracking":false,"_monsterinsights_sitenote_active":false,"_monsterinsights_sitenote_note":"","_monsterinsights_sitenote_category":0},"product_brand":[],"product_cat":[90,540],"product_tag":[],"class_list":{"0":"post-13802","1":"product","2":"type-product","3":"status-publish","4":"has-post-thumbnail","6":"product_cat-altres","7":"product_cat-otros","9":"first","10":"outofstock","11":"taxable","12":"shipping-taxable","13":"purchasable","14":"product-type-simple"},"acf":{"autor":"KIMBALL PABST, ROBERT \/ ZURBANO GARC\u00cdA, MAR\u00cdA DEL CARMEN","codart":"849023277","libros-coleccion":"","ediciones":"1","encuadernacion":"R\u00fastica","fecha_de_publicacion":"01\/05\/2015","novedad":"0","paginas":"124","subtitulo":"","orden":"999","portada":"0","idioma":"spa","editorial":[{"ID":147943,"post_author":"3","post_date":"2022-10-14 11:54:25","post_date_gmt":"2022-10-14 09:54:25","post_content":"","post_title":"EDITORIAL CCS","post_excerpt":"","post_status":"publish","comment_status":"closed","ping_status":"closed","post_password":"","post_name":"editorial-ccs","to_ping":"","pinged":"","post_modified":"2022-10-14 11:54:25","post_modified_gmt":"2022-10-14 09:54:25","post_content_filtered":"","post_parent":0,"guid":"http:\/\/dev.claret.cat\/editorial\/editorial-ccs\/","menu_order":0,"post_type":"editorial","post_mime_type":"","comment_count":"0","filter":"raw"}],"autores-libros":[{"ID":168210,"post_author":"3","post_date":"2022-10-14 18:17:24","post_date_gmt":"2022-10-14 16:17:24","post_content":"","post_title":"ROBERT KIMBALL PABST","post_excerpt":"","post_status":"publish","comment_status":"closed","ping_status":"closed","post_password":"","post_name":"robert-kimball-pabst","to_ping":"","pinged":"","post_modified":"2022-10-14 18:17:24","post_modified_gmt":"2022-10-14 16:17:24","post_content_filtered":"","post_parent":0,"guid":"http:\/\/dev.claret.cat\/autor\/robert-kimball-pabst\/","menu_order":0,"post_type":"autor","post_mime_type":"","comment_count":"0","filter":"raw"},{"ID":163586,"post_author":"3","post_date":"2022-10-14 17:40:13","post_date_gmt":"2022-10-14 15:40:13","post_content":"","post_title":"MAR\u00cdA DEL CARMEN ZURBANO GARC\u00cdA","post_excerpt":"","post_status":"publish","comment_status":"closed","ping_status":"closed","post_password":"","post_name":"maria-del-carmen-zurbano-garcia","to_ping":"","pinged":"","post_modified":"2022-10-14 17:40:13","post_modified_gmt":"2022-10-14 15:40:13","post_content_filtered":"","post_parent":0,"guid":"http:\/\/dev.claret.cat\/autor\/maria-del-carmen-zurbano-garcia\/","menu_order":0,"post_type":"autor","post_mime_type":"","comment_count":"0","filter":"raw"}],"booktrailer":"","resenas":""},"aioseo_notices":[],"_links":{"self":[{"href":"https:\/\/www.claret.cat\/es\/wp-json\/wp\/v2\/product\/13802","targetHints":{"allow":["GET"]}}],"collection":[{"href":"https:\/\/www.claret.cat\/es\/wp-json\/wp\/v2\/product"}],"about":[{"href":"https:\/\/www.claret.cat\/es\/wp-json\/wp\/v2\/types\/product"}],"wp:featuredmedia":[{"embeddable":true,"href":"https:\/\/www.claret.cat\/es\/wp-json\/wp\/v2\/media\/1023298"}],"wp:attachment":[{"href":"https:\/\/www.claret.cat\/es\/wp-json\/wp\/v2\/media?parent=13802"}],"wp:term":[{"taxonomy":"product_brand","embeddable":true,"href":"https:\/\/www.claret.cat\/es\/wp-json\/wp\/v2\/product_brand?post=13802"},{"taxonomy":"product_cat","embeddable":true,"href":"https:\/\/www.claret.cat\/es\/wp-json\/wp\/v2\/product_cat?post=13802"},{"taxonomy":"product_tag","embeddable":true,"href":"https:\/\/www.claret.cat\/es\/wp-json\/wp\/v2\/product_tag?post=13802"}],"curies":[{"name":"wp","href":"https:\/\/api.w.org\/{rel}","templated":true}]}}